{"id":16403,"date":"2024-04-26T14:29:53","date_gmt":"2024-04-26T12:29:53","guid":{"rendered":"https:\/\/www.raschvin.com\/vare\/dictador-rum-aged-20-years\/"},"modified":"2026-04-14T18:56:46","modified_gmt":"2026-04-14T16:56:46","slug":"dictador-rum-aged-20-years","status":"publish","type":"product","link":"https:\/\/www.raschvin.com\/sv\/produkt\/dictador-rum-aged-20-years\/","title":{"rendered":"Dictador Reserva Ic\u00f3nica 20 (D20) 70 cl. 40%"},"content":{"rendered":"<p data-start=\"962\" data-end=\"1313\">Dictador 20 \u00e4r en uts\u00f6kt rom som bjuder p\u00e5 en storslagen smakupplevelse. Den produceras i Cartagena de Indias vid den karibiska kusten av tredje generationen i familjen Parra. Dictadors Master Blender, Hernan Parra Arrango, har f\u00f6rfinat sitt hantverk f\u00f6r att skapa en unik blandning av rom som lagrats fr\u00e5n sju \u00e5r upp till tv\u00e5 decennier.<\/p>\n<p data-start=\"1315\" data-end=\"1507\">I doften m\u00f6ts du av mjuka toner av karamell och vanilj, kombinerat med r\u00f6kt honung, toffee, torra fr\u00f6n och rostat kaffe. D\u00e4r finns ocks\u00e5 en rik och rund ekkarakt\u00e4r som full\u00e4ndar doftintrycket.<\/p>\n<p data-start=\"1509\" data-end=\"1705\">P\u00e5 gommen \u00e4r Dictador 20 mjuk och rund med en n\u00f6taktig eftersmak. Du k\u00e4nner smaker av mjuk karamell, vanilj, kakao och rostad honung, som tillsammans skapar en harmonisk och fyllig smakupplevelse.<\/p>\n<p data-start=\"1707\" data-end=\"1832\">Avslutningen \u00e4r komplex och bjuder p\u00e5 en ovanligt elegant textur med inslag av citrus och fattoner som ger en l\u00e5ng eftersmak.<\/p>\n","protected":false},"excerpt":{"rendered":"<p>Colombian Rum<\/p>\n","protected":false},"featured_media":121773,"template":"","meta":{"_acf_changed":false,"rs_blank_template":"","rs_page_bg_color":"","slide_template_v7":""},"product_brand":[],"product_cat":[2387,4634,2391],"product_tag":[],"class_list":{"0":"post-16403","1":"product","2":"type-product","3":"status-publish","4":"has-post-thumbnail","6":"product_cat-avec-sv","7":"product_cat-premium-aged-sv","8":"product_cat-rom-sv","9":"pa_land-colombia-sv","10":"pa_procent-40-sv-2","11":"pa_producent-dictador-destileria-colombiana-sv","12":"pa_volume-70-sv-2","14":"first","15":"instock","16":"sale","17":"taxable","18":"shipping-taxable","19":"purchasable","20":"product-type-simple"},"bundled_by":[],"bundle_stock_status":"instock","bundle_stock_quantity":null,"bundle_virtual":false,"bundle_layout":"","bundle_add_to_cart_form_location":"","bundle_editable_in_cart":false,"bundle_sold_individually_context":"","bundle_item_grouping":"","bundle_min_size":"","bundle_max_size":"","bundle_price":[],"bundled_items":[],"bundle_sell_ids":[],"acf":[],"_links":{"self":[{"href":"https:\/\/www.raschvin.com\/sv\/wp-json\/wp\/v2\/product\/16403","targetHints":{"allow":["GET"]}}],"collection":[{"href":"https:\/\/www.raschvin.com\/sv\/wp-json\/wp\/v2\/product"}],"about":[{"href":"https:\/\/www.raschvin.com\/sv\/wp-json\/wp\/v2\/types\/product"}],"wp:featuredmedia":[{"embeddable":true,"href":"https:\/\/www.raschvin.com\/sv\/wp-json\/wp\/v2\/media\/121773"}],"wp:attachment":[{"href":"https:\/\/www.raschvin.com\/sv\/wp-json\/wp\/v2\/media?parent=16403"}],"wp:term":[{"taxonomy":"product_brand","embeddable":true,"href":"https:\/\/www.raschvin.com\/sv\/wp-json\/wp\/v2\/product_brand?post=16403"},{"taxonomy":"product_cat","embeddable":true,"href":"https:\/\/www.raschvin.com\/sv\/wp-json\/wp\/v2\/product_cat?post=16403"},{"taxonomy":"product_tag","embeddable":true,"href":"https:\/\/www.raschvin.com\/sv\/wp-json\/wp\/v2\/product_tag?post=16403"}],"curies":[{"name":"wp","href":"https:\/\/api.w.org\/{rel}","templated":true}]}}