{"id":16393,"date":"2022-05-30T09:45:32","date_gmt":"2022-05-30T07:45:32","guid":{"rendered":"https:\/\/www.raschvin.com\/vare\/tequila-rose\/"},"modified":"2022-12-09T16:06:48","modified_gmt":"2022-12-09T15:06:48","slug":"tequila-rose","status":"publish","type":"product","link":"https:\/\/www.raschvin.com\/sv\/produkt\/tequila-rose\/","title":{"rendered":"Tequila Rose Strawberry Cream 70 cl. 15%"},"content":{"rendered":"<p>Tequila Rose \u00e4r den ursprungliga jordgubbe Cream Herre. Kombinera tequila med jordgubbskr\u00e4m var en dj\u00e4rv innovation, den f\u00f6rsta drinken i sin sort, parad gr\u00e4dde med n\u00e5got annat \u00e4n irl\u00e4ndsk whisky. Exotisk. Ov\u00e4ntat. Uts\u00f6kt. \u00d6ver tjugo \u00e5r senare \u00e4r Tequila Rose fortfarande v\u00e4rldens b\u00e4sts\u00e4ljande jordgubbar och var den inspiration som banade v\u00e4gen f\u00f6r de unika kr\u00e4mer som har f\u00f6ljt.<\/p>\n<p>Tequila Rose \u00e4r en silkeslen mjuk parning av rik jordgubbe kr\u00e4m och den sp\u00e4nnande biten av tequila. Det tr\u00e4ffar den perfekta tonen varje g\u00e5ng, oavsett om du f\u00f6redrar s\u00f6t eller f\u00f6rf\u00f6risk. Or\u00e4dd eller roligt. Frodigt eller ljust hj\u00e4rta.<br \/>\nMed sin eleganta design och de lekfulla detaljerna \u00e4r Tequila Rose den &#8221;sm\u00e5 svarta kl\u00e4nningen&#8221; av creme lik\u00f6rer. Fed Black Glass h\u00e5ller ljuset ut f\u00f6r att s\u00e4kerst\u00e4lla friskhet och smak, medan gl\u00e4nsande silverrosor och rosa jordgubbar f\u00e5r den h\u00e4r flaskan att lysa p\u00e5 hyllan. Det \u00e4r en tidl\u00f6s och lockande klassiker.<\/p>\n<p>Tequila Rose serveras b\u00e4st som ett kylt skott, men det finns otaliga s\u00e4tt att f\u00e5 din ros. Blanda det fr\u00e5n l\u00e4ckra cocktails f\u00f6r vuxna milkshakes, eller anv\u00e4nd den f\u00f6r att l\u00e4gga till en enkel jordgubbspark f\u00f6r kakor, kaffe eller kakao. Tequila Rose \u00e4r lika m\u00e5ngsidig som den \u00e4r uts\u00f6kt.<\/p>\n","protected":false},"excerpt":{"rendered":"<p>Strawberry Cream Liqueur With A Splash Of Tequila <\/p>\n","protected":false},"featured_media":4626,"template":"","meta":{"_acf_changed":false,"rs_blank_template":"","rs_page_bg_color":"","slide_template_v7":""},"product_brand":[],"product_cat":[2387,4673,2390],"product_tag":[],"class_list":{"0":"post-16393","1":"product","2":"type-product","3":"status-publish","4":"has-post-thumbnail","6":"product_cat-avec-sv","7":"product_cat-creme-sv","8":"product_cat-sprit","9":"pa_land-usa-sv","10":"pa_procent-15-sv","11":"pa_producent-tequila-rose-distilling-co-sv","12":"pa_region-missouri-weston-sv","13":"pa_volume-70-sv-2","15":"first","16":"instock","17":"sale","18":"taxable","19":"shipping-taxable","20":"purchasable","21":"product-type-simple"},"bundled_by":[],"bundle_stock_status":"instock","bundle_stock_quantity":null,"bundle_virtual":false,"bundle_layout":"","bundle_add_to_cart_form_location":"","bundle_editable_in_cart":false,"bundle_sold_individually_context":"","bundle_item_grouping":"","bundle_min_size":"","bundle_max_size":"","bundle_price":[],"bundled_items":[],"bundle_sell_ids":[],"acf":[],"_links":{"self":[{"href":"https:\/\/www.raschvin.com\/sv\/wp-json\/wp\/v2\/product\/16393","targetHints":{"allow":["GET"]}}],"collection":[{"href":"https:\/\/www.raschvin.com\/sv\/wp-json\/wp\/v2\/product"}],"about":[{"href":"https:\/\/www.raschvin.com\/sv\/wp-json\/wp\/v2\/types\/product"}],"wp:featuredmedia":[{"embeddable":true,"href":"https:\/\/www.raschvin.com\/sv\/wp-json\/wp\/v2\/media\/4626"}],"wp:attachment":[{"href":"https:\/\/www.raschvin.com\/sv\/wp-json\/wp\/v2\/media?parent=16393"}],"wp:term":[{"taxonomy":"product_brand","embeddable":true,"href":"https:\/\/www.raschvin.com\/sv\/wp-json\/wp\/v2\/product_brand?post=16393"},{"taxonomy":"product_cat","embeddable":true,"href":"https:\/\/www.raschvin.com\/sv\/wp-json\/wp\/v2\/product_cat?post=16393"},{"taxonomy":"product_tag","embeddable":true,"href":"https:\/\/www.raschvin.com\/sv\/wp-json\/wp\/v2\/product_tag?post=16393"}],"curies":[{"name":"wp","href":"https:\/\/api.w.org\/{rel}","templated":true}]}}