{"id":16392,"date":"2022-05-30T09:45:32","date_gmt":"2022-05-30T07:45:32","guid":{"rendered":"https:\/\/www.raschvin.com\/vare\/strega-liqueur-70-cl\/"},"modified":"2022-12-07T15:24:54","modified_gmt":"2022-12-07T14:24:54","slug":"strega-liqueur-70-cl","status":"publish","type":"product","link":"https:\/\/www.raschvin.com\/sv\/produkt\/strega-liqueur-70-cl\/","title":{"rendered":"Strega Liqueur 70 cl. 40%"},"content":{"rendered":"<p>Liquore Strega \u00e4r f\u00f6rmodligen Italiens \u00e4ldsta och mest k\u00e4nda lik\u00f6r. Det ursprungliga receptet med de korrekta blandningsf\u00f6rh\u00e5llandena har g\u00e5tt i arv fr\u00e5n generation till generation. \u00d6ver 70 olika aromer fr\u00e5n \u00f6rter runt hela v\u00e4rlden \u00e4r en del av receptet. Till exempel. anv\u00e4nde f\u00f6ljande \u00f6rter; Kanel fr\u00e5n Ceylon, peppar fr\u00e5n Jamaica och Juniper fr\u00e5n Appenines Mountains. Efter bl\u00f6tl\u00e4ggning destilleras de m\u00e5nga \u00f6rter blandningen. Destillatet s\u00e4nks ner till 40%, med socker, sirap och en liten bit av saffran, vilket ger lik\u00f6ren den klara, gula f\u00e4rgen. Slutligen lagras destillatet p\u00e5 stora skogar.<\/p>\n<p>Det kan serveras med isbitar, is och frukttr\u00e4der eller \u00f6ver desserten sj\u00e4lv.<\/p>\n<p>70 cl.\/40%<\/p>\n<p>F\u00f6rslag:<br \/>\nSea h\u00e4xa.<br \/>\n&#8211; 2 cl. LIKORE STREGA<br \/>\n&#8211; 1 cl. Bl\u00e5 Curacao.<br \/>\n&#8211; 3 cl. Spumante.<br \/>\nBlanda och servera med isbitar.<\/p>\n<p>Den lilla s\u00f6dra italienska staden Benevento, som har tillh\u00f6rt Vatikanen i Rom, var enligt en gammal legend, plats f\u00f6r h\u00e4xor runt om i v\u00e4rlden. \u00c5r 1860 grundade Giuseppe Alberti sitt f\u00f6retag i staden och tog \u00f6ver ett hemligt recept fr\u00e5n det lokala klostret, som han i samarbete med sin far vidareutvecklades. Vi vet om den legenden de valde att ringa sin produkt f\u00f6r Liquore Strega, som p\u00e5 italienska betyder hex materia.<\/p>\n","protected":false},"excerpt":{"rendered":"<p>Italian Classic Herb Liqueur<\/p>\n","protected":false},"featured_media":4616,"template":"","meta":{"_acf_changed":false,"rs_blank_template":"","rs_page_bg_color":"","slide_template_v7":""},"product_brand":[],"product_cat":[2387,4714,2390],"product_tag":[],"class_list":{"0":"post-16392","1":"product","2":"type-product","3":"status-publish","4":"has-post-thumbnail","6":"product_cat-avec-sv","7":"product_cat-ort","8":"product_cat-sprit","9":"pa_land-italien-sv","10":"pa_procent-40-sv-2","11":"pa_producent-strega-alberti-benevento-sv","12":"pa_volume-70-sv-2","14":"first","15":"instock","16":"taxable","17":"shipping-taxable","18":"purchasable","19":"product-type-simple"},"bundled_by":[],"bundle_stock_status":"instock","bundle_stock_quantity":null,"bundle_virtual":false,"bundle_layout":"","bundle_add_to_cart_form_location":"","bundle_editable_in_cart":false,"bundle_sold_individually_context":"","bundle_item_grouping":"","bundle_min_size":"","bundle_max_size":"","bundle_price":[],"bundled_items":[],"bundle_sell_ids":[],"acf":[],"_links":{"self":[{"href":"https:\/\/www.raschvin.com\/sv\/wp-json\/wp\/v2\/product\/16392","targetHints":{"allow":["GET"]}}],"collection":[{"href":"https:\/\/www.raschvin.com\/sv\/wp-json\/wp\/v2\/product"}],"about":[{"href":"https:\/\/www.raschvin.com\/sv\/wp-json\/wp\/v2\/types\/product"}],"wp:featuredmedia":[{"embeddable":true,"href":"https:\/\/www.raschvin.com\/sv\/wp-json\/wp\/v2\/media\/4616"}],"wp:attachment":[{"href":"https:\/\/www.raschvin.com\/sv\/wp-json\/wp\/v2\/media?parent=16392"}],"wp:term":[{"taxonomy":"product_brand","embeddable":true,"href":"https:\/\/www.raschvin.com\/sv\/wp-json\/wp\/v2\/product_brand?post=16392"},{"taxonomy":"product_cat","embeddable":true,"href":"https:\/\/www.raschvin.com\/sv\/wp-json\/wp\/v2\/product_cat?post=16392"},{"taxonomy":"product_tag","embeddable":true,"href":"https:\/\/www.raschvin.com\/sv\/wp-json\/wp\/v2\/product_tag?post=16392"}],"curies":[{"name":"wp","href":"https:\/\/api.w.org\/{rel}","templated":true}]}}