{"id":16390,"date":"2022-05-30T09:45:32","date_gmt":"2022-05-30T07:45:32","guid":{"rendered":"https:\/\/www.raschvin.com\/vare\/sheridans-70-cl\/"},"modified":"2022-12-06T20:13:09","modified_gmt":"2022-12-06T19:13:09","slug":"sheridans-70-cl","status":"publish","type":"product","link":"https:\/\/www.raschvin.com\/sv\/produkt\/sheridans-70-cl\/","title":{"rendered":"Sheridan\u2019s 50 cl. 15,5%"},"content":{"rendered":"<p>Sheridans lik\u00f6r introducerades 1994 och producerades i Dublin av f\u00f6retaget Thomas Sheridan &#038; Sons. Tanken kommer ursprungligen fr\u00e5n Pat Rigby (ansvarig f\u00f6r forskning och utveckling vid Bailey), som p\u00e5 80-talet trodde att det var dags att expandera sortimentet med en annan produkt. Produktionen startade 1989 i nya lokaler som kostar mer \u00e4n 20 miljoner sek. Det var ett italienskt f\u00f6retag som utvecklade flaskans unika design. Idag gjordes det i England och i Frankrike.<\/p>\n<p>Sheridans ursprungliga dubbel \u00e4r en irl\u00e4ndsk whiskelikor med &#8221;tv\u00e5 flaskor i en&#8221;. I ett finns kaffe och chokladluorescerande och i den andra gr\u00e4dden och r\u00e4nnan. De tv\u00e5 separata munnen \u00e4r b\u00e5de en smak och en visuell upplevelse.<\/p>\n<p>Sheridans ursprungliga dubbeld\u00f6rr \u00e4r underbart s\u00f6t och kr\u00e4mig. Dofter med tips av choklad, kaffe och kr\u00e4mkaramelll. Det tj\u00e4nar f\u00f6rdelaktigt som en avec, v\u00e4lkyld eller som en ingrediens i kaffedryck.<\/p>\n","protected":false},"excerpt":{"rendered":"<p>Coffee Layerd Liqueur<\/p>\n","protected":false},"featured_media":4593,"template":"","meta":{"_acf_changed":false,"rs_blank_template":"","rs_page_bg_color":"","slide_template_v7":""},"product_brand":[],"product_cat":[2387,4673,4684,2390],"product_tag":[],"class_list":{"0":"post-16390","1":"product","2":"type-product","3":"status-publish","4":"has-post-thumbnail","6":"product_cat-avec-sv","7":"product_cat-creme-sv","8":"product_cat-kaffelikor","9":"product_cat-sprit","10":"pa_land-irland-sv","11":"pa_procent-15-5-sv","12":"pa_producent-thomas-sheridan-sons-sv","13":"pa_volume-50-sv","15":"first","16":"instock","17":"taxable","18":"shipping-taxable","19":"purchasable","20":"product-type-simple"},"bundled_by":[],"bundle_stock_status":"instock","bundle_stock_quantity":null,"bundle_virtual":false,"bundle_layout":"","bundle_add_to_cart_form_location":"","bundle_editable_in_cart":false,"bundle_sold_individually_context":"","bundle_item_grouping":"","bundle_min_size":"","bundle_max_size":"","bundle_price":[],"bundled_items":[],"bundle_sell_ids":[],"acf":[],"_links":{"self":[{"href":"https:\/\/www.raschvin.com\/sv\/wp-json\/wp\/v2\/product\/16390","targetHints":{"allow":["GET"]}}],"collection":[{"href":"https:\/\/www.raschvin.com\/sv\/wp-json\/wp\/v2\/product"}],"about":[{"href":"https:\/\/www.raschvin.com\/sv\/wp-json\/wp\/v2\/types\/product"}],"wp:featuredmedia":[{"embeddable":true,"href":"https:\/\/www.raschvin.com\/sv\/wp-json\/wp\/v2\/media\/4593"}],"wp:attachment":[{"href":"https:\/\/www.raschvin.com\/sv\/wp-json\/wp\/v2\/media?parent=16390"}],"wp:term":[{"taxonomy":"product_brand","embeddable":true,"href":"https:\/\/www.raschvin.com\/sv\/wp-json\/wp\/v2\/product_brand?post=16390"},{"taxonomy":"product_cat","embeddable":true,"href":"https:\/\/www.raschvin.com\/sv\/wp-json\/wp\/v2\/product_cat?post=16390"},{"taxonomy":"product_tag","embeddable":true,"href":"https:\/\/www.raschvin.com\/sv\/wp-json\/wp\/v2\/product_tag?post=16390"}],"curies":[{"name":"wp","href":"https:\/\/api.w.org\/{rel}","templated":true}]}}