{"id":16389,"date":"2022-05-30T09:45:32","date_gmt":"2022-05-30T07:45:32","guid":{"rendered":"https:\/\/www.raschvin.com\/vare\/safari\/"},"modified":"2022-12-06T09:22:34","modified_gmt":"2022-12-06T08:22:34","slug":"safari","status":"publish","type":"product","link":"https:\/\/www.raschvin.com\/sv\/produkt\/safari\/","title":{"rendered":"Safari 70 cl. 20%"},"content":{"rendered":"<p>Safari Exotisk fruktsmakad lik\u00f6r \u00e4r en lik\u00f6r som g\u00f6rs av olika tropiska frukter som ger en exotisk smaker i en unik harmoni. Det \u00e4r utm\u00e4rkt som en bas f\u00f6r cocktails eller blandade drycker, men kan ocks\u00e5 avnjutas underbart ren.<\/p>\n<p>En exotisk smak<\/p>\n<p>Mango, papaya, passionfrukt och olika citrusfrukter finns i safari exotisk fruktsmakad lik\u00f6r. Det \u00e4r en anl\u00e4ggning att blanda dem harmoniskt och presentera dem underbart balanserade. Men denna speciella uppn\u00e5s med den exotiska lik\u00f6ren som produceras i Nederl\u00e4nderna. Redan i doften visar det sina olika fruktiga anteckningar som \u00e4r n\u00e4rvarande, men alltid perfekt balanserade. S\u00f6tsj\u00f6ns s\u00f6tma \u00e4r till exempel i perfekt harmoni med syr-tart citrus anteckningar. Det exotiska intrycket forts\u00e4tter i gommen. Safari Exotisk fruktsmakad lik\u00f6r \u00e4r mild, mjuk och kr\u00e4mig med 20 volymprocent &#8211; s\u00e4rskilt Mango och Orange imponerar med sina harmoniska och balanserade f\u00f6rh\u00e5llanden. Finalen \u00e4r l\u00e5ng, s\u00f6t och full av fruktaromer.<\/p>\n<p>Den ljusa orange tonen i den kr\u00e4miga droppen ger en estetisk smak av dess fertilitet. Den eleganta designen av flaskan ser ocks\u00e5 bra ut och \u00e4r ocks\u00e5 en idealisk presentid\u00e9.<\/p>\n<p>Tack vare sin mildhet finns det inga gr\u00e4nser f\u00f6r kreativitet n\u00e4r man serverar exotisk fruktsmak med lik\u00f6r. Renad fruktbj\u00f6rn \u00e4r en fruktig upplevelse. Dessutom kan den anv\u00e4ndas underbart f\u00f6r ett brett utbud av drycker. Var kreativ och server lik\u00f6r, till exempel f\u00f6r g\u00e4ster p\u00e5 en mysig samh\u00f6righet eller som aperitif inom en gemensam middag.<\/p>\n<p>Den perfekta ingrediensen f\u00f6r kreativa drycker<br \/>\nSom en del av l\u00e5nga drycker eller cocktails \u00e4r den exotiska och sp\u00e4nnande fruktledningen idealisk. Det kan avnjutas med olika sprit, men \u00e4r ocks\u00e5 v\u00e4lsmakande och sp\u00e4nnande n\u00e4r de kombineras med l\u00e4skedrycker. Om du vill f\u00f6rsvaga den s\u00f6ta lilla, kan du l\u00e4gga till lite vodka. Kombinerat med mousserande vin resulterar detta i en utm\u00e4rkt aperitif och tillsammans med apelsinjuice en utm\u00e4rkt l\u00e5ng drink &#8211; en extremt m\u00e5ngsidig lik\u00f6r f\u00f6r n\u00e4stan alla l\u00e4genheter.<\/p>\n","protected":false},"excerpt":{"rendered":"<p>Exotic Fruit Flavored Liqueur<\/p>\n","protected":false},"featured_media":4586,"template":"","meta":{"_acf_changed":false,"rs_blank_template":"","rs_page_bg_color":"","slide_template_v7":""},"product_brand":[],"product_cat":[2387,2390,4670],"product_tag":[],"class_list":{"0":"post-16389","1":"product","2":"type-product","3":"status-publish","4":"has-post-thumbnail","6":"product_cat-avec-sv","7":"product_cat-sprit","8":"product_cat-frukt","9":"pa_land-nederlaenderna","10":"pa_procent-20-sv","11":"pa_volume-70-sv-2","13":"first","14":"instock","15":"taxable","16":"shipping-taxable","17":"purchasable","18":"product-type-simple"},"bundled_by":[],"bundle_stock_status":"instock","bundle_stock_quantity":null,"bundle_virtual":false,"bundle_layout":"","bundle_add_to_cart_form_location":"","bundle_editable_in_cart":false,"bundle_sold_individually_context":"","bundle_item_grouping":"","bundle_min_size":"","bundle_max_size":"","bundle_price":[],"bundled_items":[],"bundle_sell_ids":[],"acf":[],"_links":{"self":[{"href":"https:\/\/www.raschvin.com\/sv\/wp-json\/wp\/v2\/product\/16389","targetHints":{"allow":["GET"]}}],"collection":[{"href":"https:\/\/www.raschvin.com\/sv\/wp-json\/wp\/v2\/product"}],"about":[{"href":"https:\/\/www.raschvin.com\/sv\/wp-json\/wp\/v2\/types\/product"}],"wp:featuredmedia":[{"embeddable":true,"href":"https:\/\/www.raschvin.com\/sv\/wp-json\/wp\/v2\/media\/4586"}],"wp:attachment":[{"href":"https:\/\/www.raschvin.com\/sv\/wp-json\/wp\/v2\/media?parent=16389"}],"wp:term":[{"taxonomy":"product_brand","embeddable":true,"href":"https:\/\/www.raschvin.com\/sv\/wp-json\/wp\/v2\/product_brand?post=16389"},{"taxonomy":"product_cat","embeddable":true,"href":"https:\/\/www.raschvin.com\/sv\/wp-json\/wp\/v2\/product_cat?post=16389"},{"taxonomy":"product_tag","embeddable":true,"href":"https:\/\/www.raschvin.com\/sv\/wp-json\/wp\/v2\/product_tag?post=16389"}],"curies":[{"name":"wp","href":"https:\/\/api.w.org\/{rel}","templated":true}]}}