{"id":16386,"date":"2022-05-30T09:45:32","date_gmt":"2022-05-30T07:45:32","guid":{"rendered":"https:\/\/www.raschvin.com\/vare\/pimms-n1\/"},"modified":"2022-11-30T19:36:23","modified_gmt":"2022-11-30T18:36:23","slug":"pimms-n1","status":"publish","type":"product","link":"https:\/\/www.raschvin.com\/sv\/produkt\/pimms-n1\/","title":{"rendered":"Pimm&#8217;s N\u00b01 70 cl. 25%"},"content":{"rendered":"<p>Den ursprungliga Pimms No.1 Cup \u00e4r en ginbaserad lik\u00f6r med en fruktig smak, gjord av ett hemligt recept som infusar gin med en k\u00e4nslig kombination av herbotanik, karamellliserade apelsin och varma kryddor.<\/p>\n<p>Ursprungligen blandad av James PIMM som hj\u00e4lp med digestion av ostron 1840, skickades PIMS till soldater i Empires ytterkant av Queen Victoria luncher och slutade debutera i Wimbledon 1971.<\/p>\n<p>Pimms ursprungliga nr 1 Gin lik\u00f6r \u00e4r en lik\u00f6r som \u00e4r baserad p\u00e5 gin. Den har en m\u00f6rk tef\u00e4rg med en r\u00f6daktig sk\u00e4rning och en smak av kryddor och citrusfrukter. Pimms ursprungliga nr 1 Gin lik\u00f6r blandas ofta &#8221;engelsk-stil&#8221; med limonad, liksom olika hackade f\u00e4rska produkter. H\u00e4r anv\u00e4nds \u00e4pplen, gurka, apelsiner, citroner, jordgubbar eller mint. Pimms ursprungliga nr 1 Gin lik\u00f6r kan ocks\u00e5 blandas med champagne eller annat mousserande vitt vin. Denna cocktail kallas en &#8221;Pimms Royal Cup&#8221;. Pimms ursprungliga nr 1 Gin lik\u00f6r kan serveras som en ingrediens i cocktails eller ren p\u00e5 is.<\/p>\n<p>Du hittar fortfarande Pimms stolthet p\u00e5 Wimbledon samt m\u00e5nga ikoniska kulturella evenemang n\u00e4r allt \u00e4r till Pimms guide f\u00f6r den brittiska sommaren!<\/p>\n","protected":false},"excerpt":{"rendered":"<p>The Original N\u00b01 Cup &#8211; Produced In Great Britain <\/p>\n","protected":false},"featured_media":30596,"template":"","meta":{"_acf_changed":false,"rs_blank_template":"","rs_page_bg_color":"","slide_template_v7":""},"product_brand":[],"product_cat":[2387,4708,2390],"product_tag":[],"class_list":{"0":"post-16386","1":"product","2":"type-product","3":"status-publish","4":"has-post-thumbnail","6":"product_cat-avec-sv","7":"product_cat-ginlikor","8":"product_cat-sprit","9":"pa_land-england-sv","10":"pa_procent-25-sv","11":"pa_producent-the-pimms-company-sv-2","12":"pa_volume-70-sv-2","14":"first","15":"instock","16":"taxable","17":"shipping-taxable","18":"purchasable","19":"product-type-simple"},"bundled_by":[],"bundle_stock_status":"instock","bundle_stock_quantity":null,"bundle_virtual":false,"bundle_layout":"","bundle_add_to_cart_form_location":"","bundle_editable_in_cart":false,"bundle_sold_individually_context":"","bundle_item_grouping":"","bundle_min_size":"","bundle_max_size":"","bundle_price":[],"bundled_items":[],"bundle_sell_ids":[],"acf":[],"_links":{"self":[{"href":"https:\/\/www.raschvin.com\/sv\/wp-json\/wp\/v2\/product\/16386","targetHints":{"allow":["GET"]}}],"collection":[{"href":"https:\/\/www.raschvin.com\/sv\/wp-json\/wp\/v2\/product"}],"about":[{"href":"https:\/\/www.raschvin.com\/sv\/wp-json\/wp\/v2\/types\/product"}],"wp:featuredmedia":[{"embeddable":true,"href":"https:\/\/www.raschvin.com\/sv\/wp-json\/wp\/v2\/media\/30596"}],"wp:attachment":[{"href":"https:\/\/www.raschvin.com\/sv\/wp-json\/wp\/v2\/media?parent=16386"}],"wp:term":[{"taxonomy":"product_brand","embeddable":true,"href":"https:\/\/www.raschvin.com\/sv\/wp-json\/wp\/v2\/product_brand?post=16386"},{"taxonomy":"product_cat","embeddable":true,"href":"https:\/\/www.raschvin.com\/sv\/wp-json\/wp\/v2\/product_cat?post=16386"},{"taxonomy":"product_tag","embeddable":true,"href":"https:\/\/www.raschvin.com\/sv\/wp-json\/wp\/v2\/product_tag?post=16386"}],"curies":[{"name":"wp","href":"https:\/\/api.w.org\/{rel}","templated":true}]}}