{"id":16383,"date":"2022-05-30T09:44:01","date_gmt":"2022-05-30T07:44:01","guid":{"rendered":"https:\/\/www.raschvin.com\/vare\/minttu-choco\/"},"modified":"2022-11-27T13:46:32","modified_gmt":"2022-11-27T12:46:32","slug":"minttu-choco","status":"publish","type":"product","link":"https:\/\/www.raschvin.com\/sv\/produkt\/minttu-choco\/","title":{"rendered":"Minttu Choco 50 cl. 35%"},"content":{"rendered":"<p>Med en l\u00e4cker smak av choklad<\/p>\n<p>Minttu med varm choklad, \u00e4ven k\u00e4nd som Minttu-Kaakao, \u00e4r den mest k\u00e4nda Aftersski-drycken i Norden, s\u00e5 det var v\u00e4ldigt naturligt att krydda original Minttu Pepparmint med en smak av choklad. Eureka &#8211; Minttu Choco f\u00f6ddes!<\/p>\n<p>Denna kompatibla och f\u00e4rska kombination kommer att gl\u00e4dja alla choklad\u00e4lskare &#8211; kan n\u00e5gon motst\u00e5 det?<\/p>\n<p>Alla minttu-lik\u00f6rer \u00e4r vegan och produceras p\u00e5 en koldioxidneutral fabrik i \u00c5bo, s\u00f6dra Finland.<\/p>\n","protected":false},"excerpt":{"rendered":"<p>The Legendary Mint Shot From Finland<\/p>\n","protected":false},"featured_media":4529,"template":"","meta":{"_acf_changed":false,"rs_blank_template":"","rs_page_bg_color":"","slide_template_v7":""},"product_brand":[],"product_cat":[2387,4676,2407,2390,2402],"product_tag":[],"class_list":{"0":"post-16383","1":"product","2":"type-product","3":"status-publish","4":"has-post-thumbnail","6":"product_cat-avec-sv","7":"product_cat-choklad","8":"product_cat-shots-sv","9":"product_cat-sprit","10":"product_cat-sprit-sv","11":"pa_land-finland-sv","12":"pa_procent-35-sv","13":"pa_producent-altia-pernod-ricard-sv","14":"pa_region-turku-sv","15":"pa_volume-50-sv","17":"first","18":"instock","19":"taxable","20":"shipping-taxable","21":"purchasable","22":"product-type-simple"},"bundled_by":[],"bundle_stock_status":"instock","bundle_stock_quantity":null,"bundle_virtual":false,"bundle_layout":"","bundle_add_to_cart_form_location":"","bundle_editable_in_cart":false,"bundle_sold_individually_context":"","bundle_item_grouping":"","bundle_min_size":"","bundle_max_size":"","bundle_price":[],"bundled_items":[],"bundle_sell_ids":[],"acf":[],"_links":{"self":[{"href":"https:\/\/www.raschvin.com\/sv\/wp-json\/wp\/v2\/product\/16383","targetHints":{"allow":["GET"]}}],"collection":[{"href":"https:\/\/www.raschvin.com\/sv\/wp-json\/wp\/v2\/product"}],"about":[{"href":"https:\/\/www.raschvin.com\/sv\/wp-json\/wp\/v2\/types\/product"}],"wp:featuredmedia":[{"embeddable":true,"href":"https:\/\/www.raschvin.com\/sv\/wp-json\/wp\/v2\/media\/4529"}],"wp:attachment":[{"href":"https:\/\/www.raschvin.com\/sv\/wp-json\/wp\/v2\/media?parent=16383"}],"wp:term":[{"taxonomy":"product_brand","embeddable":true,"href":"https:\/\/www.raschvin.com\/sv\/wp-json\/wp\/v2\/product_brand?post=16383"},{"taxonomy":"product_cat","embeddable":true,"href":"https:\/\/www.raschvin.com\/sv\/wp-json\/wp\/v2\/product_cat?post=16383"},{"taxonomy":"product_tag","embeddable":true,"href":"https:\/\/www.raschvin.com\/sv\/wp-json\/wp\/v2\/product_tag?post=16383"}],"curies":[{"name":"wp","href":"https:\/\/api.w.org\/{rel}","templated":true}]}}