{"id":16382,"date":"2025-07-23T12:28:01","date_gmt":"2025-07-23T10:28:01","guid":{"rendered":"https:\/\/www.raschvin.com\/vare\/minttu-original-peppermint-50\/"},"modified":"2025-07-23T12:31:52","modified_gmt":"2025-07-23T10:31:52","slug":"minttu-original-peppermint-50","status":"publish","type":"product","link":"https:\/\/www.raschvin.com\/sv\/produkt\/minttu-original-peppermint-50\/","title":{"rendered":"Minttu Original Peppermint 50 cl. 40%"},"content":{"rendered":"<p>Allt kokar ner till detta. Det legendariska mintskottet fr\u00e5n Finland, Minttu Peppermint \u00e4r hj\u00e4rtat och sj\u00e4len i Minttu-serien.<\/p>\n<p>P\u00e5 grund av sin starka mynta \u00e4r det den uppfriskande boosten, en sk\u00e5l med v\u00e4nskap, bokstavligen det coolaste skottet till hands.<\/p>\n<p>Servera det iskallt mellan -14 och -18 \u00b0 C eller blandat med varm choklad.<\/p>\n<p>Den b\u00e4sta uppv\u00e4rmningen Afterky-Drink: Minttu-Kaakao<\/p>\n<p>&#8211; 4CL MINT PEPPERMINT<br \/>\n&#8211; 2 dl uppv\u00e4rmd mj\u00f6lk (eller vatten)<br \/>\n&#8211; 2 teskedar s\u00f6tt kakaopulver<br \/>\nF\u00f6r mer middagsupplevelse, toppskinn med vispad gr\u00e4dde. Njut av!<\/p>\n<p>Alla minttu-lik\u00f6rer \u00e4r vegan och produceras p\u00e5 en koldioxidneutral fabrik i \u00c5bo, s\u00f6dra Finland.<\/p>\n<p>F\u00e4rg: R\u00e4tter med oklanderlig transparens, k\u00e4nnetecknad av sitt klara och kristallina utseende.<\/p>\n<p>Lukt: N\u00e4san \u00e4r k\u00e4nd f\u00f6r sin intensiva doft av f\u00e4rsk mint.<br \/>\nSmak: En original mints, som ger kristallin friskhet som \u00e4r mjuk is och p\u00e5 v\u00e4gen och n\u00e4r den n\u00e5r botten uppv\u00e4rmd. Antecknar mint och kraftfull kropp och en touch av karamelll.<\/p>\n<p>Tillverkad av vodka destilleras sedan och blandas sedan med kristallint fj\u00e4dervatten och de b\u00e4sta tillg\u00e4ngliga ingredienserna och ett specifikt socker f\u00f6r att skapa den b\u00e4sta smaken med b\u00e4ttre kristallinitet.<\/p>\n","protected":false},"excerpt":{"rendered":"<p>The Legendary Mint Shot From Finland<\/p>\n","protected":false},"featured_media":93497,"template":"","meta":{"_acf_changed":false,"rs_blank_template":"","rs_page_bg_color":"","slide_template_v7":""},"product_brand":[],"product_cat":[2390,2402,2407,4716,9388,9392,9398,9404],"product_tag":[],"class_list":{"0":"post-16382","1":"product","2":"type-product","3":"status-publish","4":"has-post-thumbnail","6":"product_cat-sprit","7":"product_cat-sprit-sv","8":"product_cat-shots-sv","9":"product_cat-andra-likorer","10":"product_cat-annan-sprit","11":"product_cat-likor-och-ol","12":"product_cat-likor-efter-bas","13":"product_cat-vodkalikor","14":"pa_land-finland-sv","15":"pa_procent-40-sv-2","16":"pa_producent-altia-pernod-ricard-sv","17":"pa_region-turku-sv","18":"pa_volume-50-sv","20":"first","21":"instock","22":"taxable","23":"shipping-taxable","24":"purchasable","25":"product-type-simple"},"bundled_by":[],"bundle_stock_status":"instock","bundle_stock_quantity":null,"bundle_virtual":false,"bundle_layout":"","bundle_add_to_cart_form_location":"","bundle_editable_in_cart":false,"bundle_sold_individually_context":"","bundle_item_grouping":"","bundle_min_size":"","bundle_max_size":"","bundle_price":[],"bundled_items":[],"bundle_sell_ids":[],"acf":[],"_links":{"self":[{"href":"https:\/\/www.raschvin.com\/sv\/wp-json\/wp\/v2\/product\/16382","targetHints":{"allow":["GET"]}}],"collection":[{"href":"https:\/\/www.raschvin.com\/sv\/wp-json\/wp\/v2\/product"}],"about":[{"href":"https:\/\/www.raschvin.com\/sv\/wp-json\/wp\/v2\/types\/product"}],"wp:featuredmedia":[{"embeddable":true,"href":"https:\/\/www.raschvin.com\/sv\/wp-json\/wp\/v2\/media\/93497"}],"wp:attachment":[{"href":"https:\/\/www.raschvin.com\/sv\/wp-json\/wp\/v2\/media?parent=16382"}],"wp:term":[{"taxonomy":"product_brand","embeddable":true,"href":"https:\/\/www.raschvin.com\/sv\/wp-json\/wp\/v2\/product_brand?post=16382"},{"taxonomy":"product_cat","embeddable":true,"href":"https:\/\/www.raschvin.com\/sv\/wp-json\/wp\/v2\/product_cat?post=16382"},{"taxonomy":"product_tag","embeddable":true,"href":"https:\/\/www.raschvin.com\/sv\/wp-json\/wp\/v2\/product_tag?post=16382"}],"curies":[{"name":"wp","href":"https:\/\/api.w.org\/{rel}","templated":true}]}}