{"id":16381,"date":"2022-05-30T09:44:01","date_gmt":"2022-05-30T07:44:01","guid":{"rendered":"https:\/\/www.raschvin.com\/vare\/midori-100-cl\/"},"modified":"2022-11-27T12:28:16","modified_gmt":"2022-11-27T11:28:16","slug":"midori-100-cl","status":"publish","type":"product","link":"https:\/\/www.raschvin.com\/sv\/produkt\/midori-100-cl\/","title":{"rendered":"Midori Melon Liqueur 70 cl. 20%"},"content":{"rendered":"<p>F\u00e4rg: Midori \u00e4r ljusgr\u00f6n.<\/p>\n<p>Lukt: Intensiv melonarom.<\/p>\n<p>Smak: F\u00e4rsk och l\u00e4tt melon, tips av banan och vanilj.<\/p>\n<p>Produsent: Suntory Beverage &#038; Food Limited (Santori H\u014drudingusu H\u014drudingusu Kabushiki Kaisha). Det \u00e4r ett av de \u00e4ldsta alkoholhaltiga dryckesbolagen i Japan. Det grundades 1899 av Shinjiro Torii, den japanska vision\u00e4ren och har blivit en av de st\u00f6rsta tillverkarna av destillerade drycker i v\u00e4rlden. Med f\u00f6rv\u00e4rvet av Beam, Inc. \u00c5r 2014 diversifierat arbete med l\u00e4sk och sm\u00f6rg\u00e5sar. Liquor Midori inspirerades av Torii, som fick id\u00e9n att skapa en f\u00e4rgstark v\u00e4stlig anda. Sedan starten har melonlers uppn\u00e5tt ett gott rykte \u00f6ver hela v\u00e4rlden f\u00f6r sin h\u00f6gkvalitativa och m\u00e5ngsidighet.<\/p>\n<p>F\u00f6rberedelseinformation: Midori kommer fr\u00e5n den l\u00e4ckra blandningen av h\u00f6gkvalitativ melonsaft, som odlas i en region i Japan, k\u00e4nnetecknad av jord rik p\u00e5 n\u00e4rings\u00e4mnen och mineraler. Genom att extrahera k\u00e4rnan i meloner f\u00f6dd extra smak av midori. Hans namn \u00e4r en f\u00f6rkortning av &#8221;gr\u00f6n&#8221; p\u00e5 japanska och h\u00e4nvisar till smaragder som finns i japansk natur, d\u00e4r denna l\u00e4ckra komposition f\u00f6ddes. Det \u00e4r inte bara gjort i Japan, men ocks\u00e5 i Mexiko, USA och Frankrike.<\/p>\n","protected":false},"excerpt":{"rendered":"<p>Japanese Melon Liqueur<\/p>\n","protected":false},"featured_media":4509,"template":"","meta":{"_acf_changed":false,"rs_blank_template":"","rs_page_bg_color":"","slide_template_v7":""},"product_brand":[],"product_cat":[2387,4670,2390],"product_tag":[],"class_list":{"0":"post-16381","1":"product","2":"type-product","3":"status-publish","4":"has-post-thumbnail","6":"product_cat-avec-sv","7":"product_cat-frukt","8":"product_cat-sprit","9":"pa_land-japan-sv","10":"pa_procent-20-sv","11":"pa_producent-suntory-beverage-food-limited-sv","12":"pa_volume-70-sv-2","14":"first","15":"instock","16":"sale","17":"taxable","18":"shipping-taxable","19":"purchasable","20":"product-type-simple"},"bundled_by":["116297","116311"],"bundle_stock_status":"instock","bundle_stock_quantity":null,"bundle_virtual":false,"bundle_layout":"","bundle_add_to_cart_form_location":"","bundle_editable_in_cart":false,"bundle_sold_individually_context":"","bundle_item_grouping":"","bundle_min_size":"","bundle_max_size":"","bundle_price":[],"bundled_items":[],"bundle_sell_ids":[],"acf":[],"_links":{"self":[{"href":"https:\/\/www.raschvin.com\/sv\/wp-json\/wp\/v2\/product\/16381","targetHints":{"allow":["GET"]}}],"collection":[{"href":"https:\/\/www.raschvin.com\/sv\/wp-json\/wp\/v2\/product"}],"about":[{"href":"https:\/\/www.raschvin.com\/sv\/wp-json\/wp\/v2\/types\/product"}],"wp:featuredmedia":[{"embeddable":true,"href":"https:\/\/www.raschvin.com\/sv\/wp-json\/wp\/v2\/media\/4509"}],"wp:attachment":[{"href":"https:\/\/www.raschvin.com\/sv\/wp-json\/wp\/v2\/media?parent=16381"}],"wp:term":[{"taxonomy":"product_brand","embeddable":true,"href":"https:\/\/www.raschvin.com\/sv\/wp-json\/wp\/v2\/product_brand?post=16381"},{"taxonomy":"product_cat","embeddable":true,"href":"https:\/\/www.raschvin.com\/sv\/wp-json\/wp\/v2\/product_cat?post=16381"},{"taxonomy":"product_tag","embeddable":true,"href":"https:\/\/www.raschvin.com\/sv\/wp-json\/wp\/v2\/product_tag?post=16381"}],"curies":[{"name":"wp","href":"https:\/\/api.w.org\/{rel}","templated":true}]}}