{"id":16378,"date":"2022-05-30T09:44:01","date_gmt":"2022-05-30T07:44:01","guid":{"rendered":"https:\/\/www.raschvin.com\/vare\/galliano-vanilla-the-original-70-cl\/"},"modified":"2022-11-17T18:31:08","modified_gmt":"2022-11-17T17:31:08","slug":"galliano-vanilla-the-original-70-cl","status":"publish","type":"product","link":"https:\/\/www.raschvin.com\/sv\/produkt\/galliano-vanilla-the-original-70-cl\/","title":{"rendered":"Galliano Vanilla &#8211; The Original 70 cl. 30%"},"content":{"rendered":"<p>Produktionen av Galliano Autentico \u00e4r en l\u00e5ng process, of\u00f6r\u00e4ndrad sedan etableringen av den ursprungliga Galliano 1896. Varje steg i processen \u00e5terspeglar Galliano engagemang f\u00f6r kvalitet och expertis. Fr\u00e5n ett urval av mer \u00e4n 30 \u00f6rter och kryddor som stj\u00e4rnanis, enb\u00e4r, Muskeragage, ingef\u00e4ra, lavendel och sist men inte minst den vanliga och sl\u00e4ta smaken av vanilj &#8211; med en process med sju infusioner och sex destillationer.<\/p>\n<p>Ultimata blandning<br \/>\nDen ultimata blandningen av dessa destillat och macerates \u00e4r summan av alla smaker som g\u00f6r Galliano Autentico f\u00f6r den unika lik\u00f6ren som det har varit sedan 1896.<\/p>\n<p>Men vissa konsumenter f\u00f6redrog att ha en starkare ton av vanilj. D\u00e4rf\u00f6r finns det en doftande vaniljstativ av h\u00f6gsta kvalitet som skapar Galliano vanilj.<br \/>\nF\u00f6rslag:<\/p>\n<p>Galliano varm skott<br \/>\n&#8211; 2 cl galiano<br \/>\n&#8211; 2 cl kaffe<br \/>\n&#8211; vispgr\u00e4dde<\/p>\n<p>H\u00e4ll galliano i glaset.<br \/>\nL\u00e4gg till kaffe och slutligen vispad gr\u00e4dde.<\/p>\n","protected":false},"excerpt":{"rendered":"<p>Italian herb Liqueur<\/p>\n","protected":false},"featured_media":4476,"template":"","meta":{"_acf_changed":false,"rs_blank_template":"","rs_page_bg_color":"","slide_template_v7":""},"product_brand":[],"product_cat":[2387,4714,2390],"product_tag":[],"class_list":{"0":"post-16378","1":"product","2":"type-product","3":"status-publish","4":"has-post-thumbnail","6":"product_cat-avec-sv","7":"product_cat-ort","8":"product_cat-sprit","9":"pa_land-italien-sv","10":"pa_procent-30-sv","11":"pa_producent-arturo-vaccari-sv","12":"pa_region-toscana-sv","13":"pa_volume-70-sv-2","15":"first","16":"instock","17":"taxable","18":"shipping-taxable","19":"purchasable","20":"product-type-simple"},"bundled_by":[],"bundle_stock_status":"instock","bundle_stock_quantity":null,"bundle_virtual":false,"bundle_layout":"","bundle_add_to_cart_form_location":"","bundle_editable_in_cart":false,"bundle_sold_individually_context":"","bundle_item_grouping":"","bundle_min_size":"","bundle_max_size":"","bundle_price":[],"bundled_items":[],"bundle_sell_ids":[],"acf":[],"_links":{"self":[{"href":"https:\/\/www.raschvin.com\/sv\/wp-json\/wp\/v2\/product\/16378","targetHints":{"allow":["GET"]}}],"collection":[{"href":"https:\/\/www.raschvin.com\/sv\/wp-json\/wp\/v2\/product"}],"about":[{"href":"https:\/\/www.raschvin.com\/sv\/wp-json\/wp\/v2\/types\/product"}],"wp:featuredmedia":[{"embeddable":true,"href":"https:\/\/www.raschvin.com\/sv\/wp-json\/wp\/v2\/media\/4476"}],"wp:attachment":[{"href":"https:\/\/www.raschvin.com\/sv\/wp-json\/wp\/v2\/media?parent=16378"}],"wp:term":[{"taxonomy":"product_brand","embeddable":true,"href":"https:\/\/www.raschvin.com\/sv\/wp-json\/wp\/v2\/product_brand?post=16378"},{"taxonomy":"product_cat","embeddable":true,"href":"https:\/\/www.raschvin.com\/sv\/wp-json\/wp\/v2\/product_cat?post=16378"},{"taxonomy":"product_tag","embeddable":true,"href":"https:\/\/www.raschvin.com\/sv\/wp-json\/wp\/v2\/product_tag?post=16378"}],"curies":[{"name":"wp","href":"https:\/\/api.w.org\/{rel}","templated":true}]}}