{"id":16374,"date":"2022-05-30T09:44:01","date_gmt":"2022-05-30T07:44:01","guid":{"rendered":"https:\/\/www.raschvin.com\/vare\/dragon-blood-superior-strength-50\/"},"modified":"2022-11-15T19:22:11","modified_gmt":"2022-11-15T18:22:11","slug":"dragon-blood-superior-strength-50","status":"publish","type":"product","link":"https:\/\/www.raschvin.com\/sv\/produkt\/dragon-blood-superior-strength-50\/","title":{"rendered":"Dragon Blood Flaming Hot Superior Strength 50 cl. 50%"},"content":{"rendered":"<p>En fruktig b\u00f6rjan med en smak av jordgubbar, rabarber och granat\u00e4pple f\u00f6ljs av en mild smak av kanel. Efter ett tag brinner chili i halsen &#8230; serveras som ett iskallt skott eller som en utm\u00e4rkt drycksbas i cocktails.<\/p>\n<p>Dragon Blood f\u00f6ddes av tanken p\u00e5 att skapa en ny och fascinerande svensk dryck som inte borde vara som n\u00e5got annat. Strax fr\u00e5n b\u00f6rjan var tanken att den skulle st\u00e5 ut fr\u00e5n m\u00e4ngden genom att ha en kryddig bro och endast gjord med naturliga ingredienser av h\u00f6gsta kvalitet.<\/p>\n<p>S\u00e5 b\u00f6rjade experimenten och ett \u00f6verfl\u00f6d av olika smakkombinationer testades. Hela processen tog n\u00e4stan ett \u00e5r, delvis f\u00f6r att kreativitet tar tid, och delvis f\u00f6r att det \u00e4r ganska komplicerat att extrahera smaken fr\u00e5n ingredienserna. Efter testning och bed\u00f6md en stor m\u00e4ngd olika r\u00e5varor hittade vi den perfekta kombinationen av alla dessa. Den unika och fantastiska smakupplevelsen &#8211; den legendariska &#8221;Tre-Stage Rocket Taste&#8221; f\u00f6ddes!<\/p>\n<p>Namnet Dragon Blood kom naturligt &#8211; vad skulle det ha ett blodr\u00f6tt, 50 volymprocent (100 bevis) stark dryck som s\u00e4tter nacken i brand, s\u00e4ger det!<\/p>\n<p>S\u00e5 stod flaskan med det handskrivna varum\u00e4rket Dragon Blood p\u00e5 hyllan i n\u00e4stan ett \u00e5r &#8230; varf\u00f6r? &#8211; Bra fr\u00e5ga. Men en dag dammade vi av det, blandade ett testparti och utmanade bes\u00f6kare p\u00e5 \u00f6l- och whiskyutst\u00e4llningen i G\u00f6teborg f\u00f6r att f\u00f6rs\u00f6ka &#8230;<\/p>\n","protected":false},"excerpt":{"rendered":"<p>Liqueur of Sweden &#8211; Flaming Hot<\/p>\n","protected":false},"featured_media":4430,"template":"","meta":{"_acf_changed":false,"rs_blank_template":"","rs_page_bg_color":"","slide_template_v7":""},"product_brand":[],"product_cat":[2387,4670,2390],"product_tag":[],"class_list":{"0":"post-16374","1":"product","2":"type-product","3":"status-publish","4":"has-post-thumbnail","6":"product_cat-avec-sv","7":"product_cat-frukt","8":"product_cat-sprit","9":"pa_land-sverige-sv","10":"pa_procent-50-sv","11":"pa_region-goeteborg-sv","12":"pa_volume-50-sv","14":"first","15":"instock","16":"taxable","17":"shipping-taxable","18":"purchasable","19":"product-type-simple"},"bundled_by":[],"bundle_stock_status":"instock","bundle_stock_quantity":null,"bundle_virtual":false,"bundle_layout":"","bundle_add_to_cart_form_location":"","bundle_editable_in_cart":false,"bundle_sold_individually_context":"","bundle_item_grouping":"","bundle_min_size":"","bundle_max_size":"","bundle_price":[],"bundled_items":[],"bundle_sell_ids":[],"acf":[],"_links":{"self":[{"href":"https:\/\/www.raschvin.com\/sv\/wp-json\/wp\/v2\/product\/16374","targetHints":{"allow":["GET"]}}],"collection":[{"href":"https:\/\/www.raschvin.com\/sv\/wp-json\/wp\/v2\/product"}],"about":[{"href":"https:\/\/www.raschvin.com\/sv\/wp-json\/wp\/v2\/types\/product"}],"wp:featuredmedia":[{"embeddable":true,"href":"https:\/\/www.raschvin.com\/sv\/wp-json\/wp\/v2\/media\/4430"}],"wp:attachment":[{"href":"https:\/\/www.raschvin.com\/sv\/wp-json\/wp\/v2\/media?parent=16374"}],"wp:term":[{"taxonomy":"product_brand","embeddable":true,"href":"https:\/\/www.raschvin.com\/sv\/wp-json\/wp\/v2\/product_brand?post=16374"},{"taxonomy":"product_cat","embeddable":true,"href":"https:\/\/www.raschvin.com\/sv\/wp-json\/wp\/v2\/product_cat?post=16374"},{"taxonomy":"product_tag","embeddable":true,"href":"https:\/\/www.raschvin.com\/sv\/wp-json\/wp\/v2\/product_tag?post=16374"}],"curies":[{"name":"wp","href":"https:\/\/api.w.org\/{rel}","templated":true}]}}