{"id":16372,"date":"2023-10-17T15:20:41","date_gmt":"2023-10-17T13:20:41","guid":{"rendered":"https:\/\/www.raschvin.com\/vare\/green-chartreuse-55-70-cl\/"},"modified":"2023-09-29T17:25:52","modified_gmt":"2023-09-29T15:25:52","slug":"green-chartreuse-55-70-cl","status":"publish","type":"product","link":"https:\/\/www.raschvin.com\/sv\/produkt\/green-chartreuse-55-70-cl\/","title":{"rendered":"Green Chartreuse 70 cl. 55%"},"content":{"rendered":"<p>Gr\u00f6n Chartreuse \u00e4r den enda lik\u00f6ren i v\u00e4rlden med en helt naturlig gr\u00f6n f\u00e4rg<\/p>\n<p>Det \u00e4r starkt och unikt.<\/p>\n<p>Endast tv\u00e5 chartreuse munkar k\u00e4nner till identiteten hos 130 v\u00e4xter, hur man blandar dem och hur man destinerar dem till den h\u00e4r v\u00e4rldsber\u00f6mda lik\u00f6ren. De \u00e4r ocks\u00e5 de enda som vet vilka v\u00e4xter de m\u00e5ste macere f\u00f6r att producera de naturliga gr\u00f6na och gula f\u00e4rgerna. Och de \u00f6vervakar de l\u00e5ngsamma \u00e5ldrandet i ekfat.<\/p>\n<p>Ingredienser: alkohol, socker, 130 v\u00e4xter och blommor.<br \/>\nAlkoholinneh\u00e5ll: 55% (110 \u00b0 bevis USA)<br \/>\nPresentation: F\u00f6rpackad i en traditionell chartreuse spritflaska. Mycket elegant med pr\u00e4glad f\u00f6rsegling av La Grande Chartreuse.<br \/>\nHur man dricker det: F\u00f6r att f\u00e5 ut all sin smak m\u00e5ste det f\u00f6rbrukas mycket kallt, \u00e4ven p\u00e5 klipporna. Traditionellt anses en drink efter middagen, och chartreuse njuter av mer och mer som en l\u00e5ng drink.<\/p>\n","protected":false},"excerpt":{"rendered":"<p>French Herb Spirit<\/p>\n","protected":false},"featured_media":4410,"template":"","meta":{"_acf_changed":false,"rs_blank_template":"","rs_page_bg_color":"","slide_template_v7":""},"product_brand":[],"product_cat":[2387,4714,2390],"product_tag":[],"class_list":{"0":"post-16372","1":"product","2":"type-product","3":"status-publish","4":"has-post-thumbnail","6":"product_cat-avec-sv","7":"product_cat-ort","8":"product_cat-sprit","9":"pa_land-frankrike","10":"pa_procent-55-sv","11":"pa_producent-carthusian-monks-sv","12":"pa_region-grenoble-sv","13":"pa_volume-70-sv-2","15":"first","16":"outofstock","17":"taxable","18":"shipping-taxable","19":"purchasable","20":"product-type-simple"},"bundled_by":[],"bundle_stock_status":"outofstock","bundle_stock_quantity":0,"bundle_virtual":false,"bundle_layout":"","bundle_add_to_cart_form_location":"","bundle_editable_in_cart":false,"bundle_sold_individually_context":"","bundle_item_grouping":"","bundle_min_size":"","bundle_max_size":"","bundle_price":[],"bundled_items":[],"bundle_sell_ids":[],"acf":[],"_links":{"self":[{"href":"https:\/\/www.raschvin.com\/sv\/wp-json\/wp\/v2\/product\/16372","targetHints":{"allow":["GET"]}}],"collection":[{"href":"https:\/\/www.raschvin.com\/sv\/wp-json\/wp\/v2\/product"}],"about":[{"href":"https:\/\/www.raschvin.com\/sv\/wp-json\/wp\/v2\/types\/product"}],"wp:featuredmedia":[{"embeddable":true,"href":"https:\/\/www.raschvin.com\/sv\/wp-json\/wp\/v2\/media\/4410"}],"wp:attachment":[{"href":"https:\/\/www.raschvin.com\/sv\/wp-json\/wp\/v2\/media?parent=16372"}],"wp:term":[{"taxonomy":"product_brand","embeddable":true,"href":"https:\/\/www.raschvin.com\/sv\/wp-json\/wp\/v2\/product_brand?post=16372"},{"taxonomy":"product_cat","embeddable":true,"href":"https:\/\/www.raschvin.com\/sv\/wp-json\/wp\/v2\/product_cat?post=16372"},{"taxonomy":"product_tag","embeddable":true,"href":"https:\/\/www.raschvin.com\/sv\/wp-json\/wp\/v2\/product_tag?post=16372"}],"curies":[{"name":"wp","href":"https:\/\/api.w.org\/{rel}","templated":true}]}}