{"id":16371,"date":"2022-05-30T09:42:41","date_gmt":"2022-05-30T07:42:41","guid":{"rendered":"https:\/\/www.raschvin.com\/vare\/chambord-royale\/"},"modified":"2022-11-10T08:36:19","modified_gmt":"2022-11-10T07:36:19","slug":"chambord-royale","status":"publish","type":"product","link":"https:\/\/www.raschvin.com\/sv\/produkt\/chambord-royale\/","title":{"rendered":"Chambord Royale 50 cl. 16,5%"},"content":{"rendered":"<p>F\u00f6r det f\u00f6rsta v\u00e4ljs de f\u00e4rskaste bj\u00f6rnb\u00e4ren och hallon. D\u00e5 trycks juice, bl\u00f6tl\u00e4ggs med franska andar och l\u00e4mna i fyra veckor. Hak av. Mer franska sprit l\u00e4ggs till. Mer ticking tocking. Efter tv\u00e5 veckor \u00e4r infusionen infuserad. Bravo. D\u00e4refter pressas frukten. De naturliga juicerna och sockerarterna f\u00e5ngas.<\/p>\n<p>Nu blandas den fl\u00e4tiga basen med extrakt av saftig svart hallon och svartb\u00e4r. Trevlig fransk cognac, s\u00f6ta malagascan vanilj och doftande \u00f6rter l\u00e4ggs till, och de \u00e4r alla kvar f\u00f6r att st\u00f6ra. Det \u00e4r h\u00e4r Chambord utvecklar sin karakt\u00e4r. Bonjour Chambord.<\/p>\n","protected":false},"excerpt":{"rendered":"<p>Black Raspberry Liqueur &#8211; France<\/p>\n","protected":false},"featured_media":4400,"template":"","meta":{"_acf_changed":false,"rs_blank_template":"","rs_page_bg_color":"","slide_template_v7":""},"product_brand":[],"product_cat":[2387,2390,4670],"product_tag":[],"class_list":{"0":"post-16371","1":"product","2":"type-product","3":"status-publish","4":"has-post-thumbnail","6":"product_cat-avec-sv","7":"product_cat-sprit","8":"product_cat-frukt","9":"pa_land-frankrike","10":"pa_procent-16-5-sv","11":"pa_producent-brown-forman-corporation-sv","12":"pa_region-loire-valley-sv","13":"pa_volume-50-sv","15":"first","16":"instock","17":"taxable","18":"shipping-taxable","19":"purchasable","20":"product-type-simple"},"bundled_by":[],"bundle_stock_status":"instock","bundle_stock_quantity":null,"bundle_virtual":false,"bundle_layout":"","bundle_add_to_cart_form_location":"","bundle_editable_in_cart":false,"bundle_sold_individually_context":"","bundle_item_grouping":"","bundle_min_size":"","bundle_max_size":"","bundle_price":[],"bundled_items":[],"bundle_sell_ids":[],"acf":[],"_links":{"self":[{"href":"https:\/\/www.raschvin.com\/sv\/wp-json\/wp\/v2\/product\/16371","targetHints":{"allow":["GET"]}}],"collection":[{"href":"https:\/\/www.raschvin.com\/sv\/wp-json\/wp\/v2\/product"}],"about":[{"href":"https:\/\/www.raschvin.com\/sv\/wp-json\/wp\/v2\/types\/product"}],"wp:featuredmedia":[{"embeddable":true,"href":"https:\/\/www.raschvin.com\/sv\/wp-json\/wp\/v2\/media\/4400"}],"wp:attachment":[{"href":"https:\/\/www.raschvin.com\/sv\/wp-json\/wp\/v2\/media?parent=16371"}],"wp:term":[{"taxonomy":"product_brand","embeddable":true,"href":"https:\/\/www.raschvin.com\/sv\/wp-json\/wp\/v2\/product_brand?post=16371"},{"taxonomy":"product_cat","embeddable":true,"href":"https:\/\/www.raschvin.com\/sv\/wp-json\/wp\/v2\/product_cat?post=16371"},{"taxonomy":"product_tag","embeddable":true,"href":"https:\/\/www.raschvin.com\/sv\/wp-json\/wp\/v2\/product_tag?post=16371"}],"curies":[{"name":"wp","href":"https:\/\/api.w.org\/{rel}","templated":true}]}}