{"id":16370,"date":"2022-05-30T09:42:41","date_gmt":"2022-05-30T07:42:41","guid":{"rendered":"https:\/\/www.raschvin.com\/vare\/d-o-m-benedictine-70-cl\/"},"modified":"2022-11-14T11:43:15","modified_gmt":"2022-11-14T10:43:15","slug":"d-o-m-benedictine-70-cl","status":"publish","type":"product","link":"https:\/\/www.raschvin.com\/sv\/produkt\/d-o-m-benedictine-70-cl\/","title":{"rendered":"D.O.M Benedictine 70 cl. 40%"},"content":{"rendered":"<p>Destillerad och \u00e5ldrad i ett flamboyantpalats, byggt i f\u00e9camp f\u00f6r att hylla denna unika lik\u00f6r, \u00e4r B\u00e9n\u00e9dictine en subtil alkemi med 27 olika v\u00e4xter och kryddor.<\/p>\n<p>N\u00e5gra av \u00f6rterna och kryddorna har anv\u00e4nts sedan bibelsk tid, och m\u00e5nga har fortfarande en plats i folkmusik. Ursprunget till dessa v\u00e4xter \u00e4r som en resa runt om i v\u00e4rlden: fr\u00e5n Grekland till Afrika, till Indonesien, Indien och s\u00e5 mycket mer.<\/p>\n<p>B\u00e9n\u00e9dictine v\u00e4ljer produktingredienser fr\u00e5n de fem kontinenterna med kvalitet som det enda valkriteriet.<\/p>\n<p>SYN<br \/>\nRik, coppery med gyllene h\u00f6jdpunkter<\/p>\n<p>N\u00c4SA<br \/>\nV\u00e4xtbaserade och kryddiga doft. Citrus tips av mandarinskal med subtila anteckningar av tall<\/p>\n<p>SMAK<br \/>\nEn silkeslen och rik gom med l\u00e4tt honung och citrusanteckningar med mjuka mandlar<\/p>\n","protected":false},"excerpt":{"rendered":"<p>French Premium Herb Liqueur<\/p>\n","protected":false},"featured_media":4390,"template":"","meta":{"_acf_changed":false,"rs_blank_template":"","rs_page_bg_color":"","slide_template_v7":""},"product_brand":[],"product_cat":[2387,4714,2390],"product_tag":[],"class_list":{"0":"post-16370","1":"product","2":"type-product","3":"status-publish","4":"has-post-thumbnail","6":"product_cat-avec-sv","7":"product_cat-ort","8":"product_cat-sprit","9":"pa_land-frankrike","10":"pa_procent-40-sv-2","11":"pa_producent-bacardi-limited-sv","12":"pa_volume-70-sv-2","14":"first","15":"instock","16":"taxable","17":"shipping-taxable","18":"purchasable","19":"product-type-simple"},"bundled_by":[],"bundle_stock_status":"instock","bundle_stock_quantity":null,"bundle_virtual":false,"bundle_layout":"","bundle_add_to_cart_form_location":"","bundle_editable_in_cart":false,"bundle_sold_individually_context":"","bundle_item_grouping":"","bundle_min_size":"","bundle_max_size":"","bundle_price":[],"bundled_items":[],"bundle_sell_ids":[],"acf":[],"_links":{"self":[{"href":"https:\/\/www.raschvin.com\/sv\/wp-json\/wp\/v2\/product\/16370","targetHints":{"allow":["GET"]}}],"collection":[{"href":"https:\/\/www.raschvin.com\/sv\/wp-json\/wp\/v2\/product"}],"about":[{"href":"https:\/\/www.raschvin.com\/sv\/wp-json\/wp\/v2\/types\/product"}],"wp:featuredmedia":[{"embeddable":true,"href":"https:\/\/www.raschvin.com\/sv\/wp-json\/wp\/v2\/media\/4390"}],"wp:attachment":[{"href":"https:\/\/www.raschvin.com\/sv\/wp-json\/wp\/v2\/media?parent=16370"}],"wp:term":[{"taxonomy":"product_brand","embeddable":true,"href":"https:\/\/www.raschvin.com\/sv\/wp-json\/wp\/v2\/product_brand?post=16370"},{"taxonomy":"product_cat","embeddable":true,"href":"https:\/\/www.raschvin.com\/sv\/wp-json\/wp\/v2\/product_cat?post=16370"},{"taxonomy":"product_tag","embeddable":true,"href":"https:\/\/www.raschvin.com\/sv\/wp-json\/wp\/v2\/product_tag?post=16370"}],"curies":[{"name":"wp","href":"https:\/\/api.w.org\/{rel}","templated":true}]}}