{"id":16369,"date":"2022-05-30T09:42:41","date_gmt":"2022-05-30T07:42:41","guid":{"rendered":"https:\/\/www.raschvin.com\/vare\/tripel-sec-le-favori\/"},"modified":"2022-12-12T16:37:01","modified_gmt":"2022-12-12T15:37:01","slug":"tripel-sec-le-favori","status":"publish","type":"product","link":"https:\/\/www.raschvin.com\/sv\/produkt\/tripel-sec-le-favori\/","title":{"rendered":"Le Favori &#8211; Tripel Sec 70 cl. 40%"},"content":{"rendered":"<p>Ha en exotisk karakt\u00e4r, med samma f\u00e4ngslande l\u00e4ckra nyanser av apelsin och citrusskal.<\/p>\n<p>Vibrerande orange massa, peel bitterhet, s\u00f6tma av karamelll och akut alkoholinneh\u00e5ll kompletterar varandra och skapar en unik kryddig lik\u00f6r. Perfekt trippel Sec f\u00f6r blandning av cocktails eller som aperitif.<\/p>\n<p>Isw guld &#038; silver vinnare<\/p>\n","protected":false},"excerpt":{"rendered":"<p>French Orange Liqueur<\/p>\n","protected":false},"featured_media":4383,"template":"","meta":{"_acf_changed":false,"rs_blank_template":"","rs_page_bg_color":"","slide_template_v7":""},"product_brand":[],"product_cat":[4670,2390],"product_tag":[],"class_list":{"0":"post-16369","1":"product","2":"type-product","3":"status-publish","4":"has-post-thumbnail","6":"product_cat-frukt","7":"product_cat-sprit","8":"pa_land-frankrike","9":"pa_procent-40-sv-2","10":"pa_producent-les-grands-chais-de-france-sv","11":"pa_volume-70-sv-2","13":"first","14":"instock","15":"sale","16":"taxable","17":"shipping-taxable","18":"purchasable","19":"product-type-simple"},"bundled_by":[],"bundle_stock_status":"instock","bundle_stock_quantity":null,"bundle_virtual":false,"bundle_layout":"","bundle_add_to_cart_form_location":"","bundle_editable_in_cart":false,"bundle_sold_individually_context":"","bundle_item_grouping":"","bundle_min_size":"","bundle_max_size":"","bundle_price":[],"bundled_items":[],"bundle_sell_ids":[],"acf":[],"_links":{"self":[{"href":"https:\/\/www.raschvin.com\/sv\/wp-json\/wp\/v2\/product\/16369","targetHints":{"allow":["GET"]}}],"collection":[{"href":"https:\/\/www.raschvin.com\/sv\/wp-json\/wp\/v2\/product"}],"about":[{"href":"https:\/\/www.raschvin.com\/sv\/wp-json\/wp\/v2\/types\/product"}],"wp:featuredmedia":[{"embeddable":true,"href":"https:\/\/www.raschvin.com\/sv\/wp-json\/wp\/v2\/media\/4383"}],"wp:attachment":[{"href":"https:\/\/www.raschvin.com\/sv\/wp-json\/wp\/v2\/media?parent=16369"}],"wp:term":[{"taxonomy":"product_brand","embeddable":true,"href":"https:\/\/www.raschvin.com\/sv\/wp-json\/wp\/v2\/product_brand?post=16369"},{"taxonomy":"product_cat","embeddable":true,"href":"https:\/\/www.raschvin.com\/sv\/wp-json\/wp\/v2\/product_cat?post=16369"},{"taxonomy":"product_tag","embeddable":true,"href":"https:\/\/www.raschvin.com\/sv\/wp-json\/wp\/v2\/product_tag?post=16369"}],"curies":[{"name":"wp","href":"https:\/\/api.w.org\/{rel}","templated":true}]}}