{"id":16364,"date":"2022-05-30T09:42:41","date_gmt":"2022-05-30T07:42:41","guid":{"rendered":"https:\/\/www.raschvin.com\/vare\/baileys-the-original-100-cl\/"},"modified":"2022-10-26T08:01:38","modified_gmt":"2022-10-26T06:01:38","slug":"baileys-the-original-100-cl","status":"publish","type":"product","link":"https:\/\/www.raschvin.com\/sv\/produkt\/baileys-the-original-100-cl\/","title":{"rendered":"Baileys The Original Cream 100 cl. 17%"},"content":{"rendered":"<p>En av livets sm\u00e5 gl\u00e4dje\u00e4mnen \u00e4r Bailey&#8217;s Original Irish Cream \u2013 ett s\u00f6tt m\u00f6te mellan den finaste irl\u00e4ndska whiskyn och sprit, Irish cream, rik choklad och vanilj. Och vad blir resultatet? N\u00e5got oemotst\u00e5ndligt gott. Drick den som den \u00e4r, \u00f6ver is, blanda den i dina cocktails, h\u00e4ll den \u00f6ver dina glassdesserter, bakom en Baileys-fylld t\u00e5rta \u2013 eller dela den med dina v\u00e4nner och familj om du inte kan f\u00e5 den sj\u00e4lv. Oavsett vad \u00e4r Baileys Original Irish Cream lika med ren, ost\u00f6rd njutning. Kom igen, du har f\u00f6rtj\u00e4nat det!<\/p>\n<p>En ber\u00e4ttelse fr\u00e5n producenten av Bailey&#8217;s:<br \/>\n&#8221;Ist\u00e4llet f\u00f6r att luta oss tillbaka och njuta av k\u00e4nslan av att ha skapat v\u00e4rldens mest \u00e4lskade anda, best\u00e4mde vi oss f\u00f6r att t\u00e4nka \u00e4nnu st\u00f6rre och forts\u00e4tta f\u00f6rnya och s\u00e4tta nya trender. Och allt \u00e4r baserat p\u00e5 v\u00e5ra klassiska Baileys-ingredienser.<br \/>\nBara t\u00e4nk; varje \u00e5r beh\u00f6ver vi ca. 200 miljoner liter f\u00e4rsk irl\u00e4ndsk mj\u00f6lk f\u00f6r att producera den perfekt sammetslena gr\u00e4dden som Baileys f\u00f6rtj\u00e4nar. Det r\u00e4cker f\u00f6r att g\u00f6ra uppskattningsvis 3,3 miljarder milkshakes med Baileys.<br \/>\nDenna mj\u00f6lk kommer fr\u00e4mst fr\u00e5n sm\u00e5 familje\u00e4gda g\u00e5rdar. Och med detta menar vi g\u00e5rdar d\u00e4r korna f\u00e5r str\u00f6va fritt i f\u00e4lt av frodigt gr\u00f6nt gr\u00e4s som har g\u00e5tt i arv fr\u00e5n en generation till n\u00e4sta. Runt n\u00e5gra av dessa tusentals hektar finns skyddade myrar, naturskogar, vilda \u00e5krar och h\u00e4ckar. Dessa bildar sm\u00e5 oaser f\u00f6r djur, f\u00e5glar, bin och fj\u00e4rilar, som h\u00e4r kan finna andrum fr\u00e5n den pressade naturen.&#8221;<\/p>\n","protected":false},"excerpt":{"rendered":"<p>Irish Cream Liqueur<\/p>\n","protected":false},"featured_media":4342,"template":"","meta":{"_acf_changed":false,"rs_blank_template":"","rs_page_bg_color":"","slide_template_v7":""},"product_brand":[],"product_cat":[2387,2390,4673],"product_tag":[],"class_list":{"0":"post-16364","1":"product","2":"type-product","3":"status-publish","4":"has-post-thumbnail","6":"product_cat-avec-sv","7":"product_cat-sprit","8":"product_cat-creme-sv","9":"pa_land-irland-sv","10":"pa_procent-17-sv","11":"pa_producent-diageo-sv","12":"pa_volume-100-sv","14":"first","15":"instock","16":"taxable","17":"shipping-taxable","18":"purchasable","19":"product-type-simple"},"bundled_by":[],"bundle_stock_status":"instock","bundle_stock_quantity":null,"bundle_virtual":false,"bundle_layout":"","bundle_add_to_cart_form_location":"","bundle_editable_in_cart":false,"bundle_sold_individually_context":"","bundle_item_grouping":"","bundle_min_size":"","bundle_max_size":"","bundle_price":[],"bundled_items":[],"bundle_sell_ids":[],"acf":[],"_links":{"self":[{"href":"https:\/\/www.raschvin.com\/sv\/wp-json\/wp\/v2\/product\/16364","targetHints":{"allow":["GET"]}}],"collection":[{"href":"https:\/\/www.raschvin.com\/sv\/wp-json\/wp\/v2\/product"}],"about":[{"href":"https:\/\/www.raschvin.com\/sv\/wp-json\/wp\/v2\/types\/product"}],"wp:featuredmedia":[{"embeddable":true,"href":"https:\/\/www.raschvin.com\/sv\/wp-json\/wp\/v2\/media\/4342"}],"wp:attachment":[{"href":"https:\/\/www.raschvin.com\/sv\/wp-json\/wp\/v2\/media?parent=16364"}],"wp:term":[{"taxonomy":"product_brand","embeddable":true,"href":"https:\/\/www.raschvin.com\/sv\/wp-json\/wp\/v2\/product_brand?post=16364"},{"taxonomy":"product_cat","embeddable":true,"href":"https:\/\/www.raschvin.com\/sv\/wp-json\/wp\/v2\/product_cat?post=16364"},{"taxonomy":"product_tag","embeddable":true,"href":"https:\/\/www.raschvin.com\/sv\/wp-json\/wp\/v2\/product_tag?post=16364"}],"curies":[{"name":"wp","href":"https:\/\/api.w.org\/{rel}","templated":true}]}}