{"id":16363,"date":"2022-05-30T09:41:15","date_gmt":"2022-05-30T07:41:15","guid":{"rendered":"https:\/\/www.raschvin.com\/vare\/amarula\/"},"modified":"2022-10-31T17:47:17","modified_gmt":"2022-10-31T16:47:17","slug":"amarula","status":"publish","type":"product","link":"https:\/\/www.raschvin.com\/sv\/produkt\/amarula\/","title":{"rendered":"Amarula Cream 70 cl. 17%"},"content":{"rendered":"<p>Amarula Cream \u00e4r en kr\u00e4mig lik\u00f6r gjord p\u00e5 den s\u00e4llsynta, smakfulla Marulafrugt.<br \/>\nDet \u00e4r en uts\u00f6kt, rund och mjuk lik\u00f6r med nyanser av vanilj och exotisk frukt.<\/p>\n<p>F\u00f6rslag:<\/p>\n<p>Amarula rula<br \/>\n&#8211; 5 cl amarula<br \/>\n&#8211; 3 cl helmj\u00f6lk<br \/>\n&#8211; 3 cl. Frederiksdal Cherry<br \/>\nKom alla ingredienser i en shaker och skaka noggrant.<br \/>\nH\u00e4ll drycken i en martiniglass.<\/p>\n","protected":false},"excerpt":{"rendered":"<p>South African Cream Liqueur<\/p>\n","protected":false},"featured_media":4332,"template":"","meta":{"_acf_changed":false,"rs_blank_template":"","rs_page_bg_color":"","slide_template_v7":""},"product_brand":[],"product_cat":[2387,4673,2390],"product_tag":[],"class_list":{"0":"post-16363","1":"product","2":"type-product","3":"status-publish","4":"has-post-thumbnail","6":"product_cat-avec-sv","7":"product_cat-creme-sv","8":"product_cat-sprit","9":"pa_land-sydafrika-sv","10":"pa_procent-17-sv","11":"pa_serveringstemperatur-8-10-sv","12":"pa_volume-70-sv-2","14":"first","15":"instock","16":"taxable","17":"shipping-taxable","18":"purchasable","19":"product-type-simple"},"bundled_by":[],"bundle_stock_status":"instock","bundle_stock_quantity":null,"bundle_virtual":false,"bundle_layout":"","bundle_add_to_cart_form_location":"","bundle_editable_in_cart":false,"bundle_sold_individually_context":"","bundle_item_grouping":"","bundle_min_size":"","bundle_max_size":"","bundle_price":[],"bundled_items":[],"bundle_sell_ids":[],"acf":[],"_links":{"self":[{"href":"https:\/\/www.raschvin.com\/sv\/wp-json\/wp\/v2\/product\/16363","targetHints":{"allow":["GET"]}}],"collection":[{"href":"https:\/\/www.raschvin.com\/sv\/wp-json\/wp\/v2\/product"}],"about":[{"href":"https:\/\/www.raschvin.com\/sv\/wp-json\/wp\/v2\/types\/product"}],"wp:featuredmedia":[{"embeddable":true,"href":"https:\/\/www.raschvin.com\/sv\/wp-json\/wp\/v2\/media\/4332"}],"wp:attachment":[{"href":"https:\/\/www.raschvin.com\/sv\/wp-json\/wp\/v2\/media?parent=16363"}],"wp:term":[{"taxonomy":"product_brand","embeddable":true,"href":"https:\/\/www.raschvin.com\/sv\/wp-json\/wp\/v2\/product_brand?post=16363"},{"taxonomy":"product_cat","embeddable":true,"href":"https:\/\/www.raschvin.com\/sv\/wp-json\/wp\/v2\/product_cat?post=16363"},{"taxonomy":"product_tag","embeddable":true,"href":"https:\/\/www.raschvin.com\/sv\/wp-json\/wp\/v2\/product_tag?post=16363"}],"curies":[{"name":"wp","href":"https:\/\/api.w.org\/{rel}","templated":true}]}}