{"id":16362,"date":"2022-05-30T09:41:15","date_gmt":"2022-05-30T07:41:15","guid":{"rendered":"https:\/\/www.raschvin.com\/vare\/disaronno-70-cl\/"},"modified":"2022-11-14T18:56:26","modified_gmt":"2022-11-14T17:56:26","slug":"disaronno-70-cl","status":"publish","type":"product","link":"https:\/\/www.raschvin.com\/sv\/produkt\/disaronno-70-cl\/","title":{"rendered":"Disaronno 70 cl. 28%"},"content":{"rendered":"<p>Disonono amaretto lik\u00f6r \u00e4r gjord i Italien. Den har en bittersweet mandel smak. Den har en intensiv och best\u00e4ndig doft. Det \u00e4r bra f\u00f6r sig sj\u00e4lv och bra f\u00f6r drycker och cocktails.<\/p>\n<p>F\u00f6rslag:<\/p>\n<p>M + K.<br \/>\n&#8211; 2 cl ameretto<br \/>\n&#8211; 2 cl. Southern Comfort<br \/>\n&#8211; 3 cl. Rose&#8217;s Abricot<br \/>\n&#8211; 10 cl sprite<br \/>\n&#8211; isbitar<br \/>\nBlanda Ameretto, s\u00f6dra komfort och Rose&#8217;s Abricot med krossad glass.<br \/>\nH\u00e4ll det i ett cocktailglas och tills\u00e4tt sprite och isbitar.<br \/>\nDrycken kan dekoreras med en bit citron eller apelsin.<\/p>\n","protected":false},"excerpt":{"rendered":"<p>The Original Italian &#8221;Amaretto&#8221;<\/p>\n","protected":false},"featured_media":4322,"template":"","meta":{"_acf_changed":false,"rs_blank_template":"","rs_page_bg_color":"","slide_template_v7":""},"product_brand":[],"product_cat":[2387,2390,4670],"product_tag":[],"class_list":{"0":"post-16362","1":"product","2":"type-product","3":"status-publish","4":"has-post-thumbnail","6":"product_cat-avec-sv","7":"product_cat-sprit","8":"product_cat-frukt","9":"pa_land-italien-sv","10":"pa_procent-28-sv","11":"pa_producent-domenico-reina-sv","12":"pa_region-lombardiet-sv","13":"pa_volume-70-sv-2","15":"first","16":"instock","17":"sale","18":"taxable","19":"shipping-taxable","20":"purchasable","21":"product-type-simple"},"bundled_by":[],"bundle_stock_status":"instock","bundle_stock_quantity":null,"bundle_virtual":false,"bundle_layout":"","bundle_add_to_cart_form_location":"","bundle_editable_in_cart":false,"bundle_sold_individually_context":"","bundle_item_grouping":"","bundle_min_size":"","bundle_max_size":"","bundle_price":[],"bundled_items":[],"bundle_sell_ids":[],"acf":[],"_links":{"self":[{"href":"https:\/\/www.raschvin.com\/sv\/wp-json\/wp\/v2\/product\/16362","targetHints":{"allow":["GET"]}}],"collection":[{"href":"https:\/\/www.raschvin.com\/sv\/wp-json\/wp\/v2\/product"}],"about":[{"href":"https:\/\/www.raschvin.com\/sv\/wp-json\/wp\/v2\/types\/product"}],"wp:featuredmedia":[{"embeddable":true,"href":"https:\/\/www.raschvin.com\/sv\/wp-json\/wp\/v2\/media\/4322"}],"wp:attachment":[{"href":"https:\/\/www.raschvin.com\/sv\/wp-json\/wp\/v2\/media?parent=16362"}],"wp:term":[{"taxonomy":"product_brand","embeddable":true,"href":"https:\/\/www.raschvin.com\/sv\/wp-json\/wp\/v2\/product_brand?post=16362"},{"taxonomy":"product_cat","embeddable":true,"href":"https:\/\/www.raschvin.com\/sv\/wp-json\/wp\/v2\/product_cat?post=16362"},{"taxonomy":"product_tag","embeddable":true,"href":"https:\/\/www.raschvin.com\/sv\/wp-json\/wp\/v2\/product_tag?post=16362"}],"curies":[{"name":"wp","href":"https:\/\/api.w.org\/{rel}","templated":true}]}}