{"id":16361,"date":"2022-05-30T09:41:15","date_gmt":"2022-05-30T07:41:15","guid":{"rendered":"https:\/\/www.raschvin.com\/vare\/1-enkelt\/"},"modified":"2022-10-26T20:39:15","modified_gmt":"2022-10-26T18:39:15","slug":"1-enkelt","status":"publish","type":"product","link":"https:\/\/www.raschvin.com\/sv\/produkt\/1-enkelt\/","title":{"rendered":"1-Enkelt Bitter 70 cl. 35%"},"content":{"rendered":"<p>1 enda bitter \u00e4r s\u00f6t med en smak av anis och citrus. Detta \u00e4r en elegant och modern bitter som \u00e4r enkel och fin rundad.<\/p>\n<p>Kastanjskoden 1-singel best\u00e5r av totalt 9 kryddor, inklusive anis och lakrits, som dominerar i doft och smak med en unik renlighet. V\u00e4xtr\u00f6tter ger den trevliga smaken, och citrusskal ger en bra bas fr\u00e5n vilken anisen och lakritsen framtr\u00e4der fr\u00e5n sin b\u00e4sta sida.<\/p>\n<p>1-singel ska serveras ren, cool och \u00e4r idealisk f\u00f6r brunch.<\/p>\n<p>1-singel utvecklades 2001 efter ett omfattande analysarbete som resulterade i en s\u00f6t bitter med smak av anis och citrus. 1-singel testas som en ren vinnare, b\u00e5de i m\u00e4n och kvinnor.<\/p>\n","protected":false},"excerpt":{"rendered":"<p>1. Klasses Bitter<\/p>\n","protected":false},"featured_media":4318,"template":"","meta":{"_acf_changed":false,"rs_blank_template":"","rs_page_bg_color":"","slide_template_v7":""},"product_brand":[],"product_cat":[2394,2743,2407,2402],"product_tag":[],"class_list":{"0":"post-16361","1":"product","2":"type-product","3":"status-publish","4":"has-post-thumbnail","6":"product_cat-bitter-sv","7":"product_cat-brannvin-sv","8":"product_cat-shots-sv","9":"product_cat-sprit-sv","10":"pa_land-danmark-sv","11":"pa_procent-35-sv","12":"pa_producent-altia-sv","13":"pa_volume-70-sv-2","15":"first","16":"instock","17":"taxable","18":"shipping-taxable","19":"purchasable","20":"product-type-simple"},"bundled_by":[],"bundle_stock_status":"instock","bundle_stock_quantity":null,"bundle_virtual":false,"bundle_layout":"","bundle_add_to_cart_form_location":"","bundle_editable_in_cart":false,"bundle_sold_individually_context":"","bundle_item_grouping":"","bundle_min_size":"","bundle_max_size":"","bundle_price":[],"bundled_items":[],"bundle_sell_ids":[],"acf":[],"_links":{"self":[{"href":"https:\/\/www.raschvin.com\/sv\/wp-json\/wp\/v2\/product\/16361","targetHints":{"allow":["GET"]}}],"collection":[{"href":"https:\/\/www.raschvin.com\/sv\/wp-json\/wp\/v2\/product"}],"about":[{"href":"https:\/\/www.raschvin.com\/sv\/wp-json\/wp\/v2\/types\/product"}],"wp:featuredmedia":[{"embeddable":true,"href":"https:\/\/www.raschvin.com\/sv\/wp-json\/wp\/v2\/media\/4318"}],"wp:attachment":[{"href":"https:\/\/www.raschvin.com\/sv\/wp-json\/wp\/v2\/media?parent=16361"}],"wp:term":[{"taxonomy":"product_brand","embeddable":true,"href":"https:\/\/www.raschvin.com\/sv\/wp-json\/wp\/v2\/product_brand?post=16361"},{"taxonomy":"product_cat","embeddable":true,"href":"https:\/\/www.raschvin.com\/sv\/wp-json\/wp\/v2\/product_cat?post=16361"},{"taxonomy":"product_tag","embeddable":true,"href":"https:\/\/www.raschvin.com\/sv\/wp-json\/wp\/v2\/product_tag?post=16361"}],"curies":[{"name":"wp","href":"https:\/\/api.w.org\/{rel}","templated":true}]}}