{"id":16359,"date":"2024-11-05T09:04:15","date_gmt":"2024-11-05T08:04:15","guid":{"rendered":"https:\/\/www.raschvin.com\/vare\/jagermeister-manifest-100-cl\/"},"modified":"2024-11-05T09:10:04","modified_gmt":"2024-11-05T08:10:04","slug":"jaegermeister-manifest-100-cl","status":"publish","type":"product","link":"https:\/\/www.raschvin.com\/sv\/produkt\/jaegermeister-manifest-100-cl\/","title":{"rendered":"J\u00e4germeister MANIFEST 50 cl. 38%"},"content":{"rendered":"<p>Det kr\u00e4ver otvetydigt mot att bryta traditioner och utmana en legend. S\u00e4rskilt om det handlar om en v\u00e4rldsstj\u00e4rna, som har varit &#8221;toppmodern&#8221; sedan 1935. J\u00e4germeister har f\u00e5tt en ny medlem av jaktlaget, en superpremieutg\u00e5va, som leder den klassiska v\u00e4rldsledande till en ny smakniv\u00e5: J\u00e4germeister Manifestera<\/p>\n<p>Manifest vilar p\u00e5 samma mark med 56 \u00f6rter och v\u00e4xter som den ursprungliga J\u00e4germeisterna. F\u00f6rutom den ursprungliga blandningen har Manifesto ett antal \u00f6rter som \u00e4r maced separat. Dessutom innefattar det ocks\u00e5 ett rent vete destillat lagrat i 15 m\u00e5nader i sm\u00e5 rostade ekfat amerikanska och tyska, t.ex. Detta ger en helt ny upplevelse med mer komplexa och rundade smaker. Manifest har en alkoholhalt p\u00e5 38%, vilket resulterar i en mer distinkt smak. Smaken \u00e4r kraftfull och kryddad med fatkarakt\u00e4r och tips av torkad frukt, vanilj och bittersweet apelsiner.<\/p>\n","protected":false},"excerpt":{"rendered":"<p>German Oak Aged Herbal Liqueur-Shot<\/p>\n","protected":false},"featured_media":72239,"template":"","meta":{"_acf_changed":false,"rs_blank_template":"","rs_page_bg_color":"","slide_template_v7":""},"product_brand":[],"product_cat":[2387,2390,2402,2407,4714],"product_tag":[],"class_list":{"0":"post-16359","1":"product","2":"type-product","3":"status-publish","4":"has-post-thumbnail","6":"product_cat-avec-sv","7":"product_cat-sprit","8":"product_cat-sprit-sv","9":"product_cat-shots-sv","10":"product_cat-ort","11":"pa_land-tyskland-sv","12":"pa_procent-38-sv","13":"pa_producent-jaegermeister-sv","14":"pa_volume-50-sv","16":"first","17":"instock","18":"taxable","19":"shipping-taxable","20":"purchasable","21":"product-type-simple"},"bundled_by":[],"bundle_stock_status":"instock","bundle_stock_quantity":null,"bundle_virtual":false,"bundle_layout":"","bundle_add_to_cart_form_location":"","bundle_editable_in_cart":false,"bundle_sold_individually_context":"","bundle_item_grouping":"","bundle_min_size":"","bundle_max_size":"","bundle_price":[],"bundled_items":[],"bundle_sell_ids":[],"acf":[],"_links":{"self":[{"href":"https:\/\/www.raschvin.com\/sv\/wp-json\/wp\/v2\/product\/16359","targetHints":{"allow":["GET"]}}],"collection":[{"href":"https:\/\/www.raschvin.com\/sv\/wp-json\/wp\/v2\/product"}],"about":[{"href":"https:\/\/www.raschvin.com\/sv\/wp-json\/wp\/v2\/types\/product"}],"wp:featuredmedia":[{"embeddable":true,"href":"https:\/\/www.raschvin.com\/sv\/wp-json\/wp\/v2\/media\/72239"}],"wp:attachment":[{"href":"https:\/\/www.raschvin.com\/sv\/wp-json\/wp\/v2\/media?parent=16359"}],"wp:term":[{"taxonomy":"product_brand","embeddable":true,"href":"https:\/\/www.raschvin.com\/sv\/wp-json\/wp\/v2\/product_brand?post=16359"},{"taxonomy":"product_cat","embeddable":true,"href":"https:\/\/www.raschvin.com\/sv\/wp-json\/wp\/v2\/product_cat?post=16359"},{"taxonomy":"product_tag","embeddable":true,"href":"https:\/\/www.raschvin.com\/sv\/wp-json\/wp\/v2\/product_tag?post=16359"}],"curies":[{"name":"wp","href":"https:\/\/api.w.org\/{rel}","templated":true}]}}