{"id":16357,"date":"2022-05-30T09:41:15","date_gmt":"2022-05-30T07:41:15","guid":{"rendered":"https:\/\/www.raschvin.com\/vare\/gordons-the-original-100-cl\/"},"modified":"2022-11-18T10:27:20","modified_gmt":"2022-11-18T09:27:20","slug":"gordons-the-original-100-cl","status":"publish","type":"product","link":"https:\/\/www.raschvin.com\/sv\/produkt\/gordons-the-original-100-cl\/","title":{"rendered":"Gordon\u2019s Gin \u2013 The Original 100 cl. 37,5%"},"content":{"rendered":"<p>N\u00e4san \u00e4r tung med laddad enb\u00e4r med en pebble underton. Koriander lurar ocks\u00e5 p\u00e5 kanterna med en l\u00e4tt tips eller citrus och mental karakt\u00e4r. Klassisk.<\/p>\n<p>I en v\u00e4rld av Premium Luxury Gin \u00e4r det ofta l\u00e4tt att ta ett sidrum f\u00f6r de st\u00f6rre pojkarna. L\u00e5t oss inte gl\u00f6mma att Gordons Gin \u00e4r en diegosprodukt, densamma som Tanqueray. S\u00e5 \u00e4ven om de \u00e4r olika produkter, \u00e4r de faktiskt p\u00e5 samma lag. Det \u00e4r ocks\u00e5 v\u00e4rt att notera att Gordon Gin \u00e4r James Guns frihet att v\u00e4lja &#8211; s\u00e5 om det \u00e4r tillr\u00e4ckligt bra f\u00f6r en internationell superspion med en licens att d\u00f6da, s\u00e5 \u00e4r det tillr\u00e4ckligt bra f\u00f6r oss h\u00e4r i Liquor Town.<\/p>\n<p>Receptet p\u00e5 Gordons \u00e4r endast k\u00e4nt av tolv personer i v\u00e4rlden och har h\u00e5llits hemlig i 250 \u00e5r. Thires, gin inneh\u00e5ller enb\u00e4r, korianderfr\u00f6n, virvel, lakrits, orris rot, orange och citronskal. Det tar tio dagar destillation efter att ha f\u00e5tt vete f\u00f6r att skapa en f\u00e4rdig produkt av en flaska Gordons Gin. Gordons recept skiljer sig fr\u00e5n andra vid den tiden, eftersom det inte tillsatte socker, vilka andra destillerier hade anv\u00e4nt f\u00f6r att d\u00f6lja f\u00f6roreningar. Detta gjorde det till en &#8221;torr&#8221; gin.<\/p>\n","protected":false},"excerpt":{"rendered":"<p>London Dry Gin<\/p>\n","protected":false},"featured_media":4284,"template":"","meta":{"_acf_changed":false,"rs_blank_template":"","rs_page_bg_color":"","slide_template_v7":""},"product_brand":[],"product_cat":[2404,4688,2402],"product_tag":[],"class_list":{"0":"post-16357","1":"product","2":"type-product","3":"status-publish","4":"has-post-thumbnail","6":"product_cat-gin-sv","7":"product_cat-london-dry-sv","8":"product_cat-sprit-sv","9":"pa_land-england-sv","10":"pa_procent-37-5-sv","11":"pa_producent-diageo-sv","12":"pa_volume-100-sv","14":"first","15":"instock","16":"taxable","17":"shipping-taxable","18":"purchasable","19":"product-type-simple"},"bundled_by":[],"bundle_stock_status":"instock","bundle_stock_quantity":null,"bundle_virtual":false,"bundle_layout":"","bundle_add_to_cart_form_location":"","bundle_editable_in_cart":false,"bundle_sold_individually_context":"","bundle_item_grouping":"","bundle_min_size":"","bundle_max_size":"","bundle_price":[],"bundled_items":[],"bundle_sell_ids":[],"acf":[],"_links":{"self":[{"href":"https:\/\/www.raschvin.com\/sv\/wp-json\/wp\/v2\/product\/16357","targetHints":{"allow":["GET"]}}],"collection":[{"href":"https:\/\/www.raschvin.com\/sv\/wp-json\/wp\/v2\/product"}],"about":[{"href":"https:\/\/www.raschvin.com\/sv\/wp-json\/wp\/v2\/types\/product"}],"wp:featuredmedia":[{"embeddable":true,"href":"https:\/\/www.raschvin.com\/sv\/wp-json\/wp\/v2\/media\/4284"}],"wp:attachment":[{"href":"https:\/\/www.raschvin.com\/sv\/wp-json\/wp\/v2\/media?parent=16357"}],"wp:term":[{"taxonomy":"product_brand","embeddable":true,"href":"https:\/\/www.raschvin.com\/sv\/wp-json\/wp\/v2\/product_brand?post=16357"},{"taxonomy":"product_cat","embeddable":true,"href":"https:\/\/www.raschvin.com\/sv\/wp-json\/wp\/v2\/product_cat?post=16357"},{"taxonomy":"product_tag","embeddable":true,"href":"https:\/\/www.raschvin.com\/sv\/wp-json\/wp\/v2\/product_tag?post=16357"}],"curies":[{"name":"wp","href":"https:\/\/api.w.org\/{rel}","templated":true}]}}