{"id":16354,"date":"2022-05-30T09:41:15","date_gmt":"2022-05-30T07:41:15","guid":{"rendered":"https:\/\/www.raschvin.com\/vare\/ga-jol-original-gra\/"},"modified":"2022-11-17T18:11:18","modified_gmt":"2022-11-17T17:11:18","slug":"ga-jol-original-graa","status":"publish","type":"product","link":"https:\/\/www.raschvin.com\/sv\/produkt\/ga-jol-original-graa\/","title":{"rendered":"Ga-Jol Original Gr\u00e5 (Peber Lakrids) 70 cl. 30%"},"content":{"rendered":"<p>Gr\u00e5 GA-JOL vodkashot \u00e4r den nya &#8221;Sm\u00e5 Gr\u00e5&#8221;\/&#8221;Black pig&#8221; i ny fr\u00e4sch design med den klassiska smaken av pepperoni, som var s\u00e5 popul\u00e4r p\u00e5 90-talet. Gr\u00e5 GA-JOL vodkashot har den ursprungliga starka och fylliga smaken av pepparkakor blandat med premiumvodka.<\/p>\n<p>B\u00f6r avnjutas i rumstemperatur eller l\u00e4tt kyld.<\/p>\n<p>UNITED DRYCK<br \/>\nUnited Drinks \u00e4r ett familje\u00e4gt spritf\u00f6retag som har funnits sedan 1999 och \u00e4ger varum\u00e4rkena FISK och SURE FISK samt en licens att anv\u00e4nda varum\u00e4rkena<br \/>\nGA-JOL, ANTHON BERG och N\u00d8RREGADE.<\/p>\n<p>De utvecklar kontinuerligt nya produkter f\u00f6r b\u00e5de den nordiska och internationella marknaden. GA-JOL, FISK och SURE FISK skott \u00e4r marknadsledande i Danmark och exporteras till ett stort antal l\u00e4nder inklusive: Sverige, Norge, Finland, Island, Gr\u00f6nland, F\u00e4r\u00f6arna, Baltikum, Schweiz, Frankrike, Spanien, Grekland och Thailand.<\/p>\n","protected":false},"excerpt":{"rendered":"<p>Danish Licorice Shot<\/p>\n","protected":false},"featured_media":4260,"template":"","meta":{"_acf_changed":false,"rs_blank_template":"","rs_page_bg_color":"","slide_template_v7":""},"product_brand":[],"product_cat":[2387,4666,2407,2390,2402],"product_tag":[],"class_list":{"0":"post-16354","1":"product","2":"type-product","3":"status-publish","4":"has-post-thumbnail","6":"product_cat-avec-sv","7":"product_cat-lakrits-sprit","8":"product_cat-shots-sv","9":"product_cat-sprit","10":"product_cat-sprit-sv","11":"pa_land-danmark-sv","12":"pa_procent-30-sv","13":"pa_producent-united-drinks-a-s-sv","14":"pa_volume-70-sv-2","16":"first","17":"instock","18":"taxable","19":"shipping-taxable","20":"purchasable","21":"product-type-simple"},"bundled_by":[],"bundle_stock_status":"instock","bundle_stock_quantity":null,"bundle_virtual":false,"bundle_layout":"","bundle_add_to_cart_form_location":"","bundle_editable_in_cart":false,"bundle_sold_individually_context":"","bundle_item_grouping":"","bundle_min_size":"","bundle_max_size":"","bundle_price":[],"bundled_items":[],"bundle_sell_ids":[],"acf":[],"_links":{"self":[{"href":"https:\/\/www.raschvin.com\/sv\/wp-json\/wp\/v2\/product\/16354","targetHints":{"allow":["GET"]}}],"collection":[{"href":"https:\/\/www.raschvin.com\/sv\/wp-json\/wp\/v2\/product"}],"about":[{"href":"https:\/\/www.raschvin.com\/sv\/wp-json\/wp\/v2\/types\/product"}],"wp:featuredmedia":[{"embeddable":true,"href":"https:\/\/www.raschvin.com\/sv\/wp-json\/wp\/v2\/media\/4260"}],"wp:attachment":[{"href":"https:\/\/www.raschvin.com\/sv\/wp-json\/wp\/v2\/media?parent=16354"}],"wp:term":[{"taxonomy":"product_brand","embeddable":true,"href":"https:\/\/www.raschvin.com\/sv\/wp-json\/wp\/v2\/product_brand?post=16354"},{"taxonomy":"product_cat","embeddable":true,"href":"https:\/\/www.raschvin.com\/sv\/wp-json\/wp\/v2\/product_cat?post=16354"},{"taxonomy":"product_tag","embeddable":true,"href":"https:\/\/www.raschvin.com\/sv\/wp-json\/wp\/v2\/product_tag?post=16354"}],"curies":[{"name":"wp","href":"https:\/\/api.w.org\/{rel}","templated":true}]}}