{"id":16349,"date":"2022-05-30T09:39:54","date_gmt":"2022-05-30T07:39:54","guid":{"rendered":"https:\/\/www.raschvin.com\/vare\/mozart-pumpkin-spice\/"},"modified":"2022-11-28T18:41:55","modified_gmt":"2022-11-28T17:41:55","slug":"mozart-pumpkin-spice","status":"publish","type":"product","link":"https:\/\/www.raschvin.com\/sv\/produkt\/mozart-pumpkin-spice\/","title":{"rendered":"Mozart Chocolate Cream Pumpkin Spice 50 cl. 17%"},"content":{"rendered":"<p>Chokladigt och lyxigt, med muskotn\u00f6t, ingef\u00e4ra och kanel. Precis som en pumpakryddad latte.<br \/>\nGourmet choloclate gr\u00e4ddlik\u00f6r gjord av de finaste ingredienserna, en blandning av kakaosm\u00f6r och gr\u00e4dde, Bourbon Vanilj fr\u00e5n Madagaskar kola, naturlig pumpajuice och kanel och kryddnejlika<br \/>\nUts\u00f6kt serverad prydlig, l\u00e4tt kyld som en godbit. Ocks\u00e5 en bra bas f\u00f6r choctails eller f\u00f6r att f\u00f6rfina desserter.<br \/>\nDenna \u00e4r gjord med en bas av Mozart Chokladkr\u00e4m infunderad med smaker av pumpakrydda<br \/>\nFick en silvermedalj p\u00e5 Spirits Business Liqueur Masters 2019.<br \/>\nMozart har \u00f6ver 40 \u00e5rs erfarenhet av att skapa de allra finaste chokladlik\u00f6rerna. Alla Mozarts chokladprodukter \u00e4r gjorda av naturliga r\u00e5varor med en process av kall maceration av kakao och vanilj.<\/p>\n","protected":false},"excerpt":{"rendered":"<p>Premium Chocolate Liqueur<\/p>\n","protected":false},"featured_media":4219,"template":"","meta":{"_acf_changed":false,"rs_blank_template":"","rs_page_bg_color":"","slide_template_v7":""},"product_brand":[],"product_cat":[2387,2390,4673,4676],"product_tag":[],"class_list":{"0":"post-16349","1":"product","2":"type-product","3":"status-publish","4":"has-post-thumbnail","6":"product_cat-avec-sv","7":"product_cat-sprit","8":"product_cat-creme-sv","9":"product_cat-choklad","10":"pa_land-oesterrike","11":"pa_procent-17-sv","12":"pa_producent-schlumberger-gmbh-sv","13":"pa_region-weinland-sv","14":"pa_volume-50-sv","16":"first","17":"instock","18":"taxable","19":"shipping-taxable","20":"purchasable","21":"product-type-simple"},"bundled_by":[],"bundle_stock_status":"instock","bundle_stock_quantity":null,"bundle_virtual":false,"bundle_layout":"","bundle_add_to_cart_form_location":"","bundle_editable_in_cart":false,"bundle_sold_individually_context":"","bundle_item_grouping":"","bundle_min_size":"","bundle_max_size":"","bundle_price":[],"bundled_items":[],"bundle_sell_ids":[],"acf":[],"_links":{"self":[{"href":"https:\/\/www.raschvin.com\/sv\/wp-json\/wp\/v2\/product\/16349","targetHints":{"allow":["GET"]}}],"collection":[{"href":"https:\/\/www.raschvin.com\/sv\/wp-json\/wp\/v2\/product"}],"about":[{"href":"https:\/\/www.raschvin.com\/sv\/wp-json\/wp\/v2\/types\/product"}],"wp:featuredmedia":[{"embeddable":true,"href":"https:\/\/www.raschvin.com\/sv\/wp-json\/wp\/v2\/media\/4219"}],"wp:attachment":[{"href":"https:\/\/www.raschvin.com\/sv\/wp-json\/wp\/v2\/media?parent=16349"}],"wp:term":[{"taxonomy":"product_brand","embeddable":true,"href":"https:\/\/www.raschvin.com\/sv\/wp-json\/wp\/v2\/product_brand?post=16349"},{"taxonomy":"product_cat","embeddable":true,"href":"https:\/\/www.raschvin.com\/sv\/wp-json\/wp\/v2\/product_cat?post=16349"},{"taxonomy":"product_tag","embeddable":true,"href":"https:\/\/www.raschvin.com\/sv\/wp-json\/wp\/v2\/product_tag?post=16349"}],"curies":[{"name":"wp","href":"https:\/\/api.w.org\/{rel}","templated":true}]}}