{"id":16347,"date":"2025-01-14T17:33:54","date_gmt":"2025-01-14T16:33:54","guid":{"rendered":"https:\/\/www.raschvin.com\/vare\/captain-morgan-spiced-gold-magnum-barrel-bottle-150-cl\/"},"modified":"2022-11-08T18:04:59","modified_gmt":"2022-11-08T17:04:59","slug":"captain-morgan-spiced-gold-magnum-barrel-bottle-150-cl","status":"publish","type":"product","link":"https:\/\/www.raschvin.com\/sv\/produkt\/captain-morgan-spiced-gold-magnum-barrel-bottle-150-cl\/","title":{"rendered":"Captain Morgan &#8211; Spiced Gold Magnum Barrel 150 cl. 35%"},"content":{"rendered":"<p>Barrelflaska &#8211; 150 cl<\/p>\n<p>Kapten Morgan Original Spiced Gold\u00ae har en mjuk och medelstora smak och \u00e4r en drink, baserat p\u00e5 en hemlig blandning av olika typer av karibiska Rom, milda kryddor och andra naturliga aromer. Det f\u00e5r sin rika och gula f\u00e4rgade kostym fr\u00e5n de br\u00e4nda disken av vita br\u00e4dor, som det \u00e4r blekat i.<\/p>\n<p>Kapten Morgan Original Spiced Gold\u00ae \u00e4r perfekt att blanda med koks &#8211; det hemliga receptet av blandade kryddor tillsammans med Cola ger en legendarisk mix!<\/p>\n<p>Cola \u00e4r perfekt i kombination med Captain Morgan Original Spiced Gold\u00ae. Varf\u00f6r? Eftersom blandningen belyser taket av vanilj som ger en legendarisk mix!<\/p>\n<p>Ingredienser:<br \/>\n4 cl. Kapten Morgan Original Spiced Gold\u00ae<br \/>\nCola<br \/>\n1 skiva kalk<\/p>\n","protected":false},"excerpt":{"rendered":"<p>Premium Spirit Drink<\/p>\n","protected":false},"featured_media":52942,"template":"","meta":{"_acf_changed":false,"rs_blank_template":"","rs_page_bg_color":"","slide_template_v7":""},"product_brand":[],"product_cat":[2391,9221,9222,9232,9234],"product_tag":[],"class_list":{"0":"post-16347","1":"product","2":"type-product","3":"status-publish","4":"has-post-thumbnail","6":"product_cat-rom-sv","7":"product_cat-romtyper","8":"product_cat-rum-based-spirit-drink","9":"product_cat-flaskor","10":"product_cat-magnumflaskor-rom","11":"pa_land-karibien","12":"pa_procent-35-sv","13":"pa_producent-diageo-sv","14":"pa_volume-150-sv","16":"first","17":"instock","18":"sale","19":"taxable","20":"shipping-taxable","21":"purchasable","22":"product-type-simple"},"bundled_by":[],"bundle_stock_status":"instock","bundle_stock_quantity":null,"bundle_virtual":false,"bundle_layout":"","bundle_add_to_cart_form_location":"","bundle_editable_in_cart":false,"bundle_sold_individually_context":"","bundle_item_grouping":"","bundle_min_size":"","bundle_max_size":"","bundle_price":[],"bundled_items":[],"bundle_sell_ids":[],"acf":[],"_links":{"self":[{"href":"https:\/\/www.raschvin.com\/sv\/wp-json\/wp\/v2\/product\/16347","targetHints":{"allow":["GET"]}}],"collection":[{"href":"https:\/\/www.raschvin.com\/sv\/wp-json\/wp\/v2\/product"}],"about":[{"href":"https:\/\/www.raschvin.com\/sv\/wp-json\/wp\/v2\/types\/product"}],"wp:featuredmedia":[{"embeddable":true,"href":"https:\/\/www.raschvin.com\/sv\/wp-json\/wp\/v2\/media\/52942"}],"wp:attachment":[{"href":"https:\/\/www.raschvin.com\/sv\/wp-json\/wp\/v2\/media?parent=16347"}],"wp:term":[{"taxonomy":"product_brand","embeddable":true,"href":"https:\/\/www.raschvin.com\/sv\/wp-json\/wp\/v2\/product_brand?post=16347"},{"taxonomy":"product_cat","embeddable":true,"href":"https:\/\/www.raschvin.com\/sv\/wp-json\/wp\/v2\/product_cat?post=16347"},{"taxonomy":"product_tag","embeddable":true,"href":"https:\/\/www.raschvin.com\/sv\/wp-json\/wp\/v2\/product_tag?post=16347"}],"curies":[{"name":"wp","href":"https:\/\/api.w.org\/{rel}","templated":true}]}}