{"id":16336,"date":"2022-05-30T09:38:23","date_gmt":"2022-05-30T07:38:23","guid":{"rendered":"https:\/\/www.raschvin.com\/vare\/whitley-neill-blackberry-handcrafted-gin\/"},"modified":"2022-12-13T10:44:04","modified_gmt":"2022-12-13T09:44:04","slug":"whitley-neill-blackberry-handcrafted-gin","status":"publish","type":"product","link":"https:\/\/www.raschvin.com\/sv\/produkt\/whitley-neill-blackberry-handcrafted-gin\/","title":{"rendered":"Whitley Neill &#8211; Blackberry Gin 70 cl. 43%"},"content":{"rendered":"<p>Smak<br \/>\nDenna gin smakar av f\u00e4rska skrymmande b\u00e4r och tips av blomma krok.<\/p>\n<p>Inneh\u00e5ller en smidig smak, med en k\u00e4rna av l\u00e4ckra, piney enb\u00e4r, f\u00f6ljt av zesty s\u00f6t citrus och tips av underbar svartpeppar. Finalen \u00e4r lite jordn\u00e4ra med den uppv\u00e4rmda krydda av Kassia.<\/p>\n<p>Whitley Neill Gin \u00e4r gjord av en 100% grainspirit som \u00e4r f\u00e4rdig med botanik innan den destilleras i en vacker antikopparkruka, som fortfarande kallas &#8221;Constance&#8221;, som \u00e4r \u00f6ver 100 \u00e5r gammal.<\/p>\n<p>Endast det renaste vattnet anv\u00e4nds och var och en av de nio botanisten \u00e4r noggrant utvald f\u00f6r att s\u00e4kerst\u00e4lla att de \u00e4r av h\u00f6gsta kvalitet. Whitley Neills tagline &#8221;tillverkad av livet av livet&#8221; g\u00e5r l\u00e5ngt i att beskriva vad dessa botanik kan vara.<\/p>\n<p>Genom att samla en blandning av innovativa botaniker som krusb\u00e4r och Baobab-frukt till sitt sortiment, har det ocks\u00e5 andra mer traditionella botaniska f\u00f6rem\u00e5l som enb\u00e4r, koriander, citron och apelsinskal, Angelica Root, Cassia Bark och Orris Rod.<\/p>\n<p>Skaparen Johnny Neill s\u00e4ger att det speglar sin fr\u00e4scha vyer fr\u00e5n det 21: a \u00e5rhundradet, samtidigt som han h\u00e4nvisar till GInnas arv och den London-baserade gindestillationsupplevelsen som anv\u00e4nds p\u00e5 destilleriet.<\/p>\n","protected":false},"excerpt":{"rendered":"<p>English Handcrafted Flavoured Gin<\/p>\n","protected":false},"featured_media":4092,"template":"","meta":{"_acf_changed":false,"rs_blank_template":"","rs_page_bg_color":"","slide_template_v7":""},"product_brand":[],"product_cat":[4700,2402,2404],"product_tag":[],"class_list":{"0":"post-16336","1":"product","2":"type-product","3":"status-publish","4":"has-post-thumbnail","6":"product_cat-flavoured-gin-sv","7":"product_cat-sprit-sv","8":"product_cat-gin-sv","9":"pa_land-england-sv","10":"pa_procent-43-sv","11":"pa_producent-whitley-neill-co-sv","12":"pa_volume-70-sv-2","14":"first","15":"instock","16":"sale","17":"taxable","18":"shipping-taxable","19":"purchasable","20":"product-type-simple"},"bundled_by":[],"bundle_stock_status":"instock","bundle_stock_quantity":null,"bundle_virtual":false,"bundle_layout":"","bundle_add_to_cart_form_location":"","bundle_editable_in_cart":false,"bundle_sold_individually_context":"","bundle_item_grouping":"","bundle_min_size":"","bundle_max_size":"","bundle_price":[],"bundled_items":[],"bundle_sell_ids":[],"acf":[],"_links":{"self":[{"href":"https:\/\/www.raschvin.com\/sv\/wp-json\/wp\/v2\/product\/16336","targetHints":{"allow":["GET"]}}],"collection":[{"href":"https:\/\/www.raschvin.com\/sv\/wp-json\/wp\/v2\/product"}],"about":[{"href":"https:\/\/www.raschvin.com\/sv\/wp-json\/wp\/v2\/types\/product"}],"wp:featuredmedia":[{"embeddable":true,"href":"https:\/\/www.raschvin.com\/sv\/wp-json\/wp\/v2\/media\/4092"}],"wp:attachment":[{"href":"https:\/\/www.raschvin.com\/sv\/wp-json\/wp\/v2\/media?parent=16336"}],"wp:term":[{"taxonomy":"product_brand","embeddable":true,"href":"https:\/\/www.raschvin.com\/sv\/wp-json\/wp\/v2\/product_brand?post=16336"},{"taxonomy":"product_cat","embeddable":true,"href":"https:\/\/www.raschvin.com\/sv\/wp-json\/wp\/v2\/product_cat?post=16336"},{"taxonomy":"product_tag","embeddable":true,"href":"https:\/\/www.raschvin.com\/sv\/wp-json\/wp\/v2\/product_tag?post=16336"}],"curies":[{"name":"wp","href":"https:\/\/api.w.org\/{rel}","templated":true}]}}