{"id":16334,"date":"2025-02-10T15:39:23","date_gmt":"2025-02-10T14:39:23","guid":{"rendered":"https:\/\/www.raschvin.com\/vare\/whitley-neill-quince-handcrafted-gin\/"},"modified":"2025-02-10T15:50:11","modified_gmt":"2025-02-10T14:50:11","slug":"whitley-neill-quince-handcrafted-gin","status":"publish","type":"product","link":"https:\/\/www.raschvin.com\/sv\/produkt\/whitley-neill-quince-handcrafted-gin\/","title":{"rendered":"Whitley Neill &#8211; Quince Gin 70 cl. 41,3%"},"content":{"rendered":"<p>H\u00e4r f\u00e5r du en riktigt sp\u00e4nnande gin. Doften av f\u00e4rska stenfrukter framtr\u00e4der omedelbart, f\u00f6ljt f\u00f6rsiktigt av anteckningar med enb\u00e4r och citrusskal. Den karakteristiska smaken av kvitten dominerar gommen som ger utrymme f\u00f6r s\u00f6tma av aprikoser och persikor, med en l\u00e5ng fruktig finish som p\u00e5minner om en av apelsinblommor och slipa grapefrukt. En smak av \u00e4ventyr och uppt\u00e4ckt l\u00f6per genom alla \u00e5tta generationer av Whitley Neill-sl\u00e4kttr\u00e4det. S\u00e5 det borde inte komma som en \u00f6verraskning att Frederick Neill vid sekelskiftet var p\u00e5 en resa genom Persien, d\u00e4r han uppt\u00e4ckte ett antal exotiska frukter, \u00f6rter och kryddor f\u00f6r att inspirera Greenall Whitley-familjen samling av Gin Recept. Medan han var d\u00e4r blev han f\u00f6rv\u00e5nad \u00f6ver att uppt\u00e4cka kvinnors frukter som v\u00e4xte i de gamla bergen. Och det \u00e4r den otvetydiga turkiska kvitten, blandad med en mjuk blandning av persiska \u00f6rter och kryddor som ger Whitley Neill Quince gin sin egenskap, fantastisk smak. En handgjord gin av exceptionell kvalitet, med en smak som \u00e4r lika rik som hans f\u00f6rf\u00e4der.<\/p>\n<p>Whitley Neill Gin \u00e4r gjord av en 100% grainspirit som \u00e4r f\u00e4rdig med botanik innan den destilleras i en vacker antikopparkruka, som fortfarande kallas &#8221;Constance&#8221;, som \u00e4r \u00f6ver 100 \u00e5r gammal.<\/p>\n<p>Endast det renaste vattnet anv\u00e4nds och var och en av de nio botanisten \u00e4r noggrant utvald f\u00f6r att s\u00e4kerst\u00e4lla att de \u00e4r av h\u00f6gsta kvalitet. Whitley Neills tagline &#8221;tillverkad av livet av livet&#8221; g\u00e5r l\u00e5ngt i att beskriva vad dessa botanik kan vara.<\/p>\n<p>Genom att samla en blandning av innovativa botaniker som krusb\u00e4r och Baobab-frukt till sitt sortiment, har det ocks\u00e5 andra mer traditionella botaniska f\u00f6rem\u00e5l som enb\u00e4r, koriander, citron och apelsinskal, Angelica Root, Cassia Bark och Orris Rod.<\/p>\n<p>Skaparen Johnny Neill s\u00e4ger att det speglar sin fr\u00e4scha vyer fr\u00e5n det 21: a \u00e5rhundradet, samtidigt som han h\u00e4nvisar till GInnas arv och den London-baserade gindestillationsupplevelsen som anv\u00e4nds p\u00e5 destilleriet.<\/p>\n","protected":false},"excerpt":{"rendered":"<p>English Handcrafted Flavoured Gin<\/p>\n","protected":false},"featured_media":4066,"template":"","meta":{"_acf_changed":false,"rs_blank_template":"","rs_page_bg_color":"","slide_template_v7":""},"product_brand":[],"product_cat":[2402,2404,4700],"product_tag":[],"class_list":{"0":"post-16334","1":"product","2":"type-product","3":"status-publish","4":"has-post-thumbnail","6":"product_cat-sprit-sv","7":"product_cat-gin-sv","8":"product_cat-flavoured-gin-sv","9":"pa_land-england-sv","10":"pa_procent-41-5-2-sv","11":"pa_producent-whitley-neill-co-sv","12":"pa_volume-70-sv-2","14":"first","15":"instock","16":"sale","17":"taxable","18":"shipping-taxable","19":"purchasable","20":"product-type-simple"},"bundled_by":[],"bundle_stock_status":"instock","bundle_stock_quantity":null,"bundle_virtual":false,"bundle_layout":"","bundle_add_to_cart_form_location":"","bundle_editable_in_cart":false,"bundle_sold_individually_context":"","bundle_item_grouping":"","bundle_min_size":"","bundle_max_size":"","bundle_price":[],"bundled_items":[],"bundle_sell_ids":[],"acf":[],"_links":{"self":[{"href":"https:\/\/www.raschvin.com\/sv\/wp-json\/wp\/v2\/product\/16334","targetHints":{"allow":["GET"]}}],"collection":[{"href":"https:\/\/www.raschvin.com\/sv\/wp-json\/wp\/v2\/product"}],"about":[{"href":"https:\/\/www.raschvin.com\/sv\/wp-json\/wp\/v2\/types\/product"}],"wp:featuredmedia":[{"embeddable":true,"href":"https:\/\/www.raschvin.com\/sv\/wp-json\/wp\/v2\/media\/4066"}],"wp:attachment":[{"href":"https:\/\/www.raschvin.com\/sv\/wp-json\/wp\/v2\/media?parent=16334"}],"wp:term":[{"taxonomy":"product_brand","embeddable":true,"href":"https:\/\/www.raschvin.com\/sv\/wp-json\/wp\/v2\/product_brand?post=16334"},{"taxonomy":"product_cat","embeddable":true,"href":"https:\/\/www.raschvin.com\/sv\/wp-json\/wp\/v2\/product_cat?post=16334"},{"taxonomy":"product_tag","embeddable":true,"href":"https:\/\/www.raschvin.com\/sv\/wp-json\/wp\/v2\/product_tag?post=16334"}],"curies":[{"name":"wp","href":"https:\/\/api.w.org\/{rel}","templated":true}]}}