{"id":16330,"date":"2022-05-30T09:36:59","date_gmt":"2022-05-30T07:36:59","guid":{"rendered":"https:\/\/www.raschvin.com\/vare\/whitley-neill-small-batch-dry\/"},"modified":"2022-12-13T11:14:56","modified_gmt":"2022-12-13T10:14:56","slug":"whitley-neill-small-batch-dry","status":"publish","type":"product","link":"https:\/\/www.raschvin.com\/sv\/produkt\/whitley-neill-small-batch-dry\/","title":{"rendered":"Whitley Neill &#8211; Original Dry Gin 70 cl. 43%"},"content":{"rendered":"<p>Whitley Neill Gin \u00e4r en h\u00e4rlig handgjord gin, som \u00e4r lite mjukare och mycket mjukare \u00e4n den traditionella ginen, med rika anteckningar av enb\u00e4r och citrus och exotiska kryddor. M\u00e5let \u00e4r en l\u00e5ng, med en subtil r\u00e4tter av \u00f6rter, kakao och kandad citronskalare, medan n\u00e4san \u00e4r b\u00e5de citrus-s\u00f6t och pepparfyllmedel med en distinkt blomsterdoft.<\/p>\n<p>Denna extraordin\u00e4ra dryck skapades av Johnny Neill, en direkt \u00e4ttling av ett stort antal destill\u00f6rer, vars arv str\u00e4cker sig tillbaka s\u00e5 l\u00e5ngt som Baobab-tr\u00e4den finns i Afrika idag. Whitley Neill Handcrafted Dry Gin \u00e4r ett balanserat, karakteristiskt gin som blandar klassiska gin botaniska \u00e4mnen med exotiska afrikanska botaniska \u00e4mnen f\u00f6r att skapa en drink med en smak som unik som dess arv.<\/p>\n<p>Whitley Neill Gin \u00e4r gjord av en 100% grainspirit som \u00e4r f\u00e4rdig med botanik innan den destilleras i en vacker antikopparkruka, som fortfarande kallas &#8221;Constance&#8221;, som \u00e4r \u00f6ver 100 \u00e5r gammal.<\/p>\n<p>Endast det renaste vattnet anv\u00e4nds och var och en av de nio botanisten \u00e4r noggrant utvald f\u00f6r att s\u00e4kerst\u00e4lla att de \u00e4r av h\u00f6gsta kvalitet. Whitley Neills tagline &#8221;tillverkad av livet av livet&#8221; g\u00e5r l\u00e5ngt i att beskriva vad dessa botanik kan vara.<\/p>\n<p>Genom att samla en blandning av innovativa botaniker som krusb\u00e4r och Baobab-frukt till sitt sortiment, har det ocks\u00e5 andra mer traditionella botaniska f\u00f6rem\u00e5l som enb\u00e4r, koriander, citron och apelsinskal, Angelica Root, Cassia Bark och Orris Rod.<\/p>\n<p>Skaparen Johnny Neill s\u00e4ger att det speglar sin fr\u00e4scha vyer fr\u00e5n det 21: a \u00e5rhundradet, samtidigt som han h\u00e4nvisar till GInnas arv och den London-baserade gindestillationsupplevelsen som anv\u00e4nds p\u00e5 destilleriet.<\/p>\n","protected":false},"excerpt":{"rendered":"<p>English Handcrafted Gin<\/p>\n","protected":false},"featured_media":4014,"template":"","meta":{"_acf_changed":false,"rs_blank_template":"","rs_page_bg_color":"","slide_template_v7":""},"product_brand":[],"product_cat":[4688,2402,2404],"product_tag":[],"class_list":{"0":"post-16330","1":"product","2":"type-product","3":"status-publish","4":"has-post-thumbnail","6":"product_cat-london-dry-sv","7":"product_cat-sprit-sv","8":"product_cat-gin-sv","9":"pa_land-england-sv","10":"pa_procent-43-sv","11":"pa_producent-whitley-neill-co-sv","12":"pa_volume-70-sv-2","14":"first","15":"instock","16":"sale","17":"taxable","18":"shipping-taxable","19":"purchasable","20":"product-type-simple"},"bundled_by":["116227","117544"],"bundle_stock_status":"instock","bundle_stock_quantity":null,"bundle_virtual":false,"bundle_layout":"","bundle_add_to_cart_form_location":"","bundle_editable_in_cart":false,"bundle_sold_individually_context":"","bundle_item_grouping":"","bundle_min_size":"","bundle_max_size":"","bundle_price":[],"bundled_items":[],"bundle_sell_ids":[],"acf":[],"_links":{"self":[{"href":"https:\/\/www.raschvin.com\/sv\/wp-json\/wp\/v2\/product\/16330","targetHints":{"allow":["GET"]}}],"collection":[{"href":"https:\/\/www.raschvin.com\/sv\/wp-json\/wp\/v2\/product"}],"about":[{"href":"https:\/\/www.raschvin.com\/sv\/wp-json\/wp\/v2\/types\/product"}],"wp:featuredmedia":[{"embeddable":true,"href":"https:\/\/www.raschvin.com\/sv\/wp-json\/wp\/v2\/media\/4014"}],"wp:attachment":[{"href":"https:\/\/www.raschvin.com\/sv\/wp-json\/wp\/v2\/media?parent=16330"}],"wp:term":[{"taxonomy":"product_brand","embeddable":true,"href":"https:\/\/www.raschvin.com\/sv\/wp-json\/wp\/v2\/product_brand?post=16330"},{"taxonomy":"product_cat","embeddable":true,"href":"https:\/\/www.raschvin.com\/sv\/wp-json\/wp\/v2\/product_cat?post=16330"},{"taxonomy":"product_tag","embeddable":true,"href":"https:\/\/www.raschvin.com\/sv\/wp-json\/wp\/v2\/product_tag?post=16330"}],"curies":[{"name":"wp","href":"https:\/\/api.w.org\/{rel}","templated":true}]}}