{"id":16318,"date":"2022-05-30T09:35:30","date_gmt":"2022-05-30T07:35:30","guid":{"rendered":"https:\/\/www.raschvin.com\/vare\/hendricks-original\/"},"modified":"2025-03-24T14:49:23","modified_gmt":"2025-03-24T13:49:23","slug":"hendricks-original","status":"publish","type":"product","link":"https:\/\/www.raschvin.com\/sv\/produkt\/hendricks-original\/","title":{"rendered":"Hendrick\u2019s 70 cl. 41,4%"},"content":{"rendered":"<p>Hendricks Gin produceras i Traditonel-show p\u00e5 Juniper och Coriander. Det speciella med det \u00e4r att gurka och rosblad ocks\u00e5 l\u00e4ggs till, vilket g\u00f6r att detta gin har en h\u00e4rlig mild och frisk smak. Det \u00e4r sj\u00e4lvklart bra p\u00e5 Gin och Tonic.<\/p>\n<p>F\u00f6rslag:<\/p>\n<p>Gin och tonic med en vridning.<br \/>\n&#8211; Hendricks gin.<br \/>\n&#8211; Indiskt toniskt vatten<br \/>\n&#8211; cukade skivor<br \/>\n&#8211; m\u00f6jligen. Gurka juice.<br \/>\nH\u00e4ll gin i ett h\u00f6gt glas med isbitar och fyll i med tonic.<br \/>\nR\u00f6r runt och dekorationer med finskuren gurka<br \/>\nDet kan finnas n\u00e5gon. L\u00e4gg till 1 cl pressad gurkajuice f\u00f6r att markera gurka.<\/p>\n","protected":false},"excerpt":{"rendered":"<p>Premium Botanical Gin<\/p>\n","protected":false},"featured_media":3885,"template":"","meta":{"_acf_changed":false,"rs_blank_template":"","rs_page_bg_color":"","slide_template_v7":""},"product_brand":[],"product_cat":[4711,2404,8335,2402],"product_tag":[],"class_list":{"0":"post-16318","1":"product","2":"type-product","3":"status-publish","4":"has-post-thumbnail","6":"product_cat-andra-gins","7":"product_cat-gin-sv","8":"product_cat-hendriks-sv","9":"product_cat-sprit-sv","10":"pa_land-skottland","11":"pa_procent-41-4-sv","12":"pa_producent-girvan-distillery-sv","13":"pa_volume-70-sv-2","15":"first","16":"instock","17":"sale","18":"taxable","19":"shipping-taxable","20":"purchasable","21":"product-type-simple"},"bundled_by":["117239"],"bundle_stock_status":"instock","bundle_stock_quantity":null,"bundle_virtual":false,"bundle_layout":"","bundle_add_to_cart_form_location":"","bundle_editable_in_cart":false,"bundle_sold_individually_context":"","bundle_item_grouping":"","bundle_min_size":"","bundle_max_size":"","bundle_price":[],"bundled_items":[],"bundle_sell_ids":[],"acf":[],"_links":{"self":[{"href":"https:\/\/www.raschvin.com\/sv\/wp-json\/wp\/v2\/product\/16318","targetHints":{"allow":["GET"]}}],"collection":[{"href":"https:\/\/www.raschvin.com\/sv\/wp-json\/wp\/v2\/product"}],"about":[{"href":"https:\/\/www.raschvin.com\/sv\/wp-json\/wp\/v2\/types\/product"}],"wp:featuredmedia":[{"embeddable":true,"href":"https:\/\/www.raschvin.com\/sv\/wp-json\/wp\/v2\/media\/3885"}],"wp:attachment":[{"href":"https:\/\/www.raschvin.com\/sv\/wp-json\/wp\/v2\/media?parent=16318"}],"wp:term":[{"taxonomy":"product_brand","embeddable":true,"href":"https:\/\/www.raschvin.com\/sv\/wp-json\/wp\/v2\/product_brand?post=16318"},{"taxonomy":"product_cat","embeddable":true,"href":"https:\/\/www.raschvin.com\/sv\/wp-json\/wp\/v2\/product_cat?post=16318"},{"taxonomy":"product_tag","embeddable":true,"href":"https:\/\/www.raschvin.com\/sv\/wp-json\/wp\/v2\/product_tag?post=16318"}],"curies":[{"name":"wp","href":"https:\/\/api.w.org\/{rel}","templated":true}]}}