{"id":16317,"date":"2022-05-30T09:35:30","date_gmt":"2022-05-30T07:35:30","guid":{"rendered":"https:\/\/www.raschvin.com\/vare\/geranium-gin\/"},"modified":"2022-11-17T20:13:44","modified_gmt":"2022-11-17T19:13:44","slug":"geranium-gin","status":"publish","type":"product","link":"https:\/\/www.raschvin.com\/sv\/produkt\/geranium-gin\/","title":{"rendered":"Geranium Gin 70 cl. 44%"},"content":{"rendered":"<p>Geranium Gin \u00e4r den b\u00e4sta nominella gin i v\u00e4rlden! Det \u00e4r ganska vildt vad Geranium Gin har vunnit av vackra medaljer. Denna gin \u00e4r utvecklad av den danska ginexperten Henrik Hammer, och han har slagit platsen.<\/p>\n<p>En av Geranium Gin \u00e4r unik \u00e4r att den \u00e4r gjord med Geranium-fabriken (Storkfire p\u00e5 danska), som vanligtvis inte \u00e4r en grundl\u00e4ggande ingrediens i vanliga GINS. Historien om pelargonanl\u00e4ggningen \u00e4r att den tidigare anv\u00e4ndes i olika h\u00e4lsokost och medicin, precis som den mycket klassiska giningrediensen, n\u00e4mligen enb\u00e4r. Geranium Gin \u00e4r faktiskt den f\u00f6rsta i sitt slag i v\u00e4rlden, d\u00e4r du har kombinerat tv\u00e5 ingredienser, och det har blivit en stor framg\u00e5ng. Geranium gin inneh\u00e5ller ocks\u00e5 apelsinskal, orrisrot, citronskal, korianderfr\u00f6, lakritsrot, Angelicarod och Cassiaabark. Allt erbjuder ett extremt v\u00e4lgjort och balanserat gin, som \u00e4r runda och bekv\u00e4ma i smaken. Det anv\u00e4nda pelargonan kommer fr\u00e5n en dansk tr\u00e4dg\u00e5rdsodling vid hedhusen. Gin sj\u00e4lv \u00e4r handgjord p\u00e5 en \u00f6ver 100 \u00e5r gammal kopparbok i England p\u00e5 Langley Distillery i Birmingham. 70 cl. FLASKA.<\/p>\n","protected":false},"excerpt":{"rendered":"<p>Premium London Dry Gin<\/p>\n","protected":false},"featured_media":3875,"template":"","meta":{"_acf_changed":false,"rs_blank_template":"","rs_page_bg_color":"","slide_template_v7":""},"product_brand":[],"product_cat":[2404,4688,2402],"product_tag":[],"class_list":{"0":"post-16317","1":"product","2":"type-product","3":"status-publish","4":"has-post-thumbnail","6":"product_cat-gin-sv","7":"product_cat-london-dry-sv","8":"product_cat-sprit-sv","9":"pa_land-danmark-sv","10":"pa_land-england-sv","11":"pa_procent-44-sv","12":"pa_producent-hammer-son-ltd-sv","13":"pa_volume-70-sv-2","15":"first","16":"instock","17":"taxable","18":"shipping-taxable","19":"purchasable","20":"product-type-simple"},"bundled_by":[],"bundle_stock_status":"instock","bundle_stock_quantity":null,"bundle_virtual":false,"bundle_layout":"","bundle_add_to_cart_form_location":"","bundle_editable_in_cart":false,"bundle_sold_individually_context":"","bundle_item_grouping":"","bundle_min_size":"","bundle_max_size":"","bundle_price":[],"bundled_items":[],"bundle_sell_ids":[],"acf":[],"_links":{"self":[{"href":"https:\/\/www.raschvin.com\/sv\/wp-json\/wp\/v2\/product\/16317","targetHints":{"allow":["GET"]}}],"collection":[{"href":"https:\/\/www.raschvin.com\/sv\/wp-json\/wp\/v2\/product"}],"about":[{"href":"https:\/\/www.raschvin.com\/sv\/wp-json\/wp\/v2\/types\/product"}],"wp:featuredmedia":[{"embeddable":true,"href":"https:\/\/www.raschvin.com\/sv\/wp-json\/wp\/v2\/media\/3875"}],"wp:attachment":[{"href":"https:\/\/www.raschvin.com\/sv\/wp-json\/wp\/v2\/media?parent=16317"}],"wp:term":[{"taxonomy":"product_brand","embeddable":true,"href":"https:\/\/www.raschvin.com\/sv\/wp-json\/wp\/v2\/product_brand?post=16317"},{"taxonomy":"product_cat","embeddable":true,"href":"https:\/\/www.raschvin.com\/sv\/wp-json\/wp\/v2\/product_cat?post=16317"},{"taxonomy":"product_tag","embeddable":true,"href":"https:\/\/www.raschvin.com\/sv\/wp-json\/wp\/v2\/product_tag?post=16317"}],"curies":[{"name":"wp","href":"https:\/\/api.w.org\/{rel}","templated":true}]}}