{"id":16316,"date":"2022-05-30T09:35:30","date_gmt":"2022-05-30T07:35:30","guid":{"rendered":"https:\/\/www.raschvin.com\/vare\/g-vine-nouaison\/"},"modified":"2022-11-17T16:29:12","modified_gmt":"2022-11-17T15:29:12","slug":"g-vine-nouaison","status":"publish","type":"product","link":"https:\/\/www.raschvin.com\/sv\/produkt\/g-vine-nouaison\/","title":{"rendered":"G Vine &#8211; Nouaison Gin 70 cl. 45%"},"content":{"rendered":"<p>Med en intensiv aromatisk och j\u00e4mn profil \u00e4r Nouaison Gin av druvor i sm\u00e5 portioner och inbjuder till att ta ett nytt utseende p\u00e5 klassiska cocktails.<\/p>\n<p>Denna lyxiga gin \u00e4r tillverkad i Frankrike och anv\u00e4nder ett innovativt uttryck f\u00f6r druvens elegans i kombination med en komplex och kryddig profil och \u00e4r intensiv, kryddad och full.<\/p>\n<p>Nouaison Gin \u00e4r det valda ginet f\u00f6r att f\u00f6rb\u00e4ttra klassiska cocktails och \u00e4r ett j\u00e4mnare alternativ till det klassiska London-torrginet.<\/p>\n<p>Visste du? Nouaison betyder &#8221;inst\u00e4llning&#8221;, det vackra metamorfosfasen fr\u00e5n aromatisk blomma f\u00f6r saftiga b\u00e4r. F\u00e5ngst av den tydliga energin i utvecklingen av druvan.<\/p>\n<p>N\u00e4sa: Delikat krydda aromer av Java Pepper, kanel i samband med livlig citrusfrukter (Bergamot).<br \/>\nAvsluta: Intense st\u00f6ds av tips av sandeltr\u00e4 ovanp\u00e5 en silkeslen druvbas.<br \/>\nServer: Nouaison Gin uttrycker sin komplexitet i en Negroni A la fran\u00e7aise. I ett blandglas kombinerat 45 ml Nouaison Gin med 45 ml La Quintinye Vermouth Royal Red med en touch av orange bitter. Serveras \u00f6ver en is bing i ett gammaldags glas och njut av!<\/p>\n","protected":false},"excerpt":{"rendered":"<p>French Small Batch Distilled Gin From Grapes<\/p>\n","protected":false},"featured_media":29828,"template":"","meta":{"_acf_changed":false,"rs_blank_template":"","rs_page_bg_color":"","slide_template_v7":""},"product_brand":[],"product_cat":[2402,2404,4711],"product_tag":[],"class_list":{"0":"post-16316","1":"product","2":"type-product","3":"status-publish","4":"has-post-thumbnail","6":"product_cat-sprit-sv","7":"product_cat-gin-sv","8":"product_cat-andra-gins","9":"pa_land-frankrike","10":"pa_procent-45-sv","11":"pa_producent-maison-villevert-sv","12":"pa_region-cognac-sv","13":"pa_volume-70-sv-2","15":"first","16":"instock","17":"taxable","18":"shipping-taxable","19":"purchasable","20":"product-type-simple"},"bundled_by":[],"bundle_stock_status":"instock","bundle_stock_quantity":null,"bundle_virtual":false,"bundle_layout":"","bundle_add_to_cart_form_location":"","bundle_editable_in_cart":false,"bundle_sold_individually_context":"","bundle_item_grouping":"","bundle_min_size":"","bundle_max_size":"","bundle_price":[],"bundled_items":[],"bundle_sell_ids":[],"acf":[],"_links":{"self":[{"href":"https:\/\/www.raschvin.com\/sv\/wp-json\/wp\/v2\/product\/16316","targetHints":{"allow":["GET"]}}],"collection":[{"href":"https:\/\/www.raschvin.com\/sv\/wp-json\/wp\/v2\/product"}],"about":[{"href":"https:\/\/www.raschvin.com\/sv\/wp-json\/wp\/v2\/types\/product"}],"wp:featuredmedia":[{"embeddable":true,"href":"https:\/\/www.raschvin.com\/sv\/wp-json\/wp\/v2\/media\/29828"}],"wp:attachment":[{"href":"https:\/\/www.raschvin.com\/sv\/wp-json\/wp\/v2\/media?parent=16316"}],"wp:term":[{"taxonomy":"product_brand","embeddable":true,"href":"https:\/\/www.raschvin.com\/sv\/wp-json\/wp\/v2\/product_brand?post=16316"},{"taxonomy":"product_cat","embeddable":true,"href":"https:\/\/www.raschvin.com\/sv\/wp-json\/wp\/v2\/product_cat?post=16316"},{"taxonomy":"product_tag","embeddable":true,"href":"https:\/\/www.raschvin.com\/sv\/wp-json\/wp\/v2\/product_tag?post=16316"}],"curies":[{"name":"wp","href":"https:\/\/api.w.org\/{rel}","templated":true}]}}