{"id":16315,"date":"2022-05-30T09:35:30","date_gmt":"2022-05-30T07:35:30","guid":{"rendered":"https:\/\/www.raschvin.com\/vare\/gvine-floraison\/"},"modified":"2023-03-16T14:32:57","modified_gmt":"2023-03-16T13:32:57","slug":"gvine-floraison","status":"publish","type":"product","link":"https:\/\/www.raschvin.com\/sv\/produkt\/gvine-floraison\/","title":{"rendered":"G Vine &#8211; Floraison 70 cl. 40%"},"content":{"rendered":"<p>G&#8217;vine Floraison \u00e4r en sp\u00e4nnande och okonventionell gin gjord p\u00e5 Ugni Blanc-druvor ist\u00e4llet f\u00f6r spannm\u00e5l och blommor fr\u00e5n vinstockarna och 10 olika aromatiska kryddor och \u00f6rter, inklusive enb\u00e4r. Det \u00e4r skapat av Master Distiller Jean-S\u00e9bastien Robicet, som s\u00e5g en potential i druvorna fr\u00e5n sitt hem i Cognac-regionen i Frankrike.<\/p>\n<p>Det tidigaste ginet gjordes p\u00e5 druvor, men idag \u00e4r 99% av allt gin p\u00e5 spannm\u00e5l, eftersom spannm\u00e5l \u00e4r billigare att odla och destillera.<\/p>\n<p>G&#8217;vine Floraison \u00e4r en harmonisk gin o\u00f6vertr\u00e4ffad, vilket ger en f\u00f6rf\u00f6risk, \u00f6verraskande och \u00f6verraskande upplevelse som du aldrig kommer att gl\u00f6mma. Servera det, till exempel med is, premium tonic och ett par druvor.<\/p>\n","protected":false},"excerpt":{"rendered":"<p>French Small Batch Distilled Gin From Grapes<\/p>\n","protected":false},"featured_media":29870,"template":"","meta":{"_acf_changed":false,"rs_blank_template":"","rs_page_bg_color":"","slide_template_v7":""},"product_brand":[],"product_cat":[4711,2404,2402],"product_tag":[],"class_list":{"0":"post-16315","1":"product","2":"type-product","3":"status-publish","4":"has-post-thumbnail","6":"product_cat-andra-gins","7":"product_cat-gin-sv","8":"product_cat-sprit-sv","9":"pa_drue-chardonnay-sv","10":"pa_drue-ugni-blanc-sv","11":"pa_land-frankrike","12":"pa_procent-40-sv-2","13":"pa_producent-maison-villevert-sv","14":"pa_region-cognac-sv","15":"pa_volume-70-sv-2","17":"first","18":"instock","19":"sale","20":"taxable","21":"shipping-taxable","22":"purchasable","23":"product-type-simple"},"bundled_by":[],"bundle_stock_status":"instock","bundle_stock_quantity":null,"bundle_virtual":false,"bundle_layout":"","bundle_add_to_cart_form_location":"","bundle_editable_in_cart":false,"bundle_sold_individually_context":"","bundle_item_grouping":"","bundle_min_size":"","bundle_max_size":"","bundle_price":[],"bundled_items":[],"bundle_sell_ids":[],"acf":[],"_links":{"self":[{"href":"https:\/\/www.raschvin.com\/sv\/wp-json\/wp\/v2\/product\/16315","targetHints":{"allow":["GET"]}}],"collection":[{"href":"https:\/\/www.raschvin.com\/sv\/wp-json\/wp\/v2\/product"}],"about":[{"href":"https:\/\/www.raschvin.com\/sv\/wp-json\/wp\/v2\/types\/product"}],"wp:featuredmedia":[{"embeddable":true,"href":"https:\/\/www.raschvin.com\/sv\/wp-json\/wp\/v2\/media\/29870"}],"wp:attachment":[{"href":"https:\/\/www.raschvin.com\/sv\/wp-json\/wp\/v2\/media?parent=16315"}],"wp:term":[{"taxonomy":"product_brand","embeddable":true,"href":"https:\/\/www.raschvin.com\/sv\/wp-json\/wp\/v2\/product_brand?post=16315"},{"taxonomy":"product_cat","embeddable":true,"href":"https:\/\/www.raschvin.com\/sv\/wp-json\/wp\/v2\/product_cat?post=16315"},{"taxonomy":"product_tag","embeddable":true,"href":"https:\/\/www.raschvin.com\/sv\/wp-json\/wp\/v2\/product_tag?post=16315"}],"curies":[{"name":"wp","href":"https:\/\/api.w.org\/{rel}","templated":true}]}}