{"id":16314,"date":"2022-05-30T09:35:30","date_gmt":"2022-05-30T07:35:30","guid":{"rendered":"https:\/\/www.raschvin.com\/vare\/marlborough-100-cl\/"},"modified":"2022-11-25T17:35:34","modified_gmt":"2022-11-25T16:35:34","slug":"marlborough-100-cl","status":"publish","type":"product","link":"https:\/\/www.raschvin.com\/sv\/produkt\/marlborough-100-cl\/","title":{"rendered":"Marlborough Gin 100 cl. 37,5%"},"content":{"rendered":"<p>Ett traditionellt gin producerat i England med ett unikt urval av \u00f6rter och kryddor, inklusive enb\u00e4r, korianderfr\u00f6n och paradisfr\u00f6n. Resultatet \u00e4r Marlborough Gin, en mycket smaksatt dryck med robusta noder av enb\u00e4r, svart kummin, koriander och subtila peppar intryck. Den mjuka, runda karakt\u00e4ren av detta gin rekommenderar det som den perfekta basen f\u00f6r alla cocktails, d\u00e4r gin l\u00e4ggs till.<\/p>\n","protected":false},"excerpt":{"rendered":"<p>Classic London Dry Gin<\/p>\n","protected":false},"featured_media":3854,"template":"","meta":{"_acf_changed":false,"rs_blank_template":"","rs_page_bg_color":"","slide_template_v7":""},"product_brand":[],"product_cat":[4688,2402,2404],"product_tag":[],"class_list":{"0":"post-16314","1":"product","2":"type-product","3":"status-publish","4":"has-post-thumbnail","6":"product_cat-london-dry-sv","7":"product_cat-sprit-sv","8":"product_cat-gin-sv","9":"pa_land-england-sv","10":"pa_procent-37-5-sv","11":"pa_producent-taster-wine-sv","12":"pa_volume-100-sv","14":"first","15":"instock","16":"sale","17":"taxable","18":"shipping-taxable","19":"purchasable","20":"product-type-simple"},"bundled_by":[],"bundle_stock_status":"instock","bundle_stock_quantity":null,"bundle_virtual":false,"bundle_layout":"","bundle_add_to_cart_form_location":"","bundle_editable_in_cart":false,"bundle_sold_individually_context":"","bundle_item_grouping":"","bundle_min_size":"","bundle_max_size":"","bundle_price":[],"bundled_items":[],"bundle_sell_ids":[],"acf":[],"_links":{"self":[{"href":"https:\/\/www.raschvin.com\/sv\/wp-json\/wp\/v2\/product\/16314","targetHints":{"allow":["GET"]}}],"collection":[{"href":"https:\/\/www.raschvin.com\/sv\/wp-json\/wp\/v2\/product"}],"about":[{"href":"https:\/\/www.raschvin.com\/sv\/wp-json\/wp\/v2\/types\/product"}],"wp:featuredmedia":[{"embeddable":true,"href":"https:\/\/www.raschvin.com\/sv\/wp-json\/wp\/v2\/media\/3854"}],"wp:attachment":[{"href":"https:\/\/www.raschvin.com\/sv\/wp-json\/wp\/v2\/media?parent=16314"}],"wp:term":[{"taxonomy":"product_brand","embeddable":true,"href":"https:\/\/www.raschvin.com\/sv\/wp-json\/wp\/v2\/product_brand?post=16314"},{"taxonomy":"product_cat","embeddable":true,"href":"https:\/\/www.raschvin.com\/sv\/wp-json\/wp\/v2\/product_cat?post=16314"},{"taxonomy":"product_tag","embeddable":true,"href":"https:\/\/www.raschvin.com\/sv\/wp-json\/wp\/v2\/product_tag?post=16314"}],"curies":[{"name":"wp","href":"https:\/\/api.w.org\/{rel}","templated":true}]}}