{"id":16312,"date":"2022-05-30T09:34:00","date_gmt":"2022-05-30T07:34:00","guid":{"rendered":"https:\/\/www.raschvin.com\/vare\/d-day-oak-cask-75th-anniversary-gin-the-heroic-gin\/"},"modified":"2023-03-17T19:40:07","modified_gmt":"2023-03-17T18:40:07","slug":"d-day-oak-cask-75th-anniversary-gin-the-heroic-gin","status":"publish","type":"product","link":"https:\/\/www.raschvin.com\/sv\/produkt\/d-day-oak-cask-75th-anniversary-gin-the-heroic-gin\/","title":{"rendered":"D-Day Oak Cask 75th Anniversary Gin &#8211; The &#8221;Heroic Gin&#8221; 70 cl. 40%"},"content":{"rendered":"<p>Som drivkraft bakom D-Day Gin kommer jag att hedra min avlidna farfar Albert Taylor som fungerade som en brittisk soldat under General Montgomery under andra v\u00e4rldskriget. Detta gin attribut sin hj\u00e4lte dem. Den 6 juni 1944 landade britterna p\u00e5 Gold Beach i Normandie. Denna &#8221;Gold Edition&#8221; \u00e4r en speciell sats f\u00f6r 75-\u00e5rsjubileet av D-Day. Det framg\u00e5ngsrika receptet f\u00f6r &#8221;D-Day Gin&#8221; bevarades och l\u00e4ggs i fransk ek. Denna process ger gin sin vackra gyllene f\u00e4rg, vilket resulterar i en balanserad rik gin som \u00e4r helt ren att dricka.<br \/>\nBest\u00e4llningsvara &#8211; L\u00e4ngre leveranstid<\/p>\n","protected":false},"excerpt":{"rendered":"<p>French Small Batch Gin<\/p>\n","protected":false},"featured_media":3831,"template":"","meta":{"_acf_changed":false,"rs_blank_template":"","rs_page_bg_color":"","slide_template_v7":""},"product_brand":[],"product_cat":[6195,2404,2402],"product_tag":[],"class_list":{"0":"post-16312","1":"product","2":"type-product","3":"status-publish","4":"has-post-thumbnail","6":"product_cat-cask-aged-sv","7":"product_cat-gin-sv","8":"product_cat-sprit-sv","9":"pa_land-belgien-sv","10":"pa_procent-40-sv-2","11":"pa_producent-distillery-rubbens-sv","12":"pa_volume-70-sv-2","14":"first","15":"outofstock","16":"taxable","17":"shipping-taxable","18":"purchasable","19":"product-type-simple"},"bundled_by":[],"bundle_stock_status":"outofstock","bundle_stock_quantity":null,"bundle_virtual":false,"bundle_layout":"","bundle_add_to_cart_form_location":"","bundle_editable_in_cart":false,"bundle_sold_individually_context":"","bundle_item_grouping":"","bundle_min_size":"","bundle_max_size":"","bundle_price":[],"bundled_items":[],"bundle_sell_ids":[],"acf":[],"_links":{"self":[{"href":"https:\/\/www.raschvin.com\/sv\/wp-json\/wp\/v2\/product\/16312","targetHints":{"allow":["GET"]}}],"collection":[{"href":"https:\/\/www.raschvin.com\/sv\/wp-json\/wp\/v2\/product"}],"about":[{"href":"https:\/\/www.raschvin.com\/sv\/wp-json\/wp\/v2\/types\/product"}],"wp:featuredmedia":[{"embeddable":true,"href":"https:\/\/www.raschvin.com\/sv\/wp-json\/wp\/v2\/media\/3831"}],"wp:attachment":[{"href":"https:\/\/www.raschvin.com\/sv\/wp-json\/wp\/v2\/media?parent=16312"}],"wp:term":[{"taxonomy":"product_brand","embeddable":true,"href":"https:\/\/www.raschvin.com\/sv\/wp-json\/wp\/v2\/product_brand?post=16312"},{"taxonomy":"product_cat","embeddable":true,"href":"https:\/\/www.raschvin.com\/sv\/wp-json\/wp\/v2\/product_cat?post=16312"},{"taxonomy":"product_tag","embeddable":true,"href":"https:\/\/www.raschvin.com\/sv\/wp-json\/wp\/v2\/product_tag?post=16312"}],"curies":[{"name":"wp","href":"https:\/\/api.w.org\/{rel}","templated":true}]}}