{"id":16311,"date":"2022-05-30T09:34:00","date_gmt":"2022-05-30T07:34:00","guid":{"rendered":"https:\/\/www.raschvin.com\/vare\/v-day-gin-the-heroic-gin\/"},"modified":"2022-12-12T18:06:32","modified_gmt":"2022-12-12T17:06:32","slug":"v-day-gin-the-heroic-gin","status":"publish","type":"product","link":"https:\/\/www.raschvin.com\/sv\/produkt\/v-day-gin-the-heroic-gin\/","title":{"rendered":"V-Day Gin &#8211; &#8221;The Taste Of Freedom&#8221; 70 cl. 40,44%"},"content":{"rendered":"<p>Denna gin \u00e4r fylld med historia. Det \u00e4r utvecklat som en hyllning till de tappande soldaternas mod under andra v\u00e4rldskriget. Albert Tayler k\u00e4mpade p\u00e5 andra v\u00e4rldskriget f\u00f6r General Montgomery, och idag har hans sonson bara producerat detta gin som ett minne av sin farfar.<\/p>\n<p>Rekommendera Fevertree Mediterrean Tonic Water tillsammans med skalet av en organisk citron.<\/p>\n<p>Inspiratorn f\u00f6r D-Day Gin vill hedra sin farfar Albert Taylor som fungerade som en brittisk soldat under General Montgomery under andra v\u00e4rldskriget. D-Day Gin \u00e4r en hyllning till sitt mod. De finaste v\u00e4xterna valdes noggrant fr\u00e5n alla platser i v\u00e4rlden d\u00e4r han k\u00e4mpade f\u00f6r frihet: Egyptisk koriander (Slaget vid El Alamein), italienska Rosemary (Slaget Of Monte Cassino), Tyska Juniper (Rheinland Campaign), &#8230;<\/p>\n<p>V\u00e4rldens b\u00e4sta smak i en flaska, speciellt f\u00f6r hj\u00e4ltar.<\/p>\n","protected":false},"excerpt":{"rendered":"<p>French Small Batch Gin<\/p>\n","protected":false},"featured_media":3821,"template":"","meta":{"_acf_changed":false,"rs_blank_template":"","rs_page_bg_color":"","slide_template_v7":""},"product_brand":[],"product_cat":[4711,2402,2404],"product_tag":[],"class_list":{"0":"post-16311","1":"product","2":"type-product","3":"status-publish","4":"has-post-thumbnail","6":"product_cat-andra-gins","7":"product_cat-sprit-sv","8":"product_cat-gin-sv","9":"pa_land-belgien-sv","10":"pa_procent-40-44-sv","11":"pa_producent-distillery-rubbens-sv","12":"pa_region-bohemen-sv","13":"pa_volume-70-sv-2","15":"first","16":"instock","17":"taxable","18":"shipping-taxable","19":"purchasable","20":"product-type-simple"},"bundled_by":[],"bundle_stock_status":"instock","bundle_stock_quantity":null,"bundle_virtual":false,"bundle_layout":"","bundle_add_to_cart_form_location":"","bundle_editable_in_cart":false,"bundle_sold_individually_context":"","bundle_item_grouping":"","bundle_min_size":"","bundle_max_size":"","bundle_price":[],"bundled_items":[],"bundle_sell_ids":[],"acf":[],"_links":{"self":[{"href":"https:\/\/www.raschvin.com\/sv\/wp-json\/wp\/v2\/product\/16311","targetHints":{"allow":["GET"]}}],"collection":[{"href":"https:\/\/www.raschvin.com\/sv\/wp-json\/wp\/v2\/product"}],"about":[{"href":"https:\/\/www.raschvin.com\/sv\/wp-json\/wp\/v2\/types\/product"}],"wp:featuredmedia":[{"embeddable":true,"href":"https:\/\/www.raschvin.com\/sv\/wp-json\/wp\/v2\/media\/3821"}],"wp:attachment":[{"href":"https:\/\/www.raschvin.com\/sv\/wp-json\/wp\/v2\/media?parent=16311"}],"wp:term":[{"taxonomy":"product_brand","embeddable":true,"href":"https:\/\/www.raschvin.com\/sv\/wp-json\/wp\/v2\/product_brand?post=16311"},{"taxonomy":"product_cat","embeddable":true,"href":"https:\/\/www.raschvin.com\/sv\/wp-json\/wp\/v2\/product_cat?post=16311"},{"taxonomy":"product_tag","embeddable":true,"href":"https:\/\/www.raschvin.com\/sv\/wp-json\/wp\/v2\/product_tag?post=16311"}],"curies":[{"name":"wp","href":"https:\/\/api.w.org\/{rel}","templated":true}]}}