{"id":16309,"date":"2022-05-30T09:34:00","date_gmt":"2022-05-30T07:34:00","guid":{"rendered":"https:\/\/www.raschvin.com\/vare\/brockmans-giftpack-ginglas\/"},"modified":"2024-11-14T14:17:19","modified_gmt":"2024-11-14T13:17:19","slug":"brockmans-giftpack-ginglas","status":"publish","type":"product","link":"https:\/\/www.raschvin.com\/sv\/produkt\/brockmans-giftpack-ginglas\/","title":{"rendered":"Brockmans Premium Org. Gin 70 cl. 40%"},"content":{"rendered":"<p>Ett intensivt och extremt mjukt gin som sticker ut med sin komplexa smak, f\u00f6rutom de klassiska anteckningarna av enb\u00e4r och koriander, har ocks\u00e5 en mjukare men frisk smak av bl\u00e5b\u00e4r och bj\u00f6rnb\u00e4r. Denna gin produceras i de b\u00e4sta ingredienserna, och inkluderar traditionella \u00f6rter som \u00e4ngeliska karod, koriander och enb\u00e4r fr\u00e5n Toscana, Italien, liksom bl\u00e5b\u00e4r och bj\u00f6rnb\u00e4r fr\u00e5n Norge, Belgien och Tyskland. Dessa ingredienser drar i de renaste andarna i 24 timmar f\u00f6r att fr\u00e4mja doft och smaker innan Brockmans gin destilleras i traditionella kopparpannor. Brockman Gin \u00e4r ett av de f\u00e5 gin som kan avnjutas ensam, med en iskube. Annars \u00e4r det perfekt med en premium tonic eller ginger ale, alltid med massor av is.<\/p>\n<p>Brockmans lanserades 2010 av fyra gamla v\u00e4nner som ville skapa ett gin bortom det vanliga. S\u00e5ledes skapades Brockman Gin, vilket \u00e4r ett nytt fotografi av det klassiska ginet och s\u00e4tter med sin smak, fokuserar p\u00e5 sensualitet och extravagans. M\u00e5let var att utmana den vanliga ginsmaken och f\u00e5 fler nyanser till spel. Detta uppn\u00e5s fullt ut med Brockmans premiumgin.<\/p>\n","protected":false},"excerpt":{"rendered":"<p>Premium Gin &#8211; Infused With Natural Blue &#038; Blackberries<\/p>\n","protected":false},"featured_media":119152,"template":"","meta":{"_acf_changed":false,"rs_blank_template":"","rs_page_bg_color":"","slide_template_v7":""},"product_brand":[],"product_cat":[4711,4700,2404,2402],"product_tag":[],"class_list":{"0":"post-16309","1":"product","2":"type-product","3":"status-publish","4":"has-post-thumbnail","6":"product_cat-andra-gins","7":"product_cat-flavoured-gin-sv","8":"product_cat-gin-sv","9":"product_cat-sprit-sv","10":"pa_land-storbritannien-sv","11":"pa_procent-40-sv-2","12":"pa_producent-brockmans-gin-sv","13":"pa_volume-70-sv-2","15":"first","16":"instock","17":"sale","18":"taxable","19":"shipping-taxable","20":"purchasable","21":"product-type-simple"},"bundled_by":[],"bundle_stock_status":"instock","bundle_stock_quantity":null,"bundle_virtual":false,"bundle_layout":"","bundle_add_to_cart_form_location":"","bundle_editable_in_cart":false,"bundle_sold_individually_context":"","bundle_item_grouping":"","bundle_min_size":"","bundle_max_size":"","bundle_price":[],"bundled_items":[],"bundle_sell_ids":[],"acf":[],"_links":{"self":[{"href":"https:\/\/www.raschvin.com\/sv\/wp-json\/wp\/v2\/product\/16309","targetHints":{"allow":["GET"]}}],"collection":[{"href":"https:\/\/www.raschvin.com\/sv\/wp-json\/wp\/v2\/product"}],"about":[{"href":"https:\/\/www.raschvin.com\/sv\/wp-json\/wp\/v2\/types\/product"}],"wp:featuredmedia":[{"embeddable":true,"href":"https:\/\/www.raschvin.com\/sv\/wp-json\/wp\/v2\/media\/119152"}],"wp:attachment":[{"href":"https:\/\/www.raschvin.com\/sv\/wp-json\/wp\/v2\/media?parent=16309"}],"wp:term":[{"taxonomy":"product_brand","embeddable":true,"href":"https:\/\/www.raschvin.com\/sv\/wp-json\/wp\/v2\/product_brand?post=16309"},{"taxonomy":"product_cat","embeddable":true,"href":"https:\/\/www.raschvin.com\/sv\/wp-json\/wp\/v2\/product_cat?post=16309"},{"taxonomy":"product_tag","embeddable":true,"href":"https:\/\/www.raschvin.com\/sv\/wp-json\/wp\/v2\/product_tag?post=16309"}],"curies":[{"name":"wp","href":"https:\/\/api.w.org\/{rel}","templated":true}]}}