{"id":16308,"date":"2022-05-30T09:34:00","date_gmt":"2022-05-30T07:34:00","guid":{"rendered":"https:\/\/www.raschvin.com\/vare\/botanist-islay-dry-gin-100-cl\/"},"modified":"2022-10-30T09:37:34","modified_gmt":"2022-10-30T08:37:34","slug":"botanist-islay-dry-gin-100-cl","status":"publish","type":"product","link":"https:\/\/www.raschvin.com\/sv\/produkt\/botanist-islay-dry-gin-100-cl\/","title":{"rendered":"Botanist Islay Dry Gin 100 cl. 46%"},"content":{"rendered":"<p>Botanisten Islay Dry Gin \u00e4r tillverkad p\u00e5 de klassiska Gin Aromas, liksom 22 olika v\u00e4xtextrakt som \u00e4r handplockade av experter fr\u00e5n Bruichladdich Distillery. Denna gin har en rik och rik smak, som ursprungligen upplevt kallt, men s\u00e5 lite som lite blir varmare. Det \u00e4r en f\u00f6rtrollande, h\u00e4rlig och lyxig gin med en stj\u00e4rna explosion av smakvarianter i munnen.<\/p>\n<p>Denna gin har en arom med tippar av s\u00f6t och delikat mentol, \u00e4pple, enb\u00e4r, koriander med subtoner av stj\u00e4rnanis, citron, apelsinskal och en doft av sommarblommor, honung, kokosn\u00f6t och vildmynt.<\/p>\n<p>100 cl. 46%<\/p>\n<p>Bruichladdich, som ligger p\u00e5 den skotska \u00f6n Islay, \u00e4r en av de mest innovativa destillerierna som f\u00f6r n\u00e4rvarande \u00e4r i drift. Distilleriet grundades 1881, men \u00f6ppnade sina d\u00f6rrar 2001 efter en l\u00e5ngvarig st\u00e4ngning.<\/p>\n<p>Bruichladdich designades av ingenj\u00f6r Robert Harvey, och \u00e4r en av de f\u00e5 destillerierna speciellt byggda med det enda syftet att destillera de renaste andarna som m\u00f6jligt &#8211; en tradition som forts\u00e4tter idag med de nya \u00e4garna Mark Reynier och Simon Coughlin.<\/p>\n<p>Vi rekommenderar 1724 tonic och ett skrivande druva f\u00f6r detta gin.<\/p>\n","protected":false},"excerpt":{"rendered":"<p>Bruichladdich Islay Dry Gin<\/p>\n","protected":false},"featured_media":3788,"template":"","meta":{"_acf_changed":false,"rs_blank_template":"","rs_page_bg_color":"","slide_template_v7":""},"product_brand":[],"product_cat":[4711,2404,2402],"product_tag":[],"class_list":{"0":"post-16308","1":"product","2":"type-product","3":"status-publish","4":"has-post-thumbnail","6":"product_cat-andra-gins","7":"product_cat-gin-sv","8":"product_cat-sprit-sv","9":"pa_land-skottland","10":"pa_procent-46-sv","11":"pa_producent-bruichladdich-distillery-sv","12":"pa_region-islay-sv","13":"pa_volume-100-sv","15":"first","16":"instock","17":"sale","18":"taxable","19":"shipping-taxable","20":"purchasable","21":"product-type-simple"},"bundled_by":[],"bundle_stock_status":"instock","bundle_stock_quantity":null,"bundle_virtual":false,"bundle_layout":"","bundle_add_to_cart_form_location":"","bundle_editable_in_cart":false,"bundle_sold_individually_context":"","bundle_item_grouping":"","bundle_min_size":"","bundle_max_size":"","bundle_price":[],"bundled_items":[],"bundle_sell_ids":[],"acf":[],"_links":{"self":[{"href":"https:\/\/www.raschvin.com\/sv\/wp-json\/wp\/v2\/product\/16308","targetHints":{"allow":["GET"]}}],"collection":[{"href":"https:\/\/www.raschvin.com\/sv\/wp-json\/wp\/v2\/product"}],"about":[{"href":"https:\/\/www.raschvin.com\/sv\/wp-json\/wp\/v2\/types\/product"}],"wp:featuredmedia":[{"embeddable":true,"href":"https:\/\/www.raschvin.com\/sv\/wp-json\/wp\/v2\/media\/3788"}],"wp:attachment":[{"href":"https:\/\/www.raschvin.com\/sv\/wp-json\/wp\/v2\/media?parent=16308"}],"wp:term":[{"taxonomy":"product_brand","embeddable":true,"href":"https:\/\/www.raschvin.com\/sv\/wp-json\/wp\/v2\/product_brand?post=16308"},{"taxonomy":"product_cat","embeddable":true,"href":"https:\/\/www.raschvin.com\/sv\/wp-json\/wp\/v2\/product_cat?post=16308"},{"taxonomy":"product_tag","embeddable":true,"href":"https:\/\/www.raschvin.com\/sv\/wp-json\/wp\/v2\/product_tag?post=16308"}],"curies":[{"name":"wp","href":"https:\/\/api.w.org\/{rel}","templated":true}]}}