{"id":16307,"date":"2022-05-30T09:34:00","date_gmt":"2022-05-30T07:34:00","guid":{"rendered":"https:\/\/www.raschvin.com\/vare\/bombay-sapphire-100-cl-the-original\/"},"modified":"2022-10-30T08:26:21","modified_gmt":"2022-10-30T07:26:21","slug":"bombay-sapphire-100-cl-the-original","status":"publish","type":"product","link":"https:\/\/www.raschvin.com\/sv\/produkt\/bombay-sapphire-100-cl-the-original\/","title":{"rendered":"Bombay Sapphire Gin Original 100 cl. 40%"},"content":{"rendered":"<p>Den l\u00e4ckra, l\u00e4tt igenk\u00e4nnliga gin fr\u00e5n Bombay Safir best\u00e5r av 10 ingredienser: Juniper, citronskal, korianderfr\u00f6, Angelikrod, Orris Root, Paradiskorn, Cubeb Berries, Kassia Sheet, mandel och lakrits.<\/p>\n<p>Denna utg\u00e5va av Bombay Safir firar det engelska landskapet, d\u00e4r Bombay Safir \u00e4r inrymt, och l\u00e4ggs till \u00e4ven tre ingredienser, bara fr\u00e5n den engelska naturen: Polejmynte, Hyben och rostade hasseln\u00f6tter.<\/p>\n<p>Det \u00e4r en uppfriskande och unik gin med anteckningar av citrusfrukter och mynta, som uttrycker sj\u00e4len i den engelska naturen. Njut av den f\u00e4rskpressade citronsaften, tonic eller ginger ale, massor av is och en skymning mynta f\u00f6r att markera det b\u00e4sta i gin. Eller anv\u00e4nd den i din favoritcocktail. Begr\u00e4nsad endast av fantasi.<\/p>\n","protected":false},"excerpt":{"rendered":"<p>London Dry Gin<\/p>\n","protected":false},"featured_media":3778,"template":"","meta":{"_acf_changed":false,"rs_blank_template":"","rs_page_bg_color":"","slide_template_v7":""},"product_brand":[],"product_cat":[2402,2404,4688],"product_tag":[],"class_list":{"0":"post-16307","1":"product","2":"type-product","3":"status-publish","4":"has-post-thumbnail","6":"product_cat-sprit-sv","7":"product_cat-gin-sv","8":"product_cat-london-dry-sv","9":"pa_land-england-sv","10":"pa_procent-40-sv-2","11":"pa_volume-100-sv","13":"first","14":"instock","15":"taxable","16":"shipping-taxable","17":"purchasable","18":"product-type-simple"},"bundled_by":[],"bundle_stock_status":"instock","bundle_stock_quantity":null,"bundle_virtual":false,"bundle_layout":"","bundle_add_to_cart_form_location":"","bundle_editable_in_cart":false,"bundle_sold_individually_context":"","bundle_item_grouping":"","bundle_min_size":"","bundle_max_size":"","bundle_price":[],"bundled_items":[],"bundle_sell_ids":[],"acf":[],"_links":{"self":[{"href":"https:\/\/www.raschvin.com\/sv\/wp-json\/wp\/v2\/product\/16307","targetHints":{"allow":["GET"]}}],"collection":[{"href":"https:\/\/www.raschvin.com\/sv\/wp-json\/wp\/v2\/product"}],"about":[{"href":"https:\/\/www.raschvin.com\/sv\/wp-json\/wp\/v2\/types\/product"}],"wp:featuredmedia":[{"embeddable":true,"href":"https:\/\/www.raschvin.com\/sv\/wp-json\/wp\/v2\/media\/3778"}],"wp:attachment":[{"href":"https:\/\/www.raschvin.com\/sv\/wp-json\/wp\/v2\/media?parent=16307"}],"wp:term":[{"taxonomy":"product_brand","embeddable":true,"href":"https:\/\/www.raschvin.com\/sv\/wp-json\/wp\/v2\/product_brand?post=16307"},{"taxonomy":"product_cat","embeddable":true,"href":"https:\/\/www.raschvin.com\/sv\/wp-json\/wp\/v2\/product_cat?post=16307"},{"taxonomy":"product_tag","embeddable":true,"href":"https:\/\/www.raschvin.com\/sv\/wp-json\/wp\/v2\/product_tag?post=16307"}],"curies":[{"name":"wp","href":"https:\/\/api.w.org\/{rel}","templated":true}]}}