{"id":16306,"date":"2022-05-30T09:34:00","date_gmt":"2022-05-30T07:34:00","guid":{"rendered":"https:\/\/www.raschvin.com\/vare\/bobbys-schiedam-dry-gin\/"},"modified":"2022-10-29T08:03:17","modified_gmt":"2022-10-29T06:03:17","slug":"bobbys-schiedam-dry-gin","status":"publish","type":"product","link":"https:\/\/www.raschvin.com\/sv\/produkt\/bobbys-schiedam-dry-gin\/","title":{"rendered":"Bobby&#8217;s Schiedam Dry Gin 70 cl. 42%"},"content":{"rendered":"<p>Bobbys Schiedam Dry Gin \u00e4r uppkallad efter farfar av Jacobus Alfons, k\u00e4nd av sina v\u00e4nner och familj som Bob eller Bobby. Det var hans recept som inspirerade oss. Det tog oss n\u00e4stan tv\u00e5 \u00e5r att producera Bobby, ett mycket trevligt och balanserat destillerat gin. \u00c5tta botaniska v\u00e4xter destillerade separat. Inga tillsatser, socker eller extraktioner. Helt enkelt ren smak. Ett nytt utseende p\u00e5 en tidl\u00f6s klassiker.<\/p>\n<p>Bobby \u00e4r en unik blandning av indonesiska kryddor och traditionella botaniska \u00e4mnen.<br \/>\nSpicy och doftande p\u00e5 n\u00e4san, en ny burst av citrus och \u00f6rter vid f\u00f6rsta sippan och med en liten hum av peppar.<\/p>\n<p>Citrongr\u00e4s<br \/>\nCymbopogone citratus.<\/p>\n<p>Kryddnejlika<br \/>\nSyzygium aromaticum<\/p>\n<p>Koriander<br \/>\nCoriandrum sativum<\/p>\n<p>Kubebpeppar<br \/>\nPiper Cubeba.<\/p>\n<p>Kanel.<br \/>\nCinnamomum iners<\/p>\n<p>Juniper.<br \/>\nJuniperus communis.<\/p>\n<p>Nypon<br \/>\nRosa Canina.<\/p>\n<p>F\u00e4nk\u00e5l<br \/>\nFoeniculum vulgare<\/p>\n","protected":false},"excerpt":{"rendered":"<p>Premium Dutch Botanical Gin<\/p>\n","protected":false},"featured_media":3768,"template":"","meta":{"_acf_changed":false,"rs_blank_template":"","rs_page_bg_color":"","slide_template_v7":""},"product_brand":[],"product_cat":[2402,2404,4711],"product_tag":[],"class_list":{"0":"post-16306","1":"product","2":"type-product","3":"status-publish","4":"has-post-thumbnail","6":"product_cat-sprit-sv","7":"product_cat-gin-sv","8":"product_cat-andra-gins","9":"pa_land-nederlaenderna","10":"pa_procent-42-sv","11":"pa_producent-bobbys-dry-gin-2017-sv","12":"pa_volume-70-sv-2","14":"first","15":"instock","16":"taxable","17":"shipping-taxable","18":"purchasable","19":"product-type-simple"},"bundled_by":[],"bundle_stock_status":"instock","bundle_stock_quantity":null,"bundle_virtual":false,"bundle_layout":"","bundle_add_to_cart_form_location":"","bundle_editable_in_cart":false,"bundle_sold_individually_context":"","bundle_item_grouping":"","bundle_min_size":"","bundle_max_size":"","bundle_price":[],"bundled_items":[],"bundle_sell_ids":[],"acf":[],"_links":{"self":[{"href":"https:\/\/www.raschvin.com\/sv\/wp-json\/wp\/v2\/product\/16306","targetHints":{"allow":["GET"]}}],"collection":[{"href":"https:\/\/www.raschvin.com\/sv\/wp-json\/wp\/v2\/product"}],"about":[{"href":"https:\/\/www.raschvin.com\/sv\/wp-json\/wp\/v2\/types\/product"}],"wp:featuredmedia":[{"embeddable":true,"href":"https:\/\/www.raschvin.com\/sv\/wp-json\/wp\/v2\/media\/3768"}],"wp:attachment":[{"href":"https:\/\/www.raschvin.com\/sv\/wp-json\/wp\/v2\/media?parent=16306"}],"wp:term":[{"taxonomy":"product_brand","embeddable":true,"href":"https:\/\/www.raschvin.com\/sv\/wp-json\/wp\/v2\/product_brand?post=16306"},{"taxonomy":"product_cat","embeddable":true,"href":"https:\/\/www.raschvin.com\/sv\/wp-json\/wp\/v2\/product_cat?post=16306"},{"taxonomy":"product_tag","embeddable":true,"href":"https:\/\/www.raschvin.com\/sv\/wp-json\/wp\/v2\/product_tag?post=16306"}],"curies":[{"name":"wp","href":"https:\/\/api.w.org\/{rel}","templated":true}]}}