{"id":16305,"date":"2022-05-30T09:34:00","date_gmt":"2022-05-30T07:34:00","guid":{"rendered":"https:\/\/www.raschvin.com\/vare\/bols-zeer-oude-genever\/"},"modified":"2023-03-14T08:28:05","modified_gmt":"2023-03-14T07:28:05","slug":"bols-zeer-oude-genever","status":"publish","type":"product","link":"https:\/\/www.raschvin.com\/sv\/produkt\/bols-zeer-oude-genever\/","title":{"rendered":"Bols Zeer Oude Genever 50 cl. 35%"},"content":{"rendered":"<p>Lucas Bols malt destillat \u00e4r gjord av r\u00e5g, majs och vete, d\u00e4r enb\u00e4r \u00e4r destillerat. Detta ger Bols Zeer Oude att leva sina unika mjuka och rika bolar.<\/p>\n<p>Bols Zeer Oude Genever har en rik smak av spannm\u00e5l, ljusfruktnoteringar och enb\u00e4r, och du kan njuta av denna genre rena och vid rumstemperatur. Du kan ocks\u00e5 dricka omfamna fr\u00e5n bols som en &#8221;Kopstoot&#8221; med en (vete) \u00f6l.<\/p>\n<p>Skulle du hellre f\u00f6rs\u00f6ka en annan kant? Eller f\u00f6redrar du en yngre GENVE som v\u00e5r Jonge GraanNver? Se v\u00e5r Genever-sida och hitta din favoritgen!<\/p>\n","protected":false},"excerpt":{"rendered":"<p>Product of Holland Amsterdam Since 1575<\/p>\n","protected":false},"featured_media":3761,"template":"","meta":{"_acf_changed":false,"rs_blank_template":"","rs_page_bg_color":"","slide_template_v7":""},"product_brand":[],"product_cat":[4587,2402],"product_tag":[],"class_list":{"0":"post-16305","1":"product","2":"type-product","3":"status-publish","4":"has-post-thumbnail","6":"product_cat-genever-sv","7":"product_cat-sprit-sv","8":"pa_land-nederlaenderna","9":"pa_procent-35-sv","10":"pa_producent-bols-sv","11":"pa_volume-50-sv","13":"first","14":"instock","15":"taxable","16":"shipping-taxable","17":"purchasable","18":"product-type-simple"},"bundled_by":[],"bundle_stock_status":"instock","bundle_stock_quantity":null,"bundle_virtual":false,"bundle_layout":"","bundle_add_to_cart_form_location":"","bundle_editable_in_cart":false,"bundle_sold_individually_context":"","bundle_item_grouping":"","bundle_min_size":"","bundle_max_size":"","bundle_price":[],"bundled_items":[],"bundle_sell_ids":[],"acf":[],"_links":{"self":[{"href":"https:\/\/www.raschvin.com\/sv\/wp-json\/wp\/v2\/product\/16305","targetHints":{"allow":["GET"]}}],"collection":[{"href":"https:\/\/www.raschvin.com\/sv\/wp-json\/wp\/v2\/product"}],"about":[{"href":"https:\/\/www.raschvin.com\/sv\/wp-json\/wp\/v2\/types\/product"}],"wp:featuredmedia":[{"embeddable":true,"href":"https:\/\/www.raschvin.com\/sv\/wp-json\/wp\/v2\/media\/3761"}],"wp:attachment":[{"href":"https:\/\/www.raschvin.com\/sv\/wp-json\/wp\/v2\/media?parent=16305"}],"wp:term":[{"taxonomy":"product_brand","embeddable":true,"href":"https:\/\/www.raschvin.com\/sv\/wp-json\/wp\/v2\/product_brand?post=16305"},{"taxonomy":"product_cat","embeddable":true,"href":"https:\/\/www.raschvin.com\/sv\/wp-json\/wp\/v2\/product_cat?post=16305"},{"taxonomy":"product_tag","embeddable":true,"href":"https:\/\/www.raschvin.com\/sv\/wp-json\/wp\/v2\/product_tag?post=16305"}],"curies":[{"name":"wp","href":"https:\/\/api.w.org\/{rel}","templated":true}]}}