{"id":16303,"date":"2022-05-30T09:32:41","date_gmt":"2022-05-30T07:32:41","guid":{"rendered":"https:\/\/www.raschvin.com\/vare\/nega-fulo-cachaca\/"},"modified":"2022-11-28T19:07:37","modified_gmt":"2022-11-28T18:07:37","slug":"nega-fulo-cachaca","status":"publish","type":"product","link":"https:\/\/www.raschvin.com\/sv\/produkt\/nega-fulo-cachaca\/","title":{"rendered":"N\u00eaga Ful\u00f4 Cachaca 70 cl. 41,5%"},"content":{"rendered":"<p>Den brasilianska brandy, cachaca, har en h\u00e4rlig fullhet och \u00e4r ett sp\u00e4nnande alternativ till den klassiska Rom. Dessutom kommer denna Cachaca Nega Fulo i en trevlig autentisk f\u00f6rpackning.<\/p>\n<p>Detta \u00e4r den traditionella Cacha\u00e7a fr\u00e5n Brasilien, \u00e4r en grundl\u00e4ggande ingrediens i Caipirina: F\u00f6rbereda den, sk\u00e4ra en kalk eller en gr\u00f6n citron i skivor, l\u00e4gga till brunt socker och krossa allt med en pistil. Isbitar och N\u00eaga Ful\u00f4 Cacca f\u00f6r smak fullbordar receptet.<\/p>\n","protected":false},"excerpt":{"rendered":"<p>Aguardente De Cana &#8211; Brazil<\/p>\n","protected":false},"featured_media":3750,"template":"","meta":{"_acf_changed":false,"rs_blank_template":"","rs_page_bg_color":"","slide_template_v7":""},"product_brand":[],"product_cat":[2402,4722],"product_tag":[],"class_list":{"0":"post-16303","1":"product","2":"type-product","3":"status-publish","4":"has-post-thumbnail","6":"product_cat-sprit-sv","7":"product_cat-cachaca-sv","8":"pa_land-brasilien-sv","9":"pa_procent-41-5-sv","10":"pa_volume-70-sv-2","12":"first","13":"instock","14":"taxable","15":"shipping-taxable","16":"purchasable","17":"product-type-simple"},"bundled_by":[],"bundle_stock_status":"instock","bundle_stock_quantity":null,"bundle_virtual":false,"bundle_layout":"","bundle_add_to_cart_form_location":"","bundle_editable_in_cart":false,"bundle_sold_individually_context":"","bundle_item_grouping":"","bundle_min_size":"","bundle_max_size":"","bundle_price":[],"bundled_items":[],"bundle_sell_ids":[],"acf":[],"_links":{"self":[{"href":"https:\/\/www.raschvin.com\/sv\/wp-json\/wp\/v2\/product\/16303","targetHints":{"allow":["GET"]}}],"collection":[{"href":"https:\/\/www.raschvin.com\/sv\/wp-json\/wp\/v2\/product"}],"about":[{"href":"https:\/\/www.raschvin.com\/sv\/wp-json\/wp\/v2\/types\/product"}],"wp:featuredmedia":[{"embeddable":true,"href":"https:\/\/www.raschvin.com\/sv\/wp-json\/wp\/v2\/media\/3750"}],"wp:attachment":[{"href":"https:\/\/www.raschvin.com\/sv\/wp-json\/wp\/v2\/media?parent=16303"}],"wp:term":[{"taxonomy":"product_brand","embeddable":true,"href":"https:\/\/www.raschvin.com\/sv\/wp-json\/wp\/v2\/product_brand?post=16303"},{"taxonomy":"product_cat","embeddable":true,"href":"https:\/\/www.raschvin.com\/sv\/wp-json\/wp\/v2\/product_cat?post=16303"},{"taxonomy":"product_tag","embeddable":true,"href":"https:\/\/www.raschvin.com\/sv\/wp-json\/wp\/v2\/product_tag?post=16303"}],"curies":[{"name":"wp","href":"https:\/\/api.w.org\/{rel}","templated":true}]}}