{"id":16301,"date":"2022-05-30T09:32:41","date_gmt":"2022-05-30T07:32:41","guid":{"rendered":"https:\/\/www.raschvin.com\/vare\/remy-martin-v-s-o-p\/"},"modified":"2022-12-02T19:11:19","modified_gmt":"2022-12-02T18:11:19","slug":"remy-martin-v-s-o-p","status":"publish","type":"product","link":"https:\/\/www.raschvin.com\/sv\/produkt\/remy-martin-v-s-o-p\/","title":{"rendered":"R\u00e9my Martin V.S.O.P 70 cl. 40%"},"content":{"rendered":"<p>Ursprungligen skapad 1927, Vsop utvecklades till Vsop mogna cask finish 2012. R\u00e9my Martin Vsop mogna cask finish \u00e4r den perfekta harmonin av kraftfulla och eleganta aromer.<\/p>\n<p>N\u00c4SA<br \/>\nDominerande anteckningar av vanilj tack vare l\u00e4ngre lagring i franska limousinfat f\u00f6ljt av mogna aprikos, bakade \u00e4pple och eleganta blommor.<\/p>\n<p>SMAK<br \/>\nEn perfekt harmoni mellan den fasta naturen av mogen frukt och subtila anteckningar av lakrits, som erbjuder en stor komplexitet av eleganta och kraftfulla aromer.<\/p>\n<p>Kropp<br \/>\nBra balanserad, strukturerad och multilaged. Runda och fruktiga sedlar f\u00f6rb\u00e4ttras med en 1-\u00e5rig efterbehandlingsperiod i sm\u00e5 ekr\u00e4tter \u00f6ver 20 \u00e5r.<\/p>\n<p>R\u00e9my Martin Vsop mogna cask finish best\u00e5r av Eaux-de-Vie, som kommer uteslutande fr\u00e5n ving\u00e5rdarna av Cognac, Grande Champagne och Petite Champagne. Eaux-de-Vie erbjuder en ovanlig \u00e5ldrande potential och \u00e4r k\u00e4nd som Cognac Fine Champagne.<\/p>\n<p>\u00c5r 1927 skapade R\u00e9my Martins Basingsman Andr\u00e9 Renaud den allra f\u00f6rsta vsop fin champagne &#8211; ett riktigt vision\u00e4rt och dj\u00e4rvt beslut. Denna prestigefyllda beteckning erk\u00e4ndes officiellt 11 \u00e5r senare som AOC (Appellation d&#8217;Origine Contr\u00f4l\u00e9e &#8211; ett specifikt tillv\u00e4xtomr\u00e5de skyddat av fransk r\u00e4tt).<\/p>\n<p>\u00c5r 2012 lanserade R\u00e9my Martin ett nytt uttryck f\u00f6r sin ikoniska vsop f\u00f6r Europa: mogen kaskfinish k\u00e4nnetecknas av en \u00e5rs efterbehandlingsperiod i liten ek \u00f6ver 20 \u00e5r.<\/p>\n<p>R\u00e9my Martin Vsop Mature Cask Finish vann en guldmedalj i 2012 Spirits Business Cognac Masters (Storbritannien) och en guldmedalj vid ISW 2013 (Tyskland).<\/p>\n","protected":false},"excerpt":{"rendered":"<p>Cognac Fine Champagne &#8211; France<\/p>\n","protected":false},"featured_media":3730,"template":"","meta":{"_acf_changed":false,"rs_blank_template":"","rs_page_bg_color":"","slide_template_v7":""},"product_brand":[],"product_cat":[2387,4606,2389],"product_tag":[],"class_list":{"0":"post-16301","1":"product","2":"type-product","3":"status-publish","4":"has-post-thumbnail","6":"product_cat-avec-sv","7":"product_cat-v-s-o-p-cognac","8":"product_cat-cognac-sv","9":"pa_land-frankrike","10":"pa_procent-40-sv-2","11":"pa_producent-remy-martin-sv","12":"pa_region-cognac-sv","13":"pa_volume-70-sv-2","15":"first","16":"instock","17":"taxable","18":"shipping-taxable","19":"purchasable","20":"product-type-simple"},"bundled_by":[],"bundle_stock_status":"instock","bundle_stock_quantity":null,"bundle_virtual":false,"bundle_layout":"","bundle_add_to_cart_form_location":"","bundle_editable_in_cart":false,"bundle_sold_individually_context":"","bundle_item_grouping":"","bundle_min_size":"","bundle_max_size":"","bundle_price":[],"bundled_items":[],"bundle_sell_ids":[],"acf":[],"_links":{"self":[{"href":"https:\/\/www.raschvin.com\/sv\/wp-json\/wp\/v2\/product\/16301","targetHints":{"allow":["GET"]}}],"collection":[{"href":"https:\/\/www.raschvin.com\/sv\/wp-json\/wp\/v2\/product"}],"about":[{"href":"https:\/\/www.raschvin.com\/sv\/wp-json\/wp\/v2\/types\/product"}],"wp:featuredmedia":[{"embeddable":true,"href":"https:\/\/www.raschvin.com\/sv\/wp-json\/wp\/v2\/media\/3730"}],"wp:attachment":[{"href":"https:\/\/www.raschvin.com\/sv\/wp-json\/wp\/v2\/media?parent=16301"}],"wp:term":[{"taxonomy":"product_brand","embeddable":true,"href":"https:\/\/www.raschvin.com\/sv\/wp-json\/wp\/v2\/product_brand?post=16301"},{"taxonomy":"product_cat","embeddable":true,"href":"https:\/\/www.raschvin.com\/sv\/wp-json\/wp\/v2\/product_cat?post=16301"},{"taxonomy":"product_tag","embeddable":true,"href":"https:\/\/www.raschvin.com\/sv\/wp-json\/wp\/v2\/product_tag?post=16301"}],"curies":[{"name":"wp","href":"https:\/\/api.w.org\/{rel}","templated":true}]}}