{"id":16299,"date":"2022-05-30T09:32:41","date_gmt":"2022-05-30T07:32:41","guid":{"rendered":"https:\/\/www.raschvin.com\/vare\/de-luze-v-s-o-p\/"},"modified":"2022-11-14T13:38:23","modified_gmt":"2022-11-14T12:38:23","slug":"de-luze-v-s-o-p","status":"publish","type":"product","link":"https:\/\/www.raschvin.com\/sv\/produkt\/de-luze-v-s-o-p\/","title":{"rendered":"De Luze V.S.O.P 70 cl. 40%"},"content":{"rendered":"<p>Luze Vsop Fine Champagne Cognac \u00e4r en unik blandning av eaux-de-vie fr\u00e5n Grande och Petite Champagne, de tv\u00e5 b\u00e4sta terroirerna i Cognac-regionen, k\u00e4nd som fin champagne n\u00e4r de blandas.<\/p>\n<p>Vinet destilleras i sin b\u00e4r i v\u00e5rt eget destilleri med hj\u00e4lp av BoinaUD-familjens unika metod som ger v\u00e5r konjak en unik finish.<\/p>\n<p>F\u00e4rg: Gammal guld<\/p>\n<p>Aromas:<br \/>\nBlommor Anm\u00e4rkningar: Sommar Rosenblade<br \/>\nFruktbara anteckningar: pommes frites, kandad frukt, fruktkaka<br \/>\nSpicy Anteckningar: Vanilj och choklad<\/p>\n<p>P\u00e5 gommen: sl\u00e4t, med en anm\u00e4rkningsv\u00e4rd rundhet<br \/>\nAvsluta: Perfekt balans, \u00f6verraskande l\u00e4ngd<\/p>\n<p>Luze vsop cognac \u00e4r perfekt f\u00f6r en variation p\u00e5 en manhattan cocktail<\/p>\n","protected":false},"excerpt":{"rendered":"<p>Fine Champagne Cognac<\/p>\n","protected":false},"featured_media":3716,"template":"","meta":{"_acf_changed":false,"rs_blank_template":"","rs_page_bg_color":"","slide_template_v7":""},"product_brand":[],"product_cat":[2387,2389,4606],"product_tag":[],"class_list":{"0":"post-16299","1":"product","2":"type-product","3":"status-publish","4":"has-post-thumbnail","6":"product_cat-avec-sv","7":"product_cat-cognac-sv","8":"product_cat-v-s-o-p-sv","9":"pa_land-frankrike","10":"pa_procent-40-sv-2","11":"pa_producent-damien-bertrand-sv","12":"pa_region-cognac-sv","13":"pa_volume-70-sv-2","15":"first","16":"outofstock","17":"taxable","18":"shipping-taxable","19":"purchasable","20":"product-type-simple"},"bundled_by":[],"bundle_stock_status":"outofstock","bundle_stock_quantity":null,"bundle_virtual":false,"bundle_layout":"","bundle_add_to_cart_form_location":"","bundle_editable_in_cart":false,"bundle_sold_individually_context":"","bundle_item_grouping":"","bundle_min_size":"","bundle_max_size":"","bundle_price":[],"bundled_items":[],"bundle_sell_ids":[],"acf":[],"_links":{"self":[{"href":"https:\/\/www.raschvin.com\/sv\/wp-json\/wp\/v2\/product\/16299","targetHints":{"allow":["GET"]}}],"collection":[{"href":"https:\/\/www.raschvin.com\/sv\/wp-json\/wp\/v2\/product"}],"about":[{"href":"https:\/\/www.raschvin.com\/sv\/wp-json\/wp\/v2\/types\/product"}],"wp:featuredmedia":[{"embeddable":true,"href":"https:\/\/www.raschvin.com\/sv\/wp-json\/wp\/v2\/media\/3716"}],"wp:attachment":[{"href":"https:\/\/www.raschvin.com\/sv\/wp-json\/wp\/v2\/media?parent=16299"}],"wp:term":[{"taxonomy":"product_brand","embeddable":true,"href":"https:\/\/www.raschvin.com\/sv\/wp-json\/wp\/v2\/product_brand?post=16299"},{"taxonomy":"product_cat","embeddable":true,"href":"https:\/\/www.raschvin.com\/sv\/wp-json\/wp\/v2\/product_cat?post=16299"},{"taxonomy":"product_tag","embeddable":true,"href":"https:\/\/www.raschvin.com\/sv\/wp-json\/wp\/v2\/product_tag?post=16299"}],"curies":[{"name":"wp","href":"https:\/\/api.w.org\/{rel}","templated":true}]}}