{"id":16298,"date":"2022-05-30T09:32:41","date_gmt":"2022-05-30T07:32:41","guid":{"rendered":"https:\/\/www.raschvin.com\/vare\/baron-otard-v-s-o-p\/"},"modified":"2022-10-26T09:51:06","modified_gmt":"2022-10-26T07:51:06","slug":"baron-otard-v-s-o-p","status":"publish","type":"product","link":"https:\/\/www.raschvin.com\/sv\/produkt\/baron-otard-v-s-o-p\/","title":{"rendered":"Baron Otard V.S.O.P 70 cl. 40%"},"content":{"rendered":"<p>Baron Otard Vsop \u00e4r en rik och full, men elegant konjak fr\u00e5n detta historiska hus. Baron b\u00f6rjade producera konjak \u00e5r 1795 och blev borgm\u00e4stare i regionen nio \u00e5r senare.<\/p>\n<p>Intensiv kopparf\u00e4rg. Dofterna k\u00e4nnetecknas av tips av gr\u00f6n frukt med en tjockare och jordad tobaksknapp i munnen. Smaken \u00e4r kryddig och vanilj med en solid och v\u00e4ldefinierad struktur.<\/p>\n","protected":false},"excerpt":{"rendered":"<p>Cognac de France<\/p>\n","protected":false},"featured_media":3709,"template":"","meta":{"_acf_changed":false,"rs_blank_template":"","rs_page_bg_color":"","slide_template_v7":""},"product_brand":[],"product_cat":[2387,2389,4606],"product_tag":[],"class_list":{"0":"post-16298","1":"product","2":"type-product","3":"status-publish","4":"has-post-thumbnail","6":"product_cat-avec-sv","7":"product_cat-cognac-sv","8":"product_cat-v-s-o-p-sv","9":"pa_land-frankrike","10":"pa_procent-40-sv-2","11":"pa_producent-chateau-de-royal-cognac-sv","12":"pa_region-cognac-sv","13":"pa_volume-70-sv-2","15":"first","16":"outofstock","17":"taxable","18":"shipping-taxable","19":"purchasable","20":"product-type-simple"},"bundled_by":[],"bundle_stock_status":"outofstock","bundle_stock_quantity":null,"bundle_virtual":false,"bundle_layout":"","bundle_add_to_cart_form_location":"","bundle_editable_in_cart":false,"bundle_sold_individually_context":"","bundle_item_grouping":"","bundle_min_size":"","bundle_max_size":"","bundle_price":[],"bundled_items":[],"bundle_sell_ids":[],"acf":[],"_links":{"self":[{"href":"https:\/\/www.raschvin.com\/sv\/wp-json\/wp\/v2\/product\/16298","targetHints":{"allow":["GET"]}}],"collection":[{"href":"https:\/\/www.raschvin.com\/sv\/wp-json\/wp\/v2\/product"}],"about":[{"href":"https:\/\/www.raschvin.com\/sv\/wp-json\/wp\/v2\/types\/product"}],"wp:featuredmedia":[{"embeddable":true,"href":"https:\/\/www.raschvin.com\/sv\/wp-json\/wp\/v2\/media\/3709"}],"wp:attachment":[{"href":"https:\/\/www.raschvin.com\/sv\/wp-json\/wp\/v2\/media?parent=16298"}],"wp:term":[{"taxonomy":"product_brand","embeddable":true,"href":"https:\/\/www.raschvin.com\/sv\/wp-json\/wp\/v2\/product_brand?post=16298"},{"taxonomy":"product_cat","embeddable":true,"href":"https:\/\/www.raschvin.com\/sv\/wp-json\/wp\/v2\/product_cat?post=16298"},{"taxonomy":"product_tag","embeddable":true,"href":"https:\/\/www.raschvin.com\/sv\/wp-json\/wp\/v2\/product_tag?post=16298"}],"curies":[{"name":"wp","href":"https:\/\/api.w.org\/{rel}","templated":true}]}}