{"id":16292,"date":"2022-05-30T09:31:25","date_gmt":"2022-05-30T07:31:25","guid":{"rendered":"https:\/\/www.raschvin.com\/vare\/metaxa-12-stars\/"},"modified":"2022-11-27T10:46:11","modified_gmt":"2022-11-27T09:46:11","slug":"metaxa-12-stars","status":"publish","type":"product","link":"https:\/\/www.raschvin.com\/sv\/produkt\/metaxa-12-stars\/","title":{"rendered":"Metaxa 12 Stars 70 cl. 40%"},"content":{"rendered":"<p>1888 b\u00f6rjade Spyros Metaxa, en pionj\u00e4r f\u00f6re sin tid, en resa f\u00f6r att skapa en unik grekisk anda. Sedan dess har Metaxa inspirerats av uppt\u00e4cktsresande som g\u00e5r sin egen v\u00e4g.<br \/>\nUpplev den unika och intensiva smaken av Muscat-viner fr\u00e5n Samos, lagrade vindestillat och medelhavsv\u00e4xter p\u00e5 Metaxa. Metaxa \u00e4r mer \u00e4n en drink &#8211; det \u00e4r en resa som v\u00e4cker din lust att utforska och uppleva.<br \/>\nI aromen uppfattas apelsinskal, kaffe, choklad och rostad ek. Smaken \u00e4r elegant och rik med torkad frukt, apelsinskal och inslag av kryddor. Eftersmaken \u00e4r l\u00e5ng och aromatisk med inslag av apelsinskal och kryddor.<br \/>\nVi rekommenderar att Metaxa 12 Stars avnjuts snyggt eller \u00f6ver en enda stor isbit.<\/p>\n","protected":false},"excerpt":{"rendered":"<p>The Original Greek Spirit<\/p>\n","protected":false},"featured_media":3643,"template":"","meta":{"_acf_changed":false,"rs_blank_template":"","rs_page_bg_color":"","slide_template_v7":""},"product_brand":[],"product_cat":[2395],"product_tag":[],"class_list":{"0":"post-16292","1":"product","2":"type-product","3":"status-publish","4":"has-post-thumbnail","6":"product_cat-brandy-sv","7":"pa_land-grekland","8":"pa_procent-40-sv-2","9":"pa_producent-remy-cointreau-group-sv","10":"pa_volume-70-sv-2","12":"first","13":"instock","14":"sale","15":"taxable","16":"shipping-taxable","17":"purchasable","18":"product-type-simple"},"bundled_by":[],"bundle_stock_status":"instock","bundle_stock_quantity":null,"bundle_virtual":false,"bundle_layout":"","bundle_add_to_cart_form_location":"","bundle_editable_in_cart":false,"bundle_sold_individually_context":"","bundle_item_grouping":"","bundle_min_size":"","bundle_max_size":"","bundle_price":[],"bundled_items":[],"bundle_sell_ids":[],"acf":[],"_links":{"self":[{"href":"https:\/\/www.raschvin.com\/sv\/wp-json\/wp\/v2\/product\/16292","targetHints":{"allow":["GET"]}}],"collection":[{"href":"https:\/\/www.raschvin.com\/sv\/wp-json\/wp\/v2\/product"}],"about":[{"href":"https:\/\/www.raschvin.com\/sv\/wp-json\/wp\/v2\/types\/product"}],"wp:featuredmedia":[{"embeddable":true,"href":"https:\/\/www.raschvin.com\/sv\/wp-json\/wp\/v2\/media\/3643"}],"wp:attachment":[{"href":"https:\/\/www.raschvin.com\/sv\/wp-json\/wp\/v2\/media?parent=16292"}],"wp:term":[{"taxonomy":"product_brand","embeddable":true,"href":"https:\/\/www.raschvin.com\/sv\/wp-json\/wp\/v2\/product_brand?post=16292"},{"taxonomy":"product_cat","embeddable":true,"href":"https:\/\/www.raschvin.com\/sv\/wp-json\/wp\/v2\/product_cat?post=16292"},{"taxonomy":"product_tag","embeddable":true,"href":"https:\/\/www.raschvin.com\/sv\/wp-json\/wp\/v2\/product_tag?post=16292"}],"curies":[{"name":"wp","href":"https:\/\/api.w.org\/{rel}","templated":true}]}}