{"id":16291,"date":"2022-05-30T09:31:25","date_gmt":"2022-05-30T07:31:25","guid":{"rendered":"https:\/\/www.raschvin.com\/vare\/metaxa-7-stars\/"},"modified":"2022-11-27T10:58:18","modified_gmt":"2022-11-27T09:58:18","slug":"metaxa-7-stars","status":"publish","type":"product","link":"https:\/\/www.raschvin.com\/sv\/produkt\/metaxa-7-stars\/","title":{"rendered":"Metaxa 7 Stars 70 cl. 40%"},"content":{"rendered":"<p>1888 b\u00f6rjade Spyros Metaxa, en pionj\u00e4r f\u00f6re sin tid, en resa f\u00f6r att skapa en unik grekisk anda. Sedan dess har Metaxa inspirerats av uppt\u00e4cktsresande som g\u00e5r sin egen v\u00e4g.<br \/>\nUpplev den unika och intensiva smaken av Muscat-viner fr\u00e5n Samos, lagrade vindestillat och medelhavsv\u00e4xter p\u00e5 Metaxa. Metaxa \u00e4r mer \u00e4n en drink &#8211; det \u00e4r en resa som v\u00e4cker din lust att utforska och uppleva.<br \/>\nMetaxa 7 Stars har en fin b\u00e4rnstensf\u00e4rgad f\u00e4rg med kopparf\u00e4rgade reflexer. I doften anar man mogna persikor, katrinplommon och torkade blommor. Smaken \u00e4r rund, balanserad, fruktig och fyllig med s\u00f6ta, mogna frukter och kola. Eftersmaken \u00e4r l\u00e5ng och gener\u00f6s med en fruktig avslutning.<br \/>\nVi rekommenderar att Metaxa 7 Stars avnjuts snyggt, med isbitar eller i en klassisk cocktail.<\/p>\n","protected":false},"excerpt":{"rendered":"<p>The Original Greek Spirit<\/p>\n","protected":false},"featured_media":3633,"template":"","meta":{"_acf_changed":false,"rs_blank_template":"","rs_page_bg_color":"","slide_template_v7":""},"product_brand":[],"product_cat":[2395,2743],"product_tag":[],"class_list":{"0":"post-16291","1":"product","2":"type-product","3":"status-publish","4":"has-post-thumbnail","6":"product_cat-brandy-sv","7":"product_cat-brannvin-sv","8":"pa_land-grekland","9":"pa_procent-40-sv-2","10":"pa_producent-remy-cointreau-group-sv","11":"pa_volume-70-sv-2","13":"first","14":"instock","15":"sale","16":"taxable","17":"shipping-taxable","18":"purchasable","19":"product-type-simple"},"bundled_by":[],"bundle_stock_status":"instock","bundle_stock_quantity":null,"bundle_virtual":false,"bundle_layout":"","bundle_add_to_cart_form_location":"","bundle_editable_in_cart":false,"bundle_sold_individually_context":"","bundle_item_grouping":"","bundle_min_size":"","bundle_max_size":"","bundle_price":[],"bundled_items":[],"bundle_sell_ids":[],"acf":[],"_links":{"self":[{"href":"https:\/\/www.raschvin.com\/sv\/wp-json\/wp\/v2\/product\/16291","targetHints":{"allow":["GET"]}}],"collection":[{"href":"https:\/\/www.raschvin.com\/sv\/wp-json\/wp\/v2\/product"}],"about":[{"href":"https:\/\/www.raschvin.com\/sv\/wp-json\/wp\/v2\/types\/product"}],"wp:featuredmedia":[{"embeddable":true,"href":"https:\/\/www.raschvin.com\/sv\/wp-json\/wp\/v2\/media\/3633"}],"wp:attachment":[{"href":"https:\/\/www.raschvin.com\/sv\/wp-json\/wp\/v2\/media?parent=16291"}],"wp:term":[{"taxonomy":"product_brand","embeddable":true,"href":"https:\/\/www.raschvin.com\/sv\/wp-json\/wp\/v2\/product_brand?post=16291"},{"taxonomy":"product_cat","embeddable":true,"href":"https:\/\/www.raschvin.com\/sv\/wp-json\/wp\/v2\/product_cat?post=16291"},{"taxonomy":"product_tag","embeddable":true,"href":"https:\/\/www.raschvin.com\/sv\/wp-json\/wp\/v2\/product_tag?post=16291"}],"curies":[{"name":"wp","href":"https:\/\/api.w.org\/{rel}","templated":true}]}}