{"id":16280,"date":"2022-05-30T09:30:13","date_gmt":"2022-05-30T07:30:13","guid":{"rendered":"https:\/\/www.raschvin.com\/vare\/ron-patridom-selecion-exclusiva-12-ron-esclavo\/"},"modified":"2022-12-05T10:33:55","modified_gmt":"2022-12-05T09:33:55","slug":"ron-patridom-selecion-exclusiva-12-ron-esclavo","status":"publish","type":"product","link":"https:\/\/www.raschvin.com\/sv\/produkt\/ron-patridom-selecion-exclusiva-12-ron-esclavo\/","title":{"rendered":"Patridom Seleci\u00f3n Exclusiva 12 70 cl. 40%"},"content":{"rendered":"<p>Patridom-serien best\u00e5r av fyra buteljeringar, var och en med sina egna fascinerande smakegenskaper. Rommen destilleras av Alcoholes Finos Dominicanos, som endast bearbetar sina egna sockerr\u00f6r, vilket s\u00e4kerst\u00e4ller att endast dominikanska sockerr\u00f6r anv\u00e4nds. Patridom Seleci\u00f3n Exclusiva \u00e4r en premiumrom gjord av b\u00e5de f\u00e4rsk sockerr\u00f6rsjuice och melass. Rommen lagras i det tropiska klimatet i Dominikanska republiken, p\u00e5 amerikanska och franska ekfat, under en period av sex till tolv \u00e5r.<\/p>\n<p>Doft: Ett bes\u00f6k i bageriet &#8211; varma pajer, fruktkakor och pudding med mycket kola och toner av vanilj. Smak: Kraftiga aromer av farinsocker, vanilj och kokos, men \u00e4nd\u00e5 mild och balanserad.<br \/>\nLand: Dominikanska republiken<br \/>\nDestilleri: Alcoholes Finos Dominicanos<br \/>\nAlkohol: 40% vol.<br \/>\n\u00c5lder: 6-12 \u00e5r<\/p>\n<p>Patridom core-serien best\u00e5r av fyra uttryck, alla med sina egna sp\u00e4nnande smakegenskaper. Rommen produceras av Alcoholes Finos Dominicanos, som sk\u00f6rdar sina egna sockerr\u00f6r och ser till att rommen best\u00e5r av gr\u00f6dor uteslutande fr\u00e5n Dominikanska republiken. Patridom Seleci\u00f3n Exclusiva \u00e4r en premiumrom gjord p\u00e5 sockerr\u00f6rsmelass, som mognar i det tropiska klimatet i Dominikanska republiken. Under en period av sex till tolv \u00e5r lagras denna rom p\u00e5 b\u00e5de amerikanska ekfat och franska ekfat.<\/p>\n","protected":false},"excerpt":{"rendered":"<p>Dominican Republic Spirit Drink<\/p>\n","protected":false},"featured_media":30744,"template":"","meta":{"_acf_changed":false,"rs_blank_template":"","rs_page_bg_color":"","slide_template_v7":""},"product_brand":[],"product_cat":[2387,4634,2391],"product_tag":[],"class_list":{"0":"post-16280","1":"product","2":"type-product","3":"status-publish","4":"has-post-thumbnail","6":"product_cat-avec-sv","7":"product_cat-premium-aged-sv","8":"product_cat-rom-sv","9":"pa_lagring-12-sv","10":"pa_land-dominikanska-republiken","11":"pa_procent-40-sv-2","12":"pa_producent-1423-sv","13":"pa_volume-70-sv-2","15":"first","16":"instock","17":"sale","18":"taxable","19":"shipping-taxable","20":"purchasable","21":"product-type-simple"},"bundled_by":[],"bundle_stock_status":"instock","bundle_stock_quantity":null,"bundle_virtual":false,"bundle_layout":"","bundle_add_to_cart_form_location":"","bundle_editable_in_cart":false,"bundle_sold_individually_context":"","bundle_item_grouping":"","bundle_min_size":"","bundle_max_size":"","bundle_price":[],"bundled_items":[],"bundle_sell_ids":[],"acf":[],"_links":{"self":[{"href":"https:\/\/www.raschvin.com\/sv\/wp-json\/wp\/v2\/product\/16280","targetHints":{"allow":["GET"]}}],"collection":[{"href":"https:\/\/www.raschvin.com\/sv\/wp-json\/wp\/v2\/product"}],"about":[{"href":"https:\/\/www.raschvin.com\/sv\/wp-json\/wp\/v2\/types\/product"}],"wp:featuredmedia":[{"embeddable":true,"href":"https:\/\/www.raschvin.com\/sv\/wp-json\/wp\/v2\/media\/30744"}],"wp:attachment":[{"href":"https:\/\/www.raschvin.com\/sv\/wp-json\/wp\/v2\/media?parent=16280"}],"wp:term":[{"taxonomy":"product_brand","embeddable":true,"href":"https:\/\/www.raschvin.com\/sv\/wp-json\/wp\/v2\/product_brand?post=16280"},{"taxonomy":"product_cat","embeddable":true,"href":"https:\/\/www.raschvin.com\/sv\/wp-json\/wp\/v2\/product_cat?post=16280"},{"taxonomy":"product_tag","embeddable":true,"href":"https:\/\/www.raschvin.com\/sv\/wp-json\/wp\/v2\/product_tag?post=16280"}],"curies":[{"name":"wp","href":"https:\/\/api.w.org\/{rel}","templated":true}]}}