{"id":16279,"date":"2024-08-29T10:28:13","date_gmt":"2024-08-29T08:28:13","guid":{"rendered":"https:\/\/www.raschvin.com\/vare\/ron-esclavo-x-o-cask-65\/"},"modified":"2024-08-29T10:44:28","modified_gmt":"2024-08-29T08:44:28","slug":"ron-esclavo-x-o-cask-65","status":"publish","type":"product","link":"https:\/\/www.raschvin.com\/sv\/produkt\/ron-esclavo-x-o-cask-65\/","title":{"rendered":"Patridom XO Cask 50 cl. 65%"},"content":{"rendered":"<p>Patridoms k\u00e4rnsortiment best\u00e5r av fyra uttryck som var och en har sina egna sp\u00e4nnande smakegenskaper. Rommen produceras av Alcoholes Finos Dominicanos som sk\u00f6rdar sina egna sockerr\u00f6r, och ser till att rommen best\u00e5r av gr\u00f6dor enbart fr\u00e5n Dominikanska republiken. Patridom XO Cask \u00e4r en premiumrom gjord av sockerr\u00f6rsmelass som mognar i det tropiska klimatet i Dominikanska republiken. Under en period av tolv till femton \u00e5r \u00e5ldras denna rom p\u00e5 b\u00e5de amerikanska ekfat och franska ekfat.<\/p>\n<p>Patridom \u00e4r ett sammansatt ord av spanska &#8221;patrimonio&#8221; och &#8221;dominicano&#8221;, vilket betyder dominikanskt arv.<br \/>\nSerien best\u00e5r av fyra standardtappningar som fermenteras, destilleras och mognas i Dominikanska republiken. Rommen produceras av Alcoholes Finos Dominicanos som odlar sina egna sockerr\u00f6r, och ser till att rommen best\u00e5r av gr\u00f6dor enbart fr\u00e5n Dominikanska republiken.<br \/>\nAlkoholer Finos Dominicanos \u00e4r den st\u00f6rsta producenten av alkohol i Dominikanska republiken, och d\u00e4rmed spelar f\u00f6retaget en betydande roll i samh\u00e4llet och s\u00e4krar arbete \u00e5t hundratals lokalbefolkning.<\/p>\n<p>Smakanteckningar<\/p>\n<p>N\u00e4sa: En s\u00f6tsyrlig ton kombinerad med inslag av kokos och bivax.<br \/>\nSmak: Fyllig med en fet konsistens. Romrussin i kombination med m\u00f6rk choklad, vilket ger en kontrasterande bitter finish.<\/p>\n","protected":false},"excerpt":{"rendered":"<p>Dominican Republic Premium Aged Rum<\/p>\n","protected":false},"featured_media":64945,"template":"","meta":{"_acf_changed":false,"rs_blank_template":"","rs_page_bg_color":"","slide_template_v7":""},"product_brand":[],"product_cat":[2387,4634,2391],"product_tag":[],"class_list":{"0":"post-16279","1":"product","2":"type-product","3":"status-publish","4":"has-post-thumbnail","6":"product_cat-avec-sv","7":"product_cat-premium-aged-sv","8":"product_cat-rom-sv","9":"pa_land-dominikanska-republiken","10":"pa_procent-65-sv","11":"pa_producent-1423-sv","12":"pa_volume-50-sv","14":"first","15":"instock","16":"sale","17":"taxable","18":"shipping-taxable","19":"purchasable","20":"product-type-simple"},"bundled_by":[],"bundle_stock_status":"instock","bundle_stock_quantity":null,"bundle_virtual":false,"bundle_layout":"","bundle_add_to_cart_form_location":"","bundle_editable_in_cart":false,"bundle_sold_individually_context":"","bundle_item_grouping":"","bundle_min_size":"","bundle_max_size":"","bundle_price":[],"bundled_items":[],"bundle_sell_ids":[],"acf":[],"_links":{"self":[{"href":"https:\/\/www.raschvin.com\/sv\/wp-json\/wp\/v2\/product\/16279","targetHints":{"allow":["GET"]}}],"collection":[{"href":"https:\/\/www.raschvin.com\/sv\/wp-json\/wp\/v2\/product"}],"about":[{"href":"https:\/\/www.raschvin.com\/sv\/wp-json\/wp\/v2\/types\/product"}],"wp:featuredmedia":[{"embeddable":true,"href":"https:\/\/www.raschvin.com\/sv\/wp-json\/wp\/v2\/media\/64945"}],"wp:attachment":[{"href":"https:\/\/www.raschvin.com\/sv\/wp-json\/wp\/v2\/media?parent=16279"}],"wp:term":[{"taxonomy":"product_brand","embeddable":true,"href":"https:\/\/www.raschvin.com\/sv\/wp-json\/wp\/v2\/product_brand?post=16279"},{"taxonomy":"product_cat","embeddable":true,"href":"https:\/\/www.raschvin.com\/sv\/wp-json\/wp\/v2\/product_cat?post=16279"},{"taxonomy":"product_tag","embeddable":true,"href":"https:\/\/www.raschvin.com\/sv\/wp-json\/wp\/v2\/product_tag?post=16279"}],"curies":[{"name":"wp","href":"https:\/\/api.w.org\/{rel}","templated":true}]}}