{"id":16278,"date":"2022-05-30T09:30:13","date_gmt":"2022-05-30T07:30:13","guid":{"rendered":"https:\/\/www.raschvin.com\/vare\/ron-patridom-x-o-ron-esclavo\/"},"modified":"2022-12-05T10:25:24","modified_gmt":"2022-12-05T09:25:24","slug":"ron-patridom-x-o-ron-esclavo","status":"publish","type":"product","link":"https:\/\/www.raschvin.com\/sv\/produkt\/ron-patridom-x-o-ron-esclavo\/","title":{"rendered":"Patridom XO 70 cl. 42%"},"content":{"rendered":"<p>Ron Patridom-serien best\u00e5r av fyra buteljeringar, var och en med sina egna fascinerande smakegenskaper. Rommen destilleras av Alcoholes Finos Dominicanos, som endast bearbetar sina egna sockerr\u00f6r, vilket s\u00e4kerst\u00e4ller att endast dominikanska sockerr\u00f6r anv\u00e4nds. Ron Patridom XO \u00e4r en premiumrom gjord av b\u00e5de f\u00e4rsk sockerr\u00f6rsjuice och melass. Rommen lagras i det tropiska klimatet i Dominikanska republiken, p\u00e5 amerikanska och franska ekfat, under en period av tolv till femton \u00e5r.<\/p>\n<p>Doft: Kryddig med en ton av bivax och en ton av mogen och saftig frukt.<br \/>\nSmak: Fyllig och balanserad med en delikat fruktig ton, kombinerat med en hint av vanilj och kokos.<br \/>\nLand: Dominikanska republikens destilleri:<br \/>\nAlkoholer Finos Dominicanos Alkohol: 42% vol.<br \/>\n\u00c5lder: 12 &#8211; 15 \u00e5r<\/p>\n<p>Patridom \u00e4r ett sammansatt ord fr\u00e5n spanska &#8221;patrimonio&#8221; och &#8221;dominicano&#8221;, vilket betyder dominikanskt arv.<br \/>\nSerien best\u00e5r av fyra standardtappningar, som fermenteras, destilleras och mognas i Dominikanska republiken. Rommen produceras av Alcoholes Finos Dominicanos, som odlar sin egen sockerr\u00f6r och ser till att rommen best\u00e5r av gr\u00f6dor uteslutande fr\u00e5n Dominikanska republiken.<br \/>\nAlkoholer Finos Dominicanos \u00e4r den st\u00f6rsta producenten av alkohol i Dominikanska republiken, s\u00e5 f\u00f6retaget spelar en betydande roll i samh\u00e4llet och tillhandah\u00e5ller arbete \u00e5t hundratals lokalbefolkning.<\/p>\n","protected":false},"excerpt":{"rendered":"<p>Dominican Republic Spirit Drink<\/p>\n","protected":false},"featured_media":30752,"template":"","meta":{"_acf_changed":false,"rs_blank_template":"","rs_page_bg_color":"","slide_template_v7":""},"product_brand":[],"product_cat":[2387,4634,2391],"product_tag":[],"class_list":{"0":"post-16278","1":"product","2":"type-product","3":"status-publish","4":"has-post-thumbnail","6":"product_cat-avec-sv","7":"product_cat-premium-aged-sv","8":"product_cat-rom-sv","9":"pa_land-dominikanska-republiken","10":"pa_procent-42-sv","11":"pa_producent-1423-sv","12":"pa_volume-70-sv-2","14":"first","15":"instock","16":"sale","17":"taxable","18":"shipping-taxable","19":"purchasable","20":"product-type-simple"},"bundled_by":[],"bundle_stock_status":"instock","bundle_stock_quantity":null,"bundle_virtual":false,"bundle_layout":"","bundle_add_to_cart_form_location":"","bundle_editable_in_cart":false,"bundle_sold_individually_context":"","bundle_item_grouping":"","bundle_min_size":"","bundle_max_size":"","bundle_price":[],"bundled_items":[],"bundle_sell_ids":[],"acf":[],"_links":{"self":[{"href":"https:\/\/www.raschvin.com\/sv\/wp-json\/wp\/v2\/product\/16278","targetHints":{"allow":["GET"]}}],"collection":[{"href":"https:\/\/www.raschvin.com\/sv\/wp-json\/wp\/v2\/product"}],"about":[{"href":"https:\/\/www.raschvin.com\/sv\/wp-json\/wp\/v2\/types\/product"}],"wp:featuredmedia":[{"embeddable":true,"href":"https:\/\/www.raschvin.com\/sv\/wp-json\/wp\/v2\/media\/30752"}],"wp:attachment":[{"href":"https:\/\/www.raschvin.com\/sv\/wp-json\/wp\/v2\/media?parent=16278"}],"wp:term":[{"taxonomy":"product_brand","embeddable":true,"href":"https:\/\/www.raschvin.com\/sv\/wp-json\/wp\/v2\/product_brand?post=16278"},{"taxonomy":"product_cat","embeddable":true,"href":"https:\/\/www.raschvin.com\/sv\/wp-json\/wp\/v2\/product_cat?post=16278"},{"taxonomy":"product_tag","embeddable":true,"href":"https:\/\/www.raschvin.com\/sv\/wp-json\/wp\/v2\/product_tag?post=16278"}],"curies":[{"name":"wp","href":"https:\/\/api.w.org\/{rel}","templated":true}]}}