{"id":16275,"date":"2022-05-30T09:30:13","date_gmt":"2022-05-30T07:30:13","guid":{"rendered":"https:\/\/www.raschvin.com\/vare\/opthimus-15-years-oporto-finish\/"},"modified":"2022-11-29T16:24:05","modified_gmt":"2022-11-29T15:24:05","slug":"opthimus-15-years-oporto-finish","status":"publish","type":"product","link":"https:\/\/www.raschvin.com\/sv\/produkt\/opthimus-15-years-oporto-finish\/","title":{"rendered":"Opthimus Ron Artesanal Oporto 15 Years 70 cl. 43%"},"content":{"rendered":"<p>Ett sp\u00e4nnande Rom fr\u00e5n Oliver &#038; Oliver, baserat i Dominikanska republiken, f\u00f6rv\u00e4rvar Rom i Karibien, f\u00f6r att blanda det p\u00e5 b\u00e4sta m\u00f6jliga s\u00e4tt.<\/p>\n<p>Det \u00e4r en hemlighet som ROM som ing\u00e5r i de olika blandningarna. Det \u00e4r emellertid ingen hemlighet att en stor del av rummet kommer fr\u00e5n Kuba, d\u00e4r Oliver-familjen har sina r\u00f6tter och hade ocks\u00e5 ett romodestillery i slutet av 1700-talet. N\u00e4r de grundade f\u00f6retaget fick man k\u00f6pa cirka 100 000 liter bra kubansk Rom. Resten av Rom \u00e4r fr\u00e5n Panama, Trinidad, Colombia och Nicaragua, men en stor del kommer ocks\u00e5 fr\u00e5n sin egen \u00f6, Dominikanska republiken.<\/p>\n<p>Denna 15-\u00e5rige Rom lagras i en solera p\u00e5 amerikanska ekfat, d\u00e4r den f\u00f6rv\u00e4rvar god harmoni och stor komplexitet och sedan mognad i Fade, d\u00e4r det tidigare var portvin.<\/p>\n<p>Doft.<\/p>\n<p>S\u00f6ta, fikon, torkade frukter och kanel<\/p>\n<p>Smak<\/p>\n<p>Torka och kryddat med bra balans mellan s\u00f6tma och kryddor<\/p>\n<p>Eftersmak<\/p>\n<p>Balanserade portviner s\u00f6tma och fad-kryddor<\/p>\n<p>Kommentar<\/p>\n<p>Opthimus Port Finish Rom vann guld i kategorin &#8221;Aged Space Special Cask&#8221; p\u00e5 Miami Rum Festival 2015.<\/p>\n","protected":false},"excerpt":{"rendered":"<p>Oliver &#038; Oliver \u2013 Dominican Republic<\/p>\n","protected":false},"featured_media":30504,"template":"","meta":{"_acf_changed":false,"rs_blank_template":"","rs_page_bg_color":"","slide_template_v7":""},"product_brand":[],"product_cat":[2387,4634,2391],"product_tag":[],"class_list":{"0":"post-16275","1":"product","2":"type-product","3":"status-publish","4":"has-post-thumbnail","6":"product_cat-avec-sv","7":"product_cat-premium-aged-sv","8":"product_cat-rom-sv","9":"pa_lagring-15-sv","10":"pa_land-dominikanska-republiken","11":"pa_procent-43-sv","12":"pa_producent-oliver-oliver-sv","13":"pa_traefad-port-sv","14":"pa_volume-70-sv-2","16":"first","17":"instock","18":"sale","19":"taxable","20":"shipping-taxable","21":"purchasable","22":"product-type-simple"},"bundled_by":[],"bundle_stock_status":"instock","bundle_stock_quantity":null,"bundle_virtual":false,"bundle_layout":"","bundle_add_to_cart_form_location":"","bundle_editable_in_cart":false,"bundle_sold_individually_context":"","bundle_item_grouping":"","bundle_min_size":"","bundle_max_size":"","bundle_price":[],"bundled_items":[],"bundle_sell_ids":[],"acf":[],"_links":{"self":[{"href":"https:\/\/www.raschvin.com\/sv\/wp-json\/wp\/v2\/product\/16275","targetHints":{"allow":["GET"]}}],"collection":[{"href":"https:\/\/www.raschvin.com\/sv\/wp-json\/wp\/v2\/product"}],"about":[{"href":"https:\/\/www.raschvin.com\/sv\/wp-json\/wp\/v2\/types\/product"}],"wp:featuredmedia":[{"embeddable":true,"href":"https:\/\/www.raschvin.com\/sv\/wp-json\/wp\/v2\/media\/30504"}],"wp:attachment":[{"href":"https:\/\/www.raschvin.com\/sv\/wp-json\/wp\/v2\/media?parent=16275"}],"wp:term":[{"taxonomy":"product_brand","embeddable":true,"href":"https:\/\/www.raschvin.com\/sv\/wp-json\/wp\/v2\/product_brand?post=16275"},{"taxonomy":"product_cat","embeddable":true,"href":"https:\/\/www.raschvin.com\/sv\/wp-json\/wp\/v2\/product_cat?post=16275"},{"taxonomy":"product_tag","embeddable":true,"href":"https:\/\/www.raschvin.com\/sv\/wp-json\/wp\/v2\/product_tag?post=16275"}],"curies":[{"name":"wp","href":"https:\/\/api.w.org\/{rel}","templated":true}]}}