{"id":16274,"date":"2022-05-30T09:30:13","date_gmt":"2022-05-30T07:30:13","guid":{"rendered":"https:\/\/www.raschvin.com\/vare\/opthimus-15-years\/"},"modified":"2022-11-29T16:17:44","modified_gmt":"2022-11-29T15:17:44","slug":"opthimus-15-years","status":"publish","type":"product","link":"https:\/\/www.raschvin.com\/sv\/produkt\/opthimus-15-years\/","title":{"rendered":"Opthimus Ron Artesanal 15 Years 70 cl. 38%"},"content":{"rendered":"<p>En mycket smakfull och elegant Rom fr\u00e5n en av v\u00e4rldens stora Romproducenter Oliver &#038; Oliver som har hemma i Dominikanska republiken.<\/p>\n<p>Lagras 15 \u00e5r i en solera p\u00e5 amerikanska ekfat, d\u00e4r den f\u00f6rv\u00e4rvar en god harmoni och stor komplexitet.<\/p>\n<p>Doft.<\/p>\n<p>En s\u00f6t doft av kokosn\u00f6t, vanilj, kanel och k\u00f6rsb\u00e4r<\/p>\n<p>Smak<\/p>\n<p>Underbar smak med fin harmoni mellan kryddorna, vanilj och s\u00f6t<\/p>\n<p>Eftersmak<\/p>\n<p>Komplexiteten verkar tydlig med vaniljn, den m\u00f6rka choklad och k\u00f6rsb\u00e4r som b\u00e4r den l\u00e5nga eftersmaken<\/p>\n","protected":false},"excerpt":{"rendered":"<p>Oliver &#038; Oliver &#8211; Dominican Republic<\/p>\n","protected":false},"featured_media":3517,"template":"","meta":{"_acf_changed":false,"rs_blank_template":"","rs_page_bg_color":"","slide_template_v7":""},"product_brand":[],"product_cat":[2387,4634,2391],"product_tag":[],"class_list":{"0":"post-16274","1":"product","2":"type-product","3":"status-publish","4":"has-post-thumbnail","6":"product_cat-avec-sv","7":"product_cat-premium-aged-sv","8":"product_cat-rom-sv","9":"pa_lagring-15-sv","10":"pa_land-dominikanska-republiken","11":"pa_procent-38-sv","12":"pa_producent-oliver-oliver-sv","13":"pa_volume-70-sv-2","15":"first","16":"outofstock","17":"sale","18":"taxable","19":"shipping-taxable","20":"purchasable","21":"product-type-simple"},"bundled_by":[],"bundle_stock_status":"outofstock","bundle_stock_quantity":null,"bundle_virtual":false,"bundle_layout":"","bundle_add_to_cart_form_location":"","bundle_editable_in_cart":false,"bundle_sold_individually_context":"","bundle_item_grouping":"","bundle_min_size":"","bundle_max_size":"","bundle_price":[],"bundled_items":[],"bundle_sell_ids":[],"acf":[],"_links":{"self":[{"href":"https:\/\/www.raschvin.com\/sv\/wp-json\/wp\/v2\/product\/16274","targetHints":{"allow":["GET"]}}],"collection":[{"href":"https:\/\/www.raschvin.com\/sv\/wp-json\/wp\/v2\/product"}],"about":[{"href":"https:\/\/www.raschvin.com\/sv\/wp-json\/wp\/v2\/types\/product"}],"wp:featuredmedia":[{"embeddable":true,"href":"https:\/\/www.raschvin.com\/sv\/wp-json\/wp\/v2\/media\/3517"}],"wp:attachment":[{"href":"https:\/\/www.raschvin.com\/sv\/wp-json\/wp\/v2\/media?parent=16274"}],"wp:term":[{"taxonomy":"product_brand","embeddable":true,"href":"https:\/\/www.raschvin.com\/sv\/wp-json\/wp\/v2\/product_brand?post=16274"},{"taxonomy":"product_cat","embeddable":true,"href":"https:\/\/www.raschvin.com\/sv\/wp-json\/wp\/v2\/product_cat?post=16274"},{"taxonomy":"product_tag","embeddable":true,"href":"https:\/\/www.raschvin.com\/sv\/wp-json\/wp\/v2\/product_tag?post=16274"}],"curies":[{"name":"wp","href":"https:\/\/api.w.org\/{rel}","templated":true}]}}